{"id":743,"date":"2021-03-16T16:50:14","date_gmt":"2021-03-16T15:50:14","guid":{"rendered":"http:\/\/photographik.fr\/?page_id=743"},"modified":"2021-04-27T14:54:06","modified_gmt":"2021-04-27T12:54:06","slug":"christos-athanassiou","status":"publish","type":"page","link":"https:\/\/novigrain.eu\/fr\/christos-athanassiou\/","title":{"rendered":"Christos Athanassiou"},"content":{"rendered":"<section class=\"section\" id=\"section_522086579\">\n\t\t<div class=\"bg section-bg fill bg-fill  bg-loaded\" >\n\n\t\t\t\n\t\t\t\n\t\t\t\n\n\t\t<\/div>\n\n\t\t\n\n\t\t<div class=\"section-content relative\">\n\t\t\t\n\t<div id=\"gap-1539689856\" class=\"gap-element clearfix\" style=\"display:block; height:auto;\">\n\t\t\n<style>\n#gap-1539689856 {\n  padding-top: 40px;\n}\n<\/style>\n\t<\/div>\n\t\n<div class=\"row align-center\"  id=\"row-1310574934\">\n\n\t<div id=\"col-573080919\" class=\"col medium-4 small-10 large-4\"  >\n\t\t\t\t<div class=\"col-inner\"  >\n\t\t\t\n\t\t\t\n<h1 class=\"uppercase\"><b>Biographie\u00a0<\/b><\/h1>\n\t<div class=\"img has-hover x md-x lg-x y md-y lg-y\" id=\"image_810152718\">\n\t\t\t\t\t\t\t\t<div class=\"img-inner dark\" >\n\t\t\t<img loading=\"lazy\" decoding=\"async\" width=\"537\" height=\"550\" src=\"https:\/\/novigrain.eu\/wp-content\/uploads\/2021\/03\/Christos.jpg\" class=\"attachment-large size-large\" alt=\"\" srcset=\"https:\/\/novigrain.eu\/wp-content\/uploads\/2021\/03\/Christos.jpg 537w, https:\/\/novigrain.eu\/wp-content\/uploads\/2021\/03\/Christos-293x300.jpg 293w\" sizes=\"auto, (max-width: 537px) 100vw, 537px\" \/>\t\t\t\t\t\t\n\t\t\t\t\t<\/div>\n\t\t\t\t\t\t\t\t\n<style>\n#image_810152718 {\n  width: 100%;\n}\n<\/style>\n\t<\/div>\n\t\n<a rel=\"noopener noreferrer\" href=\"mailto:athanassiou@uth.gr\" target=\"_blank\" class=\"button primary is-link\"  >\n    <span>Prendre contact<\/span>\n  <i class=\"icon-angle-right\" ><\/i><\/a>\n\n\t\t<\/div>\n\t\t\t\t\t<\/div>\n\n\t\n\n\t<div id=\"col-934320712\" class=\"col medium-8 small-10 large-8\"  >\n\t\t\t\t<div class=\"col-inner\"  >\n\t\t\t\n\t\t\t\n<p class=\"translation-block\">Christos Athanassiou est professeur d'entomologie \u00e0 l'Universit\u00e9 de Thessalie, en Gr\u00e8ce, depuis 2010. De plus, entre 2007 et 2010, il a \u00e9t\u00e9 entomologiste de recherche au Centre de recherche sur les c\u00e9r\u00e9ales et la sant\u00e9 animale du minist\u00e8re de l'Agriculture des \u00c9tats-Unis, \u00e0 Manhattan KS. Il a obtenu son doctorat de l'Universit\u00e9 agricole d'Ath\u00e8nes, en Gr\u00e8ce (entomologie), en 1999. Depuis lors, il a travaill\u00e9 dans diff\u00e9rents instituts de recherche aux \u00c9tats-Unis et en Europe. Ses recherches portent sur la biologie et la d\u00e9tection des insectes, ainsi que sur les strat\u00e9gies de mise en \u0153uvre de la lutte chimique et non chimique dans les programmes de gestion des ravageurs des champs, des produits stock\u00e9s et des for\u00eats.<\/p>\n<p>Le professeur Athanassiou a publi\u00e9 plus de 300 articles scientifiques dans des revues \u00e0 comit\u00e9 de lecture et a particip\u00e9 au d\u00e9veloppement de plusieurs produits qui sont maintenant disponibles dans le commerce. Il est r\u00e9dacteur en chef du Journal of Stored Products Research (Elsevier), r\u00e9dacteur en chef du Journal of Insect Science (ESA) et du Journal of Pest Science (Springer), et r\u00e9dacteur associ\u00e9\/membre du comit\u00e9 de r\u00e9daction du Journal of Plant Diseases and Protection, Frontiers in Ecology and Evolution, Insects et International Journal of Pest Management. En outre, depuis 2019, il est r\u00e9dacteur en chef par int\u00e9rim du Journal of Insect Science.<\/p>\n<p>Entre 2007 et 2013, le professeur Athanassiou a \u00e9t\u00e9 l'animateur du groupe de travail \"Protection int\u00e9gr\u00e9e des produits stock\u00e9s\" de l'Organisation internationale de lutte biologique (OILB\/WPRS), et a \u00e9t\u00e9 membre de panels pour diff\u00e9rentes organisations, telles que l'USDA, USAID, l'UE\/CE, l'ECPA, etc. Il est coordonnateur, chercheur principal, cochercheur principal, collaborateur, etc. dans le cadre de financements d\u00e9passant 7,5 millions d'euros, financ\u00e9s par diff\u00e9rentes sources (Horizon 2020, LIFE, ERANET, NIFA, etc.), des organisations internationales (AIEA, USDA-ARS, USDA-APHIS, ECPA, EFSA, US Forest Service International Programs, etc. ) et de l'industrie (BASF, Syngenta, DOW\/DAS, Bayer, DuPont, etc.). Il a re\u00e7u des prix de diff\u00e9rentes organisations, telles que la Fondation Fulbright, l'Organisation de coop\u00e9ration et de d\u00e9veloppement \u00e9conomiques (OCDE), l'Institut pour l'\u00e9ducation internationale (IIE\/OLF), etc.<\/p>\n\t\t<\/div>\n\t\t\t\t\t<\/div>\n\n\t\n<\/div>\n\t\t<\/div>\n\n\t\t\n<style>\n#section_522086579 {\n  padding-top: 30px;\n  padding-bottom: 30px;\n}\n#section_522086579 .ux-shape-divider--top svg {\n  height: 150px;\n  --divider-top-width: 100%;\n}\n#section_522086579 .ux-shape-divider--bottom svg {\n  height: 150px;\n  --divider-width: 100%;\n}\n<\/style>\n\t<\/section>\n\t\n<div class=\"row\"  id=\"row-74447578\">\n\n\n\t<div id=\"col-1735228599\" class=\"col medium-4 small-12 large-4\"  >\n\t\t\t\t<div class=\"col-inner\"  >\n\t\t\t\n\t\t\t\n\n\t<div class=\"img has-hover x md-x lg-x y md-y lg-y\" id=\"image_545692568\">\n\t\t<a class=\"\" href=\"\/fr\/maxiline-belgium\/\"  >\t\t\t\t\t\t<div class=\"img-inner dark\" >\n\t\t\t<img loading=\"lazy\" decoding=\"async\" width=\"300\" height=\"150\" src=\"https:\/\/novigrain.eu\/wp-content\/uploads\/2021\/03\/maxiline-.png\" class=\"attachment-large size-large\" alt=\"Maxiline is part of the novIGRain team : European Union\u2019s 2020 research and innovation programme\" \/>\t\t\t\t\t\t\n\t\t\t\t\t<\/div>\n\t\t\t\t\t\t<\/a>\t\t\n<style>\n#image_545692568 {\n  width: 100%;\n}\n<\/style>\n\t<\/div>\n\t\n\n<p style=\"text-align: center;\"><span style=\"font-weight: 400;\">Coordinateur du projet.<\/span><\/p>\n\n\t\t<\/div>\n\t\t\t\t\t<\/div>\n\n\t\n\n\t<div id=\"col-407646053\" class=\"col medium-4 small-12 large-4\"  >\n\t\t\t\t<div class=\"col-inner\"  >\n\t\t\t\n\t\t\t\n\n\t<div class=\"img has-hover x md-x lg-x y md-y lg-y\" id=\"image_1510869877\">\n\t\t<a class=\"\" href=\"\/fr\/babolnabio\/\"  >\t\t\t\t\t\t<div class=\"img-inner dark\" >\n\t\t\t<img loading=\"lazy\" decoding=\"async\" width=\"300\" height=\"150\" src=\"https:\/\/novigrain.eu\/wp-content\/uploads\/2021\/03\/babolna-.png\" class=\"attachment-large size-large\" alt=\"Babolna Bio novIGRAin : European Union\u2019s 2020 research and innovation programme\" \/>\t\t\t\t\t\t\n\t\t\t\t\t<\/div>\n\t\t\t\t\t\t<\/a>\t\t\n<style>\n#image_1510869877 {\n  width: 100%;\n}\n<\/style>\n\t<\/div>\n\t\n\n<p style=\"text-align: center;\"><span style=\"font-weight: 400;\">En charge du d\u00e9veloppement du nouveau produit ULV-larvicide.<\/span><\/p>\n\n\t\t<\/div>\n\t\t\t\t\t<\/div>\n\n\t\n\n\t<div id=\"col-237592109\" class=\"col medium-4 small-12 large-4\"  >\n\t\t\t\t<div class=\"col-inner\"  >\n\t\t\t\n\t\t\t\n\n\t<div class=\"img has-hover x md-x lg-x y md-y lg-y\" id=\"image_2319421\">\n\t\t<a class=\"\" href=\"\/fr\/sojam-france\/\"  >\t\t\t\t\t\t<div class=\"img-inner dark\" >\n\t\t\t<img loading=\"lazy\" decoding=\"async\" width=\"300\" height=\"150\" src=\"https:\/\/novigrain.eu\/wp-content\/uploads\/2021\/03\/sojam-.png\" class=\"attachment-large size-large\" alt=\"Sojam novIGRAin : European Union\u2019s 2020 research and innovation programme\" \/>\t\t\t\t\t\t\n\t\t\t\t\t<\/div>\n\t\t\t\t\t\t<\/a>\t\t\n<style>\n#image_2319421 {\n  width: 100%;\n}\n<\/style>\n\t<\/div>\n\t\n\n<p style=\"text-align: center;\"><span style=\"font-weight: 400;\">En charge du d\u00e9veloppement de la nouvelle technologie d'application.<\/span><\/p>\n\n\t\t<\/div>\n\t\t\t\t\t<\/div>\n\n\t\n\n\t<div id=\"col-1051450267\" class=\"col medium-4 small-12 large-4\"  >\n\t\t\t\t<div class=\"col-inner\"  >\n\t\t\t\n\t\t\t\n\n\t<div class=\"img has-hover x md-x lg-x y md-y lg-y\" id=\"image_1635086976\">\n\t\t<a class=\"\" href=\"\/fr\/cri-czech-republic\/\"  >\t\t<div data-parallax-fade=\"true\" data-parallax=\"3\">\t\t\t\t<div class=\"img-inner dark\" >\n\t\t\t<img loading=\"lazy\" decoding=\"async\" width=\"300\" height=\"150\" src=\"https:\/\/novigrain.eu\/wp-content\/uploads\/2021\/03\/vurv-.png\" class=\"attachment-large size-large\" alt=\"\" \/>\t\t\t\t\t\t\n\t\t\t\t\t<\/div>\n\t\t\t\t<\/div>\t\t<\/a>\t\t\n<style>\n#image_1635086976 {\n  width: 100%;\n}\n<\/style>\n\t<\/div>\n\t\n\n<p style=\"text-align: center;\"><span style=\"font-weight: 400;\">En charge de l'\u00e9valuation de la r\u00e9sistance des insectes dans la gestion du stockage des c\u00e9r\u00e9ales. <\/span><\/p>\n\n\t\t<\/div>\n\t\t\t\t\t<\/div>\n\n\t\n\n\t<div id=\"col-1497474453\" class=\"col medium-4 small-12 large-4\"  >\n\t\t\t\t<div class=\"col-inner\"  >\n\t\t\t\n\t\t\t\n\n\t<div class=\"img has-hover x md-x lg-x y md-y lg-y\" id=\"image_309869815\">\n\t\t<a class=\"\" href=\"\/fr\/united-experts-belgium\/\"  >\t\t\t\t\t\t<div class=\"img-inner dark\" style=\"margin:0px 0px 50px 0px;\">\n\t\t\t<img loading=\"lazy\" decoding=\"async\" width=\"1020\" height=\"422\" src=\"https:\/\/novigrain.eu\/wp-content\/uploads\/2024\/04\/UEG-Logo-Full-RGB-Pos.png\" class=\"attachment-large size-large\" alt=\"\" \/>\t\t\t\t\t\t\n\t\t\t\t\t<\/div>\n\t\t\t\t\t\t<\/a>\t\t\n<style>\n#image_309869815 {\n  width: 100%;\n}\n<\/style>\n\t<\/div>\n\t\n\n<p style=\"text-align: center;\"><span style=\"font-weight: 400;\">En charge de l'\u00e9valuation de l'impact global (l'impact \u00e9conomique et social).<\/span><\/p>\n\n\t\t<\/div>\n\t\t\t\t\t<\/div>\n\n\t\n\n\t<div id=\"col-1751584209\" class=\"col medium-4 small-12 large-4\"  >\n\t\t\t\t<div class=\"col-inner\"  >\n\t\t\t\n\t\t\t\n\n\t<div class=\"img has-hover x md-x lg-x y md-y lg-y\" id=\"image_1649674839\">\n\t\t<a class=\"\" href=\"\/fr\/toxi-coop-2\/\"  >\t\t\t\t\t\t<div class=\"img-inner dark\" >\n\t\t\t<img loading=\"lazy\" decoding=\"async\" width=\"300\" height=\"150\" src=\"https:\/\/novigrain.eu\/wp-content\/uploads\/2021\/03\/toxi-coop-.png\" class=\"attachment-large size-large\" alt=\"\" \/>\t\t\t\t\t\t\n\t\t\t\t\t<\/div>\n\t\t\t\t\t\t<\/a>\t\t\n<style>\n#image_1649674839 {\n  width: 100%;\n}\n<\/style>\n\t<\/div>\n\t\n\n<p style=\"text-align: center;\"><span style=\"font-weight: 400;\">En charge de la validation des produits (toxicologie et \u00e9cotoxicologie). <\/span><\/p>\n\n\t\t<\/div>\n\t\t\t\t\t<\/div>\n\n\t\n\n\t<div id=\"col-756355623\" class=\"col medium-4 small-12 large-4\"  >\n\t\t\t\t<div class=\"col-inner\"  >\n\t\t\t\n\t\t\t\n\n\t<div class=\"img has-hover x md-x lg-x y md-y lg-y\" id=\"image_1071889735\">\n\t\t<a class=\"\" href=\"\/fr\/linge-agroconsultancy-2\/\"  >\t\t\t\t\t\t<div class=\"img-inner dark\" >\n\t\t\t<img loading=\"lazy\" decoding=\"async\" width=\"301\" height=\"151\" src=\"https:\/\/novigrain.eu\/wp-content\/uploads\/2022\/08\/Linge-Agroconsultancy.png\" class=\"attachment-large size-large\" alt=\"\" \/>\t\t\t\t\t\t\n\t\t\t\t\t<\/div>\n\t\t\t\t\t\t<\/a>\t\t\n<style>\n#image_1071889735 {\n  width: 100%;\n}\n<\/style>\n\t<\/div>\n\t\n\n<p style=\"text-align: center;\"><span style=\"font-weight: 400;\">\u00a0En charge de l'accompagnement des essais et de la validation du produit ULV-larvicide.<\/span><\/p>\n\n\t\t<\/div>\n\t\t\t\t\t<\/div>\n\n\t\n\n\t<div id=\"col-1369483271\" class=\"col medium-4 small-12 large-4\"  >\n\t\t\t\t<div class=\"col-inner\"  >\n\t\t\t\n\t\t\t\n\n\t<div class=\"img has-hover x md-x lg-x y md-y lg-y\" id=\"image_1775836377\">\n\t\t<a class=\"\" href=\"\/fr\/ilvo-2\/\"  >\t\t\t\t\t\t<div class=\"img-inner dark\" >\n\t\t\t<img loading=\"lazy\" decoding=\"async\" width=\"300\" height=\"150\" src=\"https:\/\/novigrain.eu\/wp-content\/uploads\/2021\/03\/ilvo-.png\" class=\"attachment-large size-large\" alt=\"\" \/>\t\t\t\t\t\t\n\t\t\t\t\t<\/div>\n\t\t\t\t\t\t<\/a>\t\t\n<style>\n#image_1775836377 {\n  width: 100%;\n}\n<\/style>\n\t<\/div>\n\t\n\n<p style=\"text-align: center;\"><span style=\"font-weight: 400;\">En charge de l'analyse du cycle de vie (ACV) \u00e9cologique. <\/span><\/p>\n\n\t\t<\/div>\n\t\t\t\t\t<\/div>\n\n\t\n\n\t<div id=\"col-437234715\" class=\"col medium-4 small-12 large-4\"  >\n\t\t\t\t<div class=\"col-inner\"  >\n\t\t\t\n\t\t\t\n\n\t<div class=\"img has-hover x md-x lg-x y md-y lg-y\" id=\"image_303262169\">\n\t\t<a class=\"\" href=\"\/fr\/ubm-2\/\"  >\t\t\t\t\t\t<div class=\"img-inner dark\" >\n\t\t\t<img loading=\"lazy\" decoding=\"async\" width=\"300\" height=\"150\" src=\"https:\/\/novigrain.eu\/wp-content\/uploads\/2021\/03\/ubm-.png\" class=\"attachment-large size-large\" alt=\"\" \/>\t\t\t\t\t\t\n\t\t\t\t\t<\/div>\n\t\t\t\t\t\t<\/a>\t\t\n<style>\n#image_303262169 {\n  width: 100%;\n}\n<\/style>\n\t<\/div>\n\t\n\n<p style=\"text-align: center;\"><span style=\"font-weight: 400;\">En charge du soutien au d\u00e9veloppement du produit et de la technologie. <\/span><\/p>\n\n\t\t<\/div>\n\t\t\t\t\t<\/div>\n\n\t\n\n<\/div>\n\t<section class=\"section dark\" id=\"section_312830743\">\n\t\t<div class=\"bg section-bg fill bg-fill  bg-loaded\" >\n\n\t\t\t\n\t\t\t\n\t\t\t\n\n\t\t<\/div>\n\n\t\t\n\n\t\t<div class=\"section-content relative\">\n\t\t\t\n\n<h1 style=\"text-align: center;\"><span style=\"font-size: 130%;\">Experts Internationaux<\/span><\/h1>\n<div class=\"text-center\"><div class=\"is-divider divider clearfix\" style=\"max-width:145px;\"><\/div><\/div>\n\n\t<div id=\"gap-1041318739\" class=\"gap-element clearfix\" style=\"display:block; height:auto;\">\n\t\t\n<style>\n#gap-1041318739 {\n  padding-top: 30px;\n}\n<\/style>\n\t<\/div>\n\t\n\n<div class=\"row align-center\"  id=\"row-131429271\">\n\n\n\t<div id=\"col-1527883631\" class=\"col medium-4 small-9 large-4\"  >\n\t\t\t\t<div class=\"col-inner\"  >\n\t\t\t\n\t\t\t\n\n    <div class=\"box has-hover has-hover box-text-bottom\" >\n\n         <a href=\"\/fr\/manoj-mayak\/\"  >         <div class=\"box-image\" style=\"width:50%;\">\n           <div class=\"box-image-inner image-cover\" style=\"border-radius:100%;padding-top:100%;\">\n              <img loading=\"lazy\" decoding=\"async\" width=\"1080\" height=\"1080\" src=\"https:\/\/novigrain.eu\/wp-content\/uploads\/2021\/03\/Photo-Manoj-Nayak-for-JSPR.jpg\" class=\"attachment- size-\" alt=\"\" srcset=\"https:\/\/novigrain.eu\/wp-content\/uploads\/2021\/03\/Photo-Manoj-Nayak-for-JSPR.jpg 1080w, https:\/\/novigrain.eu\/wp-content\/uploads\/2021\/03\/Photo-Manoj-Nayak-for-JSPR-300x300.jpg 300w, https:\/\/novigrain.eu\/wp-content\/uploads\/2021\/03\/Photo-Manoj-Nayak-for-JSPR-1024x1024.jpg 1024w, https:\/\/novigrain.eu\/wp-content\/uploads\/2021\/03\/Photo-Manoj-Nayak-for-JSPR-150x150.jpg 150w, https:\/\/novigrain.eu\/wp-content\/uploads\/2021\/03\/Photo-Manoj-Nayak-for-JSPR-768x768.jpg 768w, https:\/\/novigrain.eu\/wp-content\/uploads\/2021\/03\/Photo-Manoj-Nayak-for-JSPR-600x600.jpg 600w, https:\/\/novigrain.eu\/wp-content\/uploads\/2021\/03\/Photo-Manoj-Nayak-for-JSPR-100x100.jpg 100w\" sizes=\"auto, (max-width: 1080px) 100vw, 1080px\" \/>                         <\/div>\n          <\/div>\n         <\/a>\n          <div class=\"box-text text-center\" >\n                <div class=\"box-text-inner\">\n                  <h4 class=\"uppercase\">\n                    <span class=\"person-name\">Dr Manoj Nayak<\/span><br\/>\n                    <span class=\"person-title is-small thin-font op-7\">\n                                          <\/span>\n                  <\/h4>\n                                  \n\n<p>Le Dr Manoj Nayak est un principal entomologiste de recherche et le chef de l'\u00e9quipe de protection des c\u00e9r\u00e9ales apr\u00e8s r\u00e9colte du minist\u00e8re de l'Agriculture et de la P\u00eache, \u00e0 Brisbane, Queensland, Australie.<\/p>\n\n                <\/div>\n          <\/div>\n    <\/div>\n\n    \n    \n\n\t\t<\/div>\n\t\t\t\t\t<\/div>\n\n\t\n\n\t<div id=\"col-968920070\" class=\"col medium-4 small-9 large-4\"  >\n\t\t\t\t<div class=\"col-inner\"  >\n\t\t\t\n\t\t\t\n\n    <div class=\"box has-hover has-hover box-text-bottom\" >\n\n         <a href=\"\/fr\/christos-athanassiou\/\"  >         <div class=\"box-image\" style=\"width:50%;\">\n           <div class=\"box-image-inner image-cover\" style=\"border-radius:100%;padding-top:100%;\">\n              <img loading=\"lazy\" decoding=\"async\" width=\"537\" height=\"550\" src=\"https:\/\/novigrain.eu\/wp-content\/uploads\/2021\/03\/Christos.jpg\" class=\"attachment- size-\" alt=\"\" srcset=\"https:\/\/novigrain.eu\/wp-content\/uploads\/2021\/03\/Christos.jpg 537w, https:\/\/novigrain.eu\/wp-content\/uploads\/2021\/03\/Christos-293x300.jpg 293w\" sizes=\"auto, (max-width: 537px) 100vw, 537px\" \/>                         <\/div>\n          <\/div>\n         <\/a>\n          <div class=\"box-text text-center\" >\n                <div class=\"box-text-inner\">\n                  <h4 class=\"uppercase\">\n                    <span class=\"person-name\">Christos Athanassiou<\/span><br\/>\n                    <span class=\"person-title is-small thin-font op-7\">\n                                          <\/span>\n                  <\/h4>\n                                  \n\n<p>Christos Athanassiou est professeur d'entomologie \u00e0 l'Universit\u00e9 de Thessalie, en Gr\u00e8ce, depuis 2010.<\/p>\n\n                <\/div>\n          <\/div>\n    <\/div>\n\n    \n    \n\n\t\t<\/div>\n\t\t\t\t\t<\/div>\n\n\t\n\n\t<div id=\"col-826828761\" class=\"col medium-4 small-9 large-4\"  >\n\t\t\t\t<div class=\"col-inner\"  >\n\t\t\t\n\t\t\t\n\n    <div class=\"box has-hover has-hover box-text-bottom\" >\n\n         <a href=\"\/fr\/emanuele-mazzoni\/\"  >         <div class=\"box-image\" style=\"width:50%;\">\n           <div class=\"box-image-inner image-cover\" style=\"border-radius:100%;padding-top:100%;\">\n              <img loading=\"lazy\" decoding=\"async\" width=\"501\" height=\"775\" src=\"https:\/\/novigrain.eu\/wp-content\/uploads\/2021\/03\/Phtoto-Emanuele_Mazzoni-foto-per-novIGRain-2021.jpg\" class=\"attachment- size-\" alt=\"\" srcset=\"https:\/\/novigrain.eu\/wp-content\/uploads\/2021\/03\/Phtoto-Emanuele_Mazzoni-foto-per-novIGRain-2021.jpg 501w, https:\/\/novigrain.eu\/wp-content\/uploads\/2021\/03\/Phtoto-Emanuele_Mazzoni-foto-per-novIGRain-2021-194x300.jpg 194w\" sizes=\"auto, (max-width: 501px) 100vw, 501px\" \/>                         <\/div>\n          <\/div>\n         <\/a>\n          <div class=\"box-text text-center\" >\n                <div class=\"box-text-inner\">\n                  <h4 class=\"uppercase\">\n                    <span class=\"person-name\">emanuele mazzoni<\/span><br\/>\n                    <span class=\"person-title is-small thin-font op-7\">\n                                          <\/span>\n                  <\/h4>\n                                  \n\n<p><span style=\"font-weight: 400;\">Emanuele Mazzoni est professeur associ\u00e9 en entomologie g\u00e9n\u00e9rale et appliqu\u00e9e (SSD AGR\/11) \u00e0 la Facult\u00e9 des sciences de l'agriculture, de l'alimentation et de l'environnement de l'Universit\u00e0 Cattolica del Sacro Cuore.<\/span><\/p>\n\n                <\/div>\n          <\/div>\n    <\/div>\n\n    \n    \n\n\t\t<\/div>\n\t\t\t\t\t<\/div>\n\n\t\n\n<\/div>\n\n\t\t<\/div>\n\n\t\t\n<style>\n#section_312830743 {\n  padding-top: 30px;\n  padding-bottom: 30px;\n  background-color: rgb(32, 103, 50);\n}\n#section_312830743 .ux-shape-divider--top svg {\n  height: 150px;\n  --divider-top-width: 100%;\n}\n#section_312830743 .ux-shape-divider--bottom svg {\n  height: 150px;\n  --divider-width: 100%;\n}\n<\/style>\n\t<\/section>","protected":false},"excerpt":{"rendered":"","protected":false},"author":1,"featured_media":0,"parent":0,"menu_order":0,"comment_status":"closed","ping_status":"closed","template":"","meta":{"footnotes":""},"class_list":["post-743","page","type-page","status-publish","hentry"],"yoast_head":"<!-- This site is optimized with the Yoast SEO plugin v27.4 - https:\/\/yoast.com\/product\/yoast-seo-wordpress\/ -->\n<title>Christos Athanassiou: International Expert of novIGRain H2020 project<\/title>\n<meta name=\"description\" content=\"Christos Athanassiou is part of the team for a Sustainable storage of grains by implementing a novel protectant and a versatile application technology\" \/>\n<meta name=\"robots\" content=\"index, follow, max-snippet:-1, max-image-preview:large, max-video-preview:-1\" \/>\n<link rel=\"canonical\" href=\"https:\/\/novigrain.eu\/fr\/christos-athanassiou\/\" \/>\n<meta property=\"og:locale\" content=\"fr_FR\" \/>\n<meta property=\"og:type\" content=\"article\" \/>\n<meta property=\"og:title\" content=\"Christos Athanassiou: International Expert of novIGRain H2020 project\" \/>\n<meta property=\"og:description\" content=\"Christos Athanassiou is part of the team for a Sustainable storage of grains by implementing a novel protectant and a versatile application technology\" \/>\n<meta property=\"og:url\" content=\"https:\/\/novigrain.eu\/fr\/christos-athanassiou\/\" \/>\n<meta property=\"og:site_name\" content=\"novIGRain\" \/>\n<meta property=\"article:modified_time\" content=\"2021-04-27T12:54:06+00:00\" \/>\n<meta name=\"twitter:card\" content=\"summary_large_image\" \/>\n<meta name=\"twitter:label1\" content=\"Dur\u00e9e de lecture estim\u00e9e\" \/>\n\t<meta name=\"twitter:data1\" content=\"2 minutes\" \/>\n<script type=\"application\/ld+json\" class=\"yoast-schema-graph\">{\"@context\":\"https:\\\/\\\/schema.org\",\"@graph\":[{\"@type\":\"WebPage\",\"@id\":\"https:\\\/\\\/novigrain.eu\\\/christos-athanassiou\\\/\",\"url\":\"https:\\\/\\\/novigrain.eu\\\/christos-athanassiou\\\/\",\"name\":\"Christos Athanassiou: International Expert of novIGRain H2020 project\",\"isPartOf\":{\"@id\":\"https:\\\/\\\/novigrain.eu\\\/#website\"},\"datePublished\":\"2021-03-16T15:50:14+00:00\",\"dateModified\":\"2021-04-27T12:54:06+00:00\",\"description\":\"Christos Athanassiou is part of the team for a Sustainable storage of grains by implementing a novel protectant and a versatile application technology\",\"breadcrumb\":{\"@id\":\"https:\\\/\\\/novigrain.eu\\\/christos-athanassiou\\\/#breadcrumb\"},\"inLanguage\":\"fr-FR\",\"potentialAction\":[{\"@type\":\"ReadAction\",\"target\":[\"https:\\\/\\\/novigrain.eu\\\/christos-athanassiou\\\/\"]}]},{\"@type\":\"BreadcrumbList\",\"@id\":\"https:\\\/\\\/novigrain.eu\\\/christos-athanassiou\\\/#breadcrumb\",\"itemListElement\":[{\"@type\":\"ListItem\",\"position\":1,\"name\":\"Accueil\",\"item\":\"https:\\\/\\\/novigrain.eu\\\/\"},{\"@type\":\"ListItem\",\"position\":2,\"name\":\"Christos Athanassiou\"}]},{\"@type\":\"WebSite\",\"@id\":\"https:\\\/\\\/novigrain.eu\\\/#website\",\"url\":\"https:\\\/\\\/novigrain.eu\\\/\",\"name\":\"novIGRain\",\"description\":\"Sustainable storage of grains\",\"potentialAction\":[{\"@type\":\"SearchAction\",\"target\":{\"@type\":\"EntryPoint\",\"urlTemplate\":\"https:\\\/\\\/novigrain.eu\\\/?s={search_term_string}\"},\"query-input\":{\"@type\":\"PropertyValueSpecification\",\"valueRequired\":true,\"valueName\":\"search_term_string\"}}],\"inLanguage\":\"fr-FR\"}]}<\/script>\n<!-- \/ Yoast SEO plugin. -->","yoast_head_json":{"title":"Christos Athanassiou: International Expert of novIGRain H2020 project","description":"Christos Athanassiou is part of the team for a Sustainable storage of grains by implementing a novel protectant and a versatile application technology","robots":{"index":"index","follow":"follow","max-snippet":"max-snippet:-1","max-image-preview":"max-image-preview:large","max-video-preview":"max-video-preview:-1"},"canonical":"https:\/\/novigrain.eu\/fr\/christos-athanassiou\/","og_locale":"fr_FR","og_type":"article","og_title":"Christos Athanassiou: International Expert of novIGRain H2020 project","og_description":"Christos Athanassiou is part of the team for a Sustainable storage of grains by implementing a novel protectant and a versatile application technology","og_url":"https:\/\/novigrain.eu\/fr\/christos-athanassiou\/","og_site_name":"novIGRain","article_modified_time":"2021-04-27T12:54:06+00:00","twitter_card":"summary_large_image","twitter_misc":{"Dur\u00e9e de lecture estim\u00e9e":"2 minutes"},"schema":{"@context":"https:\/\/schema.org","@graph":[{"@type":"WebPage","@id":"https:\/\/novigrain.eu\/christos-athanassiou\/","url":"https:\/\/novigrain.eu\/christos-athanassiou\/","name":"Christos Athanassiou: International Expert of novIGRain H2020 project","isPartOf":{"@id":"https:\/\/novigrain.eu\/#website"},"datePublished":"2021-03-16T15:50:14+00:00","dateModified":"2021-04-27T12:54:06+00:00","description":"Christos Athanassiou is part of the team for a Sustainable storage of grains by implementing a novel protectant and a versatile application technology","breadcrumb":{"@id":"https:\/\/novigrain.eu\/christos-athanassiou\/#breadcrumb"},"inLanguage":"fr-FR","potentialAction":[{"@type":"ReadAction","target":["https:\/\/novigrain.eu\/christos-athanassiou\/"]}]},{"@type":"BreadcrumbList","@id":"https:\/\/novigrain.eu\/christos-athanassiou\/#breadcrumb","itemListElement":[{"@type":"ListItem","position":1,"name":"Accueil","item":"https:\/\/novigrain.eu\/"},{"@type":"ListItem","position":2,"name":"Christos Athanassiou"}]},{"@type":"WebSite","@id":"https:\/\/novigrain.eu\/#website","url":"https:\/\/novigrain.eu\/","name":"novIGRain","description":"Sustainable storage of grains","potentialAction":[{"@type":"SearchAction","target":{"@type":"EntryPoint","urlTemplate":"https:\/\/novigrain.eu\/?s={search_term_string}"},"query-input":{"@type":"PropertyValueSpecification","valueRequired":true,"valueName":"search_term_string"}}],"inLanguage":"fr-FR"}]}},"_links":{"self":[{"href":"https:\/\/novigrain.eu\/fr\/wp-json\/wp\/v2\/pages\/743","targetHints":{"allow":["GET"]}}],"collection":[{"href":"https:\/\/novigrain.eu\/fr\/wp-json\/wp\/v2\/pages"}],"about":[{"href":"https:\/\/novigrain.eu\/fr\/wp-json\/wp\/v2\/types\/page"}],"author":[{"embeddable":true,"href":"https:\/\/novigrain.eu\/fr\/wp-json\/wp\/v2\/users\/1"}],"replies":[{"embeddable":true,"href":"https:\/\/novigrain.eu\/fr\/wp-json\/wp\/v2\/comments?post=743"}],"version-history":[{"count":7,"href":"https:\/\/novigrain.eu\/fr\/wp-json\/wp\/v2\/pages\/743\/revisions"}],"predecessor-version":[{"id":1059,"href":"https:\/\/novigrain.eu\/fr\/wp-json\/wp\/v2\/pages\/743\/revisions\/1059"}],"wp:attachment":[{"href":"https:\/\/novigrain.eu\/fr\/wp-json\/wp\/v2\/media?parent=743"}],"curies":[{"name":"wp","href":"https:\/\/api.w.org\/{rel}","templated":true}]}}