{"id":732,"date":"2021-03-16T16:39:52","date_gmt":"2021-03-16T15:39:52","guid":{"rendered":"http:\/\/photographik.fr\/?page_id=732"},"modified":"2021-04-27T14:52:00","modified_gmt":"2021-04-27T12:52:00","slug":"manoj-mayak","status":"publish","type":"page","link":"https:\/\/novigrain.eu\/fr\/manoj-mayak\/","title":{"rendered":"Manoj Mayak"},"content":{"rendered":"<section class=\"section\" id=\"section_1872023898\">\n\t\t<div class=\"bg section-bg fill bg-fill  bg-loaded\" >\n\n\t\t\t\n\t\t\t\n\t\t\t\n\n\t\t<\/div>\n\n\t\t\n\n\t\t<div class=\"section-content relative\">\n\t\t\t\n\t<div id=\"gap-1960693476\" class=\"gap-element clearfix\" style=\"display:block; height:auto;\">\n\t\t\n<style>\n#gap-1960693476 {\n  padding-top: 40px;\n}\n<\/style>\n\t<\/div>\n\t\n<div class=\"row align-center\"  id=\"row-1103764875\">\n\n\t<div id=\"col-654166808\" class=\"col medium-4 small-10 large-4\"  >\n\t\t\t\t<div class=\"col-inner\"  >\n\t\t\t\n\t\t\t\n<h1 class=\"uppercase\"><b>Biographie\u00a0<\/b><\/h1>\n\t<div class=\"img has-hover x md-x lg-x y md-y lg-y\" id=\"image_1033333856\">\n\t\t\t\t\t\t\t\t<div class=\"img-inner dark\" >\n\t\t\t<img loading=\"lazy\" decoding=\"async\" width=\"1020\" height=\"1020\" src=\"https:\/\/novigrain.eu\/wp-content\/uploads\/2021\/03\/Photo-Manoj-Nayak-for-JSPR-1024x1024.jpg\" class=\"attachment-large size-large\" alt=\"\" srcset=\"https:\/\/novigrain.eu\/wp-content\/uploads\/2021\/03\/Photo-Manoj-Nayak-for-JSPR-1024x1024.jpg 1024w, https:\/\/novigrain.eu\/wp-content\/uploads\/2021\/03\/Photo-Manoj-Nayak-for-JSPR-300x300.jpg 300w, https:\/\/novigrain.eu\/wp-content\/uploads\/2021\/03\/Photo-Manoj-Nayak-for-JSPR-150x150.jpg 150w, https:\/\/novigrain.eu\/wp-content\/uploads\/2021\/03\/Photo-Manoj-Nayak-for-JSPR-768x768.jpg 768w, https:\/\/novigrain.eu\/wp-content\/uploads\/2021\/03\/Photo-Manoj-Nayak-for-JSPR-600x600.jpg 600w, https:\/\/novigrain.eu\/wp-content\/uploads\/2021\/03\/Photo-Manoj-Nayak-for-JSPR-100x100.jpg 100w, https:\/\/novigrain.eu\/wp-content\/uploads\/2021\/03\/Photo-Manoj-Nayak-for-JSPR.jpg 1080w\" sizes=\"auto, (max-width: 1020px) 100vw, 1020px\" \/>\t\t\t\t\t\t\n\t\t\t\t\t<\/div>\n\t\t\t\t\t\t\t\t\n<style>\n#image_1033333856 {\n  width: 100%;\n}\n<\/style>\n\t<\/div>\n\t\n<a href=\"mailto:Manoj.Nayak@daf.qld.gov.au\" target=\"_self\" class=\"button primary is-link\"  >\n    <span>Prendre contact<\/span>\n  <i class=\"icon-angle-right\" ><\/i><\/a>\n\n\t\t<\/div>\n\t\t\t\t\t<\/div>\n\n\t\n\n\t<div id=\"col-1657643800\" class=\"col medium-8 small-10 large-8\"  >\n\t\t\t\t<div class=\"col-inner\"  >\n\t\t\t\n\t\t\t\n<p>Le Dr Manoj Nayak est un entomologiste de recherche principal et le chef de l'\u00e9quipe de protection des grains apr\u00e8s r\u00e9colte du minist\u00e8re de l'Agriculture et de la P\u00eache, \u00e0 Brisbane, Queensland, Australie. Avec plus de 25 ans d'exp\u00e9rience dans le domaine de la bios\u00e9curit\u00e9 des grains apr\u00e8s r\u00e9colte, Manoj s'int\u00e9resse principalement au d\u00e9veloppement de produits de protection des grains, \u00e0 l'efficacit\u00e9 de la phosphine, au d\u00e9veloppement de fumigants alternatifs tels que le fluorure de sulfuryle, \u00e0 la gestion de la r\u00e9sistance et au d\u00e9veloppement de la lutte int\u00e9gr\u00e9e contre les parasites dans les grains stock\u00e9s et les aliments transform\u00e9s. Outre sa participation \u00e0 plusieurs projets de la Grains Research and Development Corporation et \u00e0 un projet de l'ACIAR en tant que chercheur principal, Manoj a dirig\u00e9 avec succ\u00e8s dix projets du Cooperative Research Centre for National Plant Biosecurity (CRCNPB\/PBCRC) et deux projets de recherche strat\u00e9gique Australie-Inde de haut niveau. Le portefeuille de recherche de Manoj attire environ 5 millions de dollars de financement externe sur un cycle de trois ans. Les r\u00e9sultats de ces projets ont permis de trouver des solutions pratiques aux incursions continues de parasites et de r\u00e9sistances qui sont adopt\u00e9es par l'industrie c\u00e9r\u00e9ali\u00e8re et contribuent \u00e0 maintenir l'acc\u00e8s de l'Australie au march\u00e9. Manoj a re\u00e7u deux prestigieux \"Science Impact Awards\" pour ses contributions \u00e0 la recherche.<\/p>\n<p class=\"translation-block\">L'expertise de Manoj dans le domaine de la protection des produits stock\u00e9s lui a valu d'\u00eatre invit\u00e9 comme orateur principal \u00e0 des conf\u00e9rences internationales telles que la Conf\u00e9rence internationale de travail sur la protection des produits stock\u00e9s, le Congr\u00e8s international d'entomologie, la Conf\u00e9rence internationale sur l'atmosph\u00e8re contr\u00f4l\u00e9e et la fumigation des produits stock\u00e9s, la Conf\u00e9rence sur les fumigants et les ph\u00e9romones et la Conf\u00e9rence europ\u00e9enne du groupe de travail IOBC-WPRS.  Manoj a \u00e9galement \u00e9t\u00e9 membre du comit\u00e9 scientifique et a pr\u00e9sid\u00e9 les sessions scientifiques de ces conf\u00e9rences. Outre plus de soixante articles de recherche \u00e9valu\u00e9s par des pairs, de nombreux articles de conf\u00e9rence et cinq chapitres de livres \u00e0 son actif, Manoj a dirig\u00e9 deux articles de l'Annual Review of Entomology. En reconnaissance de son solide profil de publication et de ses comp\u00e9tences en mati\u00e8re de r\u00e9vision critique, Manoj a \u00e9t\u00e9 intronis\u00e9 comme l'un des trois r\u00e9dacteurs en chef du Journal of Stored Products Research.<\/p>\n<p>Manoj a r\u00e9cemment \u00e9t\u00e9 intronis\u00e9 au comit\u00e9 permanent de l'International Working Conference on Stored Products Protection. En outre, il est membre des comit\u00e9s sur la phosphine et les produits de protection des grains du groupe de travail national australien sur la protection des grains, de l'Entomological Society of Australia (dont il a \u00e9t\u00e9 le conseiller r\u00e9gional), de l'Entomological Society of Queensland et de la Society of Chemical Industry (Royaume-Uni). Manoj pr\u00e9side le comit\u00e9 des gestionnaires de quarantaine de l'Ecosciences Precinct, Brisbane.<\/p>\n\t\t<\/div>\n\t\t\t\t\t<\/div>\n\n\t\n<\/div>\n\t\t<\/div>\n\n\t\t\n<style>\n#section_1872023898 {\n  padding-top: 30px;\n  padding-bottom: 30px;\n}\n#section_1872023898 .ux-shape-divider--top svg {\n  height: 150px;\n  --divider-top-width: 100%;\n}\n#section_1872023898 .ux-shape-divider--bottom svg {\n  height: 150px;\n  --divider-width: 100%;\n}\n<\/style>\n\t<\/section>\n\t\n<div class=\"row\"  id=\"row-906882478\">\n\n\n\t<div id=\"col-345304321\" class=\"col medium-4 small-12 large-4\"  >\n\t\t\t\t<div class=\"col-inner\"  >\n\t\t\t\n\t\t\t\n\n\t<div class=\"img has-hover x md-x lg-x y md-y lg-y\" id=\"image_394780098\">\n\t\t<a class=\"\" href=\"\/fr\/maxiline-belgium\/\"  >\t\t\t\t\t\t<div class=\"img-inner dark\" >\n\t\t\t<img loading=\"lazy\" decoding=\"async\" width=\"300\" height=\"150\" src=\"https:\/\/novigrain.eu\/wp-content\/uploads\/2021\/03\/maxiline-.png\" class=\"attachment-large size-large\" alt=\"Maxiline is part of the novIGRain team : European Union\u2019s 2020 research and innovation programme\" \/>\t\t\t\t\t\t\n\t\t\t\t\t<\/div>\n\t\t\t\t\t\t<\/a>\t\t\n<style>\n#image_394780098 {\n  width: 100%;\n}\n<\/style>\n\t<\/div>\n\t\n\n<p style=\"text-align: center;\"><span style=\"font-weight: 400;\">Coordinateur du projet.<\/span><\/p>\n\n\t\t<\/div>\n\t\t\t\t\t<\/div>\n\n\t\n\n\t<div id=\"col-1212888701\" class=\"col medium-4 small-12 large-4\"  >\n\t\t\t\t<div class=\"col-inner\"  >\n\t\t\t\n\t\t\t\n\n\t<div class=\"img has-hover x md-x lg-x y md-y lg-y\" id=\"image_1298152461\">\n\t\t<a class=\"\" href=\"\/fr\/babolnabio\/\"  >\t\t\t\t\t\t<div class=\"img-inner dark\" >\n\t\t\t<img loading=\"lazy\" decoding=\"async\" width=\"300\" height=\"150\" src=\"https:\/\/novigrain.eu\/wp-content\/uploads\/2021\/03\/babolna-.png\" class=\"attachment-large size-large\" alt=\"Babolna Bio novIGRAin : European Union\u2019s 2020 research and innovation programme\" \/>\t\t\t\t\t\t\n\t\t\t\t\t<\/div>\n\t\t\t\t\t\t<\/a>\t\t\n<style>\n#image_1298152461 {\n  width: 100%;\n}\n<\/style>\n\t<\/div>\n\t\n\n<p style=\"text-align: center;\"><span style=\"font-weight: 400;\">En charge du d\u00e9veloppement du nouveau produit ULV-larvicide.<\/span><\/p>\n\n\t\t<\/div>\n\t\t\t\t\t<\/div>\n\n\t\n\n\t<div id=\"col-1197295500\" class=\"col medium-4 small-12 large-4\"  >\n\t\t\t\t<div class=\"col-inner\"  >\n\t\t\t\n\t\t\t\n\n\t<div class=\"img has-hover x md-x lg-x y md-y lg-y\" id=\"image_542997179\">\n\t\t<a class=\"\" href=\"\/fr\/sojam-france\/\"  >\t\t\t\t\t\t<div class=\"img-inner dark\" >\n\t\t\t<img loading=\"lazy\" decoding=\"async\" width=\"300\" height=\"150\" src=\"https:\/\/novigrain.eu\/wp-content\/uploads\/2021\/03\/sojam-.png\" class=\"attachment-large size-large\" alt=\"Sojam novIGRAin : European Union\u2019s 2020 research and innovation programme\" \/>\t\t\t\t\t\t\n\t\t\t\t\t<\/div>\n\t\t\t\t\t\t<\/a>\t\t\n<style>\n#image_542997179 {\n  width: 100%;\n}\n<\/style>\n\t<\/div>\n\t\n\n<p style=\"text-align: center;\"><span style=\"font-weight: 400;\">En charge du d\u00e9veloppement de la nouvelle technologie d'application.<\/span><\/p>\n\n\t\t<\/div>\n\t\t\t\t\t<\/div>\n\n\t\n\n\t<div id=\"col-860763081\" class=\"col medium-4 small-12 large-4\"  >\n\t\t\t\t<div class=\"col-inner\"  >\n\t\t\t\n\t\t\t\n\n\t<div class=\"img has-hover x md-x lg-x y md-y lg-y\" id=\"image_2027098871\">\n\t\t<a class=\"\" href=\"\/fr\/cri-czech-republic\/\"  >\t\t<div data-parallax-fade=\"true\" data-parallax=\"3\">\t\t\t\t<div class=\"img-inner dark\" >\n\t\t\t<img loading=\"lazy\" decoding=\"async\" width=\"300\" height=\"150\" src=\"https:\/\/novigrain.eu\/wp-content\/uploads\/2021\/03\/vurv-.png\" class=\"attachment-large size-large\" alt=\"\" \/>\t\t\t\t\t\t\n\t\t\t\t\t<\/div>\n\t\t\t\t<\/div>\t\t<\/a>\t\t\n<style>\n#image_2027098871 {\n  width: 100%;\n}\n<\/style>\n\t<\/div>\n\t\n\n<p style=\"text-align: center;\"><span style=\"font-weight: 400;\">En charge de l'\u00e9valuation de la r\u00e9sistance des insectes dans la gestion du stockage des c\u00e9r\u00e9ales. <\/span><\/p>\n\n\t\t<\/div>\n\t\t\t\t\t<\/div>\n\n\t\n\n\t<div id=\"col-1527040530\" class=\"col medium-4 small-12 large-4\"  >\n\t\t\t\t<div class=\"col-inner\"  >\n\t\t\t\n\t\t\t\n\n\t<div class=\"img has-hover x md-x lg-x y md-y lg-y\" id=\"image_1546059360\">\n\t\t<a class=\"\" href=\"\/fr\/united-experts-belgium\/\"  >\t\t\t\t\t\t<div class=\"img-inner dark\" style=\"margin:0px 0px 50px 0px;\">\n\t\t\t<img loading=\"lazy\" decoding=\"async\" width=\"1020\" height=\"422\" src=\"https:\/\/novigrain.eu\/wp-content\/uploads\/2024\/04\/UEG-Logo-Full-RGB-Pos.png\" class=\"attachment-large size-large\" alt=\"\" \/>\t\t\t\t\t\t\n\t\t\t\t\t<\/div>\n\t\t\t\t\t\t<\/a>\t\t\n<style>\n#image_1546059360 {\n  width: 100%;\n}\n<\/style>\n\t<\/div>\n\t\n\n<p style=\"text-align: center;\"><span style=\"font-weight: 400;\">En charge de l'\u00e9valuation de l'impact global (l'impact \u00e9conomique et social).<\/span><\/p>\n\n\t\t<\/div>\n\t\t\t\t\t<\/div>\n\n\t\n\n\t<div id=\"col-400969808\" class=\"col medium-4 small-12 large-4\"  >\n\t\t\t\t<div class=\"col-inner\"  >\n\t\t\t\n\t\t\t\n\n\t<div class=\"img has-hover x md-x lg-x y md-y lg-y\" id=\"image_298477540\">\n\t\t<a class=\"\" href=\"\/fr\/toxi-coop-2\/\"  >\t\t\t\t\t\t<div class=\"img-inner dark\" >\n\t\t\t<img loading=\"lazy\" decoding=\"async\" width=\"300\" height=\"150\" src=\"https:\/\/novigrain.eu\/wp-content\/uploads\/2021\/03\/toxi-coop-.png\" class=\"attachment-large size-large\" alt=\"\" \/>\t\t\t\t\t\t\n\t\t\t\t\t<\/div>\n\t\t\t\t\t\t<\/a>\t\t\n<style>\n#image_298477540 {\n  width: 100%;\n}\n<\/style>\n\t<\/div>\n\t\n\n<p style=\"text-align: center;\"><span style=\"font-weight: 400;\">En charge de la validation des produits (toxicologie et \u00e9cotoxicologie). <\/span><\/p>\n\n\t\t<\/div>\n\t\t\t\t\t<\/div>\n\n\t\n\n\t<div id=\"col-1782593578\" class=\"col medium-4 small-12 large-4\"  >\n\t\t\t\t<div class=\"col-inner\"  >\n\t\t\t\n\t\t\t\n\n\t<div class=\"img has-hover x md-x lg-x y md-y lg-y\" id=\"image_29473805\">\n\t\t<a class=\"\" href=\"\/fr\/linge-agroconsultancy-2\/\"  >\t\t\t\t\t\t<div class=\"img-inner dark\" >\n\t\t\t<img loading=\"lazy\" decoding=\"async\" width=\"301\" height=\"151\" src=\"https:\/\/novigrain.eu\/wp-content\/uploads\/2022\/08\/Linge-Agroconsultancy.png\" class=\"attachment-large size-large\" alt=\"\" \/>\t\t\t\t\t\t\n\t\t\t\t\t<\/div>\n\t\t\t\t\t\t<\/a>\t\t\n<style>\n#image_29473805 {\n  width: 100%;\n}\n<\/style>\n\t<\/div>\n\t\n\n<p style=\"text-align: center;\"><span style=\"font-weight: 400;\">\u00a0En charge de l'accompagnement des essais et de la validation du produit ULV-larvicide.<\/span><\/p>\n\n\t\t<\/div>\n\t\t\t\t\t<\/div>\n\n\t\n\n\t<div id=\"col-1162486184\" class=\"col medium-4 small-12 large-4\"  >\n\t\t\t\t<div class=\"col-inner\"  >\n\t\t\t\n\t\t\t\n\n\t<div class=\"img has-hover x md-x lg-x y md-y lg-y\" id=\"image_1618920508\">\n\t\t<a class=\"\" href=\"\/fr\/ilvo-2\/\"  >\t\t\t\t\t\t<div class=\"img-inner dark\" >\n\t\t\t<img loading=\"lazy\" decoding=\"async\" width=\"300\" height=\"150\" src=\"https:\/\/novigrain.eu\/wp-content\/uploads\/2021\/03\/ilvo-.png\" class=\"attachment-large size-large\" alt=\"\" \/>\t\t\t\t\t\t\n\t\t\t\t\t<\/div>\n\t\t\t\t\t\t<\/a>\t\t\n<style>\n#image_1618920508 {\n  width: 100%;\n}\n<\/style>\n\t<\/div>\n\t\n\n<p style=\"text-align: center;\"><span style=\"font-weight: 400;\">En charge de l'analyse du cycle de vie (ACV) \u00e9cologique. <\/span><\/p>\n\n\t\t<\/div>\n\t\t\t\t\t<\/div>\n\n\t\n\n\t<div id=\"col-400409128\" class=\"col medium-4 small-12 large-4\"  >\n\t\t\t\t<div class=\"col-inner\"  >\n\t\t\t\n\t\t\t\n\n\t<div class=\"img has-hover x md-x lg-x y md-y lg-y\" id=\"image_1051584732\">\n\t\t<a class=\"\" href=\"\/fr\/ubm-2\/\"  >\t\t\t\t\t\t<div class=\"img-inner dark\" >\n\t\t\t<img loading=\"lazy\" decoding=\"async\" width=\"300\" height=\"150\" src=\"https:\/\/novigrain.eu\/wp-content\/uploads\/2021\/03\/ubm-.png\" class=\"attachment-large size-large\" alt=\"\" \/>\t\t\t\t\t\t\n\t\t\t\t\t<\/div>\n\t\t\t\t\t\t<\/a>\t\t\n<style>\n#image_1051584732 {\n  width: 100%;\n}\n<\/style>\n\t<\/div>\n\t\n\n<p style=\"text-align: center;\"><span style=\"font-weight: 400;\">En charge du soutien au d\u00e9veloppement du produit et de la technologie. <\/span><\/p>\n\n\t\t<\/div>\n\t\t\t\t\t<\/div>\n\n\t\n\n<\/div>\n\t<section class=\"section dark\" id=\"section_407264065\">\n\t\t<div class=\"bg section-bg fill bg-fill  bg-loaded\" >\n\n\t\t\t\n\t\t\t\n\t\t\t\n\n\t\t<\/div>\n\n\t\t\n\n\t\t<div class=\"section-content relative\">\n\t\t\t\n\n<h1 style=\"text-align: center;\"><span style=\"font-size: 130%;\">Experts Internationaux<\/span><\/h1>\n<div class=\"text-center\"><div class=\"is-divider divider clearfix\" style=\"max-width:145px;\"><\/div><\/div>\n\n\t<div id=\"gap-598103131\" class=\"gap-element clearfix\" style=\"display:block; height:auto;\">\n\t\t\n<style>\n#gap-598103131 {\n  padding-top: 30px;\n}\n<\/style>\n\t<\/div>\n\t\n\n<div class=\"row align-center\"  id=\"row-978290531\">\n\n\n\t<div id=\"col-909003410\" class=\"col medium-4 small-9 large-4\"  >\n\t\t\t\t<div class=\"col-inner\"  >\n\t\t\t\n\t\t\t\n\n    <div class=\"box has-hover has-hover box-text-bottom\" >\n\n         <a href=\"\/fr\/manoj-mayak\/\"  >         <div class=\"box-image\" style=\"width:50%;\">\n           <div class=\"box-image-inner image-cover\" style=\"border-radius:100%;padding-top:100%;\">\n              <img loading=\"lazy\" decoding=\"async\" width=\"1080\" height=\"1080\" src=\"https:\/\/novigrain.eu\/wp-content\/uploads\/2021\/03\/Photo-Manoj-Nayak-for-JSPR.jpg\" class=\"attachment- size-\" alt=\"\" srcset=\"https:\/\/novigrain.eu\/wp-content\/uploads\/2021\/03\/Photo-Manoj-Nayak-for-JSPR.jpg 1080w, https:\/\/novigrain.eu\/wp-content\/uploads\/2021\/03\/Photo-Manoj-Nayak-for-JSPR-300x300.jpg 300w, https:\/\/novigrain.eu\/wp-content\/uploads\/2021\/03\/Photo-Manoj-Nayak-for-JSPR-1024x1024.jpg 1024w, https:\/\/novigrain.eu\/wp-content\/uploads\/2021\/03\/Photo-Manoj-Nayak-for-JSPR-150x150.jpg 150w, https:\/\/novigrain.eu\/wp-content\/uploads\/2021\/03\/Photo-Manoj-Nayak-for-JSPR-768x768.jpg 768w, https:\/\/novigrain.eu\/wp-content\/uploads\/2021\/03\/Photo-Manoj-Nayak-for-JSPR-600x600.jpg 600w, https:\/\/novigrain.eu\/wp-content\/uploads\/2021\/03\/Photo-Manoj-Nayak-for-JSPR-100x100.jpg 100w\" sizes=\"auto, (max-width: 1080px) 100vw, 1080px\" \/>                         <\/div>\n          <\/div>\n         <\/a>\n          <div class=\"box-text text-center\" >\n                <div class=\"box-text-inner\">\n                  <h4 class=\"uppercase\">\n                    <span class=\"person-name\">Dr Manoj Nayak<\/span><br\/>\n                    <span class=\"person-title is-small thin-font op-7\">\n                                          <\/span>\n                  <\/h4>\n                                  \n\n<p>Le Dr Manoj Nayak est un principal entomologiste de recherche et le chef de l'\u00e9quipe de protection des c\u00e9r\u00e9ales apr\u00e8s r\u00e9colte du minist\u00e8re de l'Agriculture et de la P\u00eache, \u00e0 Brisbane, Queensland, Australie.<\/p>\n\n                <\/div>\n          <\/div>\n    <\/div>\n\n    \n    \n\n\t\t<\/div>\n\t\t\t\t\t<\/div>\n\n\t\n\n\t<div id=\"col-772274054\" class=\"col medium-4 small-9 large-4\"  >\n\t\t\t\t<div class=\"col-inner\"  >\n\t\t\t\n\t\t\t\n\n    <div class=\"box has-hover has-hover box-text-bottom\" >\n\n         <a href=\"\/fr\/christos-athanassiou\/\"  >         <div class=\"box-image\" style=\"width:50%;\">\n           <div class=\"box-image-inner image-cover\" style=\"border-radius:100%;padding-top:100%;\">\n              <img loading=\"lazy\" decoding=\"async\" width=\"537\" height=\"550\" src=\"https:\/\/novigrain.eu\/wp-content\/uploads\/2021\/03\/Christos.jpg\" class=\"attachment- size-\" alt=\"\" srcset=\"https:\/\/novigrain.eu\/wp-content\/uploads\/2021\/03\/Christos.jpg 537w, https:\/\/novigrain.eu\/wp-content\/uploads\/2021\/03\/Christos-293x300.jpg 293w\" sizes=\"auto, (max-width: 537px) 100vw, 537px\" \/>                         <\/div>\n          <\/div>\n         <\/a>\n          <div class=\"box-text text-center\" >\n                <div class=\"box-text-inner\">\n                  <h4 class=\"uppercase\">\n                    <span class=\"person-name\">Christos Athanassiou<\/span><br\/>\n                    <span class=\"person-title is-small thin-font op-7\">\n                                          <\/span>\n                  <\/h4>\n                                  \n\n<p>Christos Athanassiou est professeur d'entomologie \u00e0 l'Universit\u00e9 de Thessalie, en Gr\u00e8ce, depuis 2010.<\/p>\n\n                <\/div>\n          <\/div>\n    <\/div>\n\n    \n    \n\n\t\t<\/div>\n\t\t\t\t\t<\/div>\n\n\t\n\n\t<div id=\"col-1917591423\" class=\"col medium-4 small-9 large-4\"  >\n\t\t\t\t<div class=\"col-inner\"  >\n\t\t\t\n\t\t\t\n\n    <div class=\"box has-hover has-hover box-text-bottom\" >\n\n         <a href=\"\/fr\/emanuele-mazzoni\/\"  >         <div class=\"box-image\" style=\"width:50%;\">\n           <div class=\"box-image-inner image-cover\" style=\"border-radius:100%;padding-top:100%;\">\n              <img loading=\"lazy\" decoding=\"async\" width=\"501\" height=\"775\" src=\"https:\/\/novigrain.eu\/wp-content\/uploads\/2021\/03\/Phtoto-Emanuele_Mazzoni-foto-per-novIGRain-2021.jpg\" class=\"attachment- size-\" alt=\"\" srcset=\"https:\/\/novigrain.eu\/wp-content\/uploads\/2021\/03\/Phtoto-Emanuele_Mazzoni-foto-per-novIGRain-2021.jpg 501w, https:\/\/novigrain.eu\/wp-content\/uploads\/2021\/03\/Phtoto-Emanuele_Mazzoni-foto-per-novIGRain-2021-194x300.jpg 194w\" sizes=\"auto, (max-width: 501px) 100vw, 501px\" \/>                         <\/div>\n          <\/div>\n         <\/a>\n          <div class=\"box-text text-center\" >\n                <div class=\"box-text-inner\">\n                  <h4 class=\"uppercase\">\n                    <span class=\"person-name\">emanuele mazzoni<\/span><br\/>\n                    <span class=\"person-title is-small thin-font op-7\">\n                                          <\/span>\n                  <\/h4>\n                                  \n\n<p><span style=\"font-weight: 400;\">Emanuele Mazzoni est professeur associ\u00e9 en entomologie g\u00e9n\u00e9rale et appliqu\u00e9e (SSD AGR\/11) \u00e0 la Facult\u00e9 des sciences de l'agriculture, de l'alimentation et de l'environnement de l'Universit\u00e0 Cattolica del Sacro Cuore.<\/span><\/p>\n\n                <\/div>\n          <\/div>\n    <\/div>\n\n    \n    \n\n\t\t<\/div>\n\t\t\t\t\t<\/div>\n\n\t\n\n<\/div>\n\n\t\t<\/div>\n\n\t\t\n<style>\n#section_407264065 {\n  padding-top: 30px;\n  padding-bottom: 30px;\n  background-color: rgb(32, 103, 50);\n}\n#section_407264065 .ux-shape-divider--top svg {\n  height: 150px;\n  --divider-top-width: 100%;\n}\n#section_407264065 .ux-shape-divider--bottom svg {\n  height: 150px;\n  --divider-width: 100%;\n}\n<\/style>\n\t<\/section>","protected":false},"excerpt":{"rendered":"","protected":false},"author":1,"featured_media":0,"parent":0,"menu_order":0,"comment_status":"closed","ping_status":"closed","template":"","meta":{"footnotes":""},"class_list":["post-732","page","type-page","status-publish","hentry"],"yoast_head":"<!-- This site is optimized with the Yoast SEO plugin v27.4 - https:\/\/yoast.com\/product\/yoast-seo-wordpress\/ -->\n<title>Manoj Mayak: International Expert of novIGRain H2020 project<\/title>\n<meta name=\"description\" content=\"Manoj Mayak is part of the team for a Sustainable storage of grains by implementing a novel protectant and a versatile application technology\" \/>\n<meta name=\"robots\" content=\"index, follow, max-snippet:-1, max-image-preview:large, max-video-preview:-1\" \/>\n<link rel=\"canonical\" href=\"https:\/\/novigrain.eu\/fr\/manoj-mayak\/\" \/>\n<meta property=\"og:locale\" content=\"fr_FR\" \/>\n<meta property=\"og:type\" content=\"article\" \/>\n<meta property=\"og:title\" content=\"Manoj Mayak: International Expert of novIGRain H2020 project\" \/>\n<meta property=\"og:description\" content=\"Manoj Mayak is part of the team for a Sustainable storage of grains by implementing a novel protectant and a versatile application technology\" \/>\n<meta property=\"og:url\" content=\"https:\/\/novigrain.eu\/fr\/manoj-mayak\/\" \/>\n<meta property=\"og:site_name\" content=\"novIGRain\" \/>\n<meta property=\"article:modified_time\" content=\"2021-04-27T12:52:00+00:00\" \/>\n<meta name=\"twitter:card\" content=\"summary_large_image\" \/>\n<meta name=\"twitter:label1\" content=\"Dur\u00e9e de lecture estim\u00e9e\" \/>\n\t<meta name=\"twitter:data1\" content=\"2 minutes\" \/>\n<script type=\"application\/ld+json\" class=\"yoast-schema-graph\">{\"@context\":\"https:\\\/\\\/schema.org\",\"@graph\":[{\"@type\":\"WebPage\",\"@id\":\"https:\\\/\\\/novigrain.eu\\\/manoj-mayak\\\/\",\"url\":\"https:\\\/\\\/novigrain.eu\\\/manoj-mayak\\\/\",\"name\":\"Manoj Mayak: International Expert of novIGRain H2020 project\",\"isPartOf\":{\"@id\":\"https:\\\/\\\/novigrain.eu\\\/#website\"},\"datePublished\":\"2021-03-16T15:39:52+00:00\",\"dateModified\":\"2021-04-27T12:52:00+00:00\",\"description\":\"Manoj Mayak is part of the team for a Sustainable storage of grains by implementing a novel protectant and a versatile application technology\",\"breadcrumb\":{\"@id\":\"https:\\\/\\\/novigrain.eu\\\/manoj-mayak\\\/#breadcrumb\"},\"inLanguage\":\"fr-FR\",\"potentialAction\":[{\"@type\":\"ReadAction\",\"target\":[\"https:\\\/\\\/novigrain.eu\\\/manoj-mayak\\\/\"]}]},{\"@type\":\"BreadcrumbList\",\"@id\":\"https:\\\/\\\/novigrain.eu\\\/manoj-mayak\\\/#breadcrumb\",\"itemListElement\":[{\"@type\":\"ListItem\",\"position\":1,\"name\":\"Accueil\",\"item\":\"https:\\\/\\\/novigrain.eu\\\/\"},{\"@type\":\"ListItem\",\"position\":2,\"name\":\"Manoj Mayak\"}]},{\"@type\":\"WebSite\",\"@id\":\"https:\\\/\\\/novigrain.eu\\\/#website\",\"url\":\"https:\\\/\\\/novigrain.eu\\\/\",\"name\":\"novIGRain\",\"description\":\"Sustainable storage of grains\",\"potentialAction\":[{\"@type\":\"SearchAction\",\"target\":{\"@type\":\"EntryPoint\",\"urlTemplate\":\"https:\\\/\\\/novigrain.eu\\\/?s={search_term_string}\"},\"query-input\":{\"@type\":\"PropertyValueSpecification\",\"valueRequired\":true,\"valueName\":\"search_term_string\"}}],\"inLanguage\":\"fr-FR\"}]}<\/script>\n<!-- \/ Yoast SEO plugin. -->","yoast_head_json":{"title":"Manoj Mayak: International Expert of novIGRain H2020 project","description":"Manoj Mayak is part of the team for a Sustainable storage of grains by implementing a novel protectant and a versatile application technology","robots":{"index":"index","follow":"follow","max-snippet":"max-snippet:-1","max-image-preview":"max-image-preview:large","max-video-preview":"max-video-preview:-1"},"canonical":"https:\/\/novigrain.eu\/fr\/manoj-mayak\/","og_locale":"fr_FR","og_type":"article","og_title":"Manoj Mayak: International Expert of novIGRain H2020 project","og_description":"Manoj Mayak is part of the team for a Sustainable storage of grains by implementing a novel protectant and a versatile application technology","og_url":"https:\/\/novigrain.eu\/fr\/manoj-mayak\/","og_site_name":"novIGRain","article_modified_time":"2021-04-27T12:52:00+00:00","twitter_card":"summary_large_image","twitter_misc":{"Dur\u00e9e de lecture estim\u00e9e":"2 minutes"},"schema":{"@context":"https:\/\/schema.org","@graph":[{"@type":"WebPage","@id":"https:\/\/novigrain.eu\/manoj-mayak\/","url":"https:\/\/novigrain.eu\/manoj-mayak\/","name":"Manoj Mayak: International Expert of novIGRain H2020 project","isPartOf":{"@id":"https:\/\/novigrain.eu\/#website"},"datePublished":"2021-03-16T15:39:52+00:00","dateModified":"2021-04-27T12:52:00+00:00","description":"Manoj Mayak is part of the team for a Sustainable storage of grains by implementing a novel protectant and a versatile application technology","breadcrumb":{"@id":"https:\/\/novigrain.eu\/manoj-mayak\/#breadcrumb"},"inLanguage":"fr-FR","potentialAction":[{"@type":"ReadAction","target":["https:\/\/novigrain.eu\/manoj-mayak\/"]}]},{"@type":"BreadcrumbList","@id":"https:\/\/novigrain.eu\/manoj-mayak\/#breadcrumb","itemListElement":[{"@type":"ListItem","position":1,"name":"Accueil","item":"https:\/\/novigrain.eu\/"},{"@type":"ListItem","position":2,"name":"Manoj Mayak"}]},{"@type":"WebSite","@id":"https:\/\/novigrain.eu\/#website","url":"https:\/\/novigrain.eu\/","name":"novIGRain","description":"Sustainable storage of grains","potentialAction":[{"@type":"SearchAction","target":{"@type":"EntryPoint","urlTemplate":"https:\/\/novigrain.eu\/?s={search_term_string}"},"query-input":{"@type":"PropertyValueSpecification","valueRequired":true,"valueName":"search_term_string"}}],"inLanguage":"fr-FR"}]}},"_links":{"self":[{"href":"https:\/\/novigrain.eu\/fr\/wp-json\/wp\/v2\/pages\/732","targetHints":{"allow":["GET"]}}],"collection":[{"href":"https:\/\/novigrain.eu\/fr\/wp-json\/wp\/v2\/pages"}],"about":[{"href":"https:\/\/novigrain.eu\/fr\/wp-json\/wp\/v2\/types\/page"}],"author":[{"embeddable":true,"href":"https:\/\/novigrain.eu\/fr\/wp-json\/wp\/v2\/users\/1"}],"replies":[{"embeddable":true,"href":"https:\/\/novigrain.eu\/fr\/wp-json\/wp\/v2\/comments?post=732"}],"version-history":[{"count":14,"href":"https:\/\/novigrain.eu\/fr\/wp-json\/wp\/v2\/pages\/732\/revisions"}],"predecessor-version":[{"id":1058,"href":"https:\/\/novigrain.eu\/fr\/wp-json\/wp\/v2\/pages\/732\/revisions\/1058"}],"wp:attachment":[{"href":"https:\/\/novigrain.eu\/fr\/wp-json\/wp\/v2\/media?parent=732"}],"curies":[{"name":"wp","href":"https:\/\/api.w.org\/{rel}","templated":true}]}}