{"id":640,"date":"2021-03-04T17:43:26","date_gmt":"2021-03-04T16:43:26","guid":{"rendered":"http:\/\/photographik.fr\/?page_id=640"},"modified":"2021-04-15T10:03:51","modified_gmt":"2021-04-15T08:03:51","slug":"cri-czech-republic","status":"publish","type":"page","link":"https:\/\/novigrain.eu\/fr\/cri-czech-republic\/","title":{"rendered":"CRI"},"content":{"rendered":"<div class=\"banner has-hover\" id=\"banner-1804988692\">\n          <div class=\"banner-inner fill\">\n        <div class=\"banner-bg fill\" >\n            <div class=\"bg fill bg-fill\"><\/div>\n                        <div class=\"overlay\"><\/div>            \n                    <\/div>\n\t\t\n        <div class=\"banner-layers container\">\n            <div class=\"fill banner-link\"><\/div>            \n        <\/div>\n      <\/div>\n\n            \n<style>\n#banner-1804988692 {\n  padding-top: 350px;\n}\n#banner-1804988692 .bg.bg-loaded {\n  background-image: url(https:\/\/novigrain.eu\/wp-content\/uploads\/2021\/03\/baner-trava-10-1024x184.jpg);\n}\n#banner-1804988692 .overlay {\n  background-color: rgba(0,0,0,.5);\n}\n#banner-1804988692 .bg {\n  background-position: 10% 74%;\n}\n#banner-1804988692 .ux-shape-divider--top svg {\n  height: 150px;\n  --divider-top-width: 100%;\n}\n#banner-1804988692 .ux-shape-divider--bottom svg {\n  height: 150px;\n  --divider-width: 100%;\n}\n<\/style>\n  <\/div>\n\n\n\t<section class=\"section\" id=\"section_452789001\">\n\t\t<div class=\"bg section-bg fill bg-fill  bg-loaded\" >\n\n\t\t\t\n\t\t\t\n\t\t\t\n\n\t\t<\/div>\n\n\t\t\n\n\t\t<div class=\"section-content relative\">\n\t\t\t\n\t<div id=\"gap-1312334625\" class=\"gap-element clearfix\" style=\"display:block; height:auto;\">\n\t\t\n<style>\n#gap-1312334625 {\n  padding-top: 40px;\n}\n<\/style>\n\t<\/div>\n\t\n<div class=\"row align-center\"  id=\"row-2137158121\">\n\n\t<div id=\"col-1801172125\" class=\"col medium-4 small-10 large-4\"  >\n\t\t\t\t<div class=\"col-inner\"  >\n\t\t\t\n\t\t\t\n<h1><em>V\u00daRV<\/em><\/h1>\n<p id=\"tw-target-text\" class=\"tw-data-text tw-text-large XcVN5d tw-ta\" dir=\"ltr\" data-placeholder=\"Traduction\"><span lang=\"en\">Czech Republic<\/span><\/p>\n\t<div class=\"img has-hover x md-x lg-x y md-y lg-y\" id=\"image_1249945410\">\n\t\t\t\t\t\t\t\t<div class=\"img-inner dark\" >\n\t\t\t<img loading=\"lazy\" decoding=\"async\" width=\"300\" height=\"300\" src=\"https:\/\/novigrain.eu\/wp-content\/uploads\/2021\/02\/vurv.png\" class=\"attachment-large size-large\" alt=\"\" srcset=\"https:\/\/novigrain.eu\/wp-content\/uploads\/2021\/02\/vurv.png 300w, https:\/\/novigrain.eu\/wp-content\/uploads\/2021\/02\/vurv-150x150.png 150w, https:\/\/novigrain.eu\/wp-content\/uploads\/2021\/02\/vurv-100x100.png 100w\" sizes=\"auto, (max-width: 300px) 100vw, 300px\" \/>\t\t\t\t\t\t\n\t\t\t\t\t<\/div>\n\t\t\t\t\t\t\t\t\n<style>\n#image_1249945410 {\n  width: 100%;\n}\n<\/style>\n\t<\/div>\n\t\n<a rel=\"noopener noreferrer\" href=\"https:\/\/www.vurv.cz\/\" target=\"_blank\" class=\"button primary is-link\"  >\n    <span>Visiter le site<\/span>\n  <i class=\"icon-angle-right\" ><\/i><\/a>\n\n\t\t<\/div>\n\t\t\t\t\t<\/div>\n\n\t\n\n\t<div id=\"col-1549757439\" class=\"col medium-8 small-10 large-8\"  >\n\t\t\t\t<div class=\"col-inner\"  >\n\t\t\t\n\t\t\t\n<p class=\"translation-block\">L'Institut de recherche sur les cultures (CRI) est un organisme de recherche public ind\u00e9pendant sous la tutelle du minist\u00e8re de l'agriculture de la R\u00e9publique tch\u00e8que. Le CRI a un large \u00e9ventail d'activit\u00e9s dans le domaine de la production de cultures encadr\u00e9es - \"du champ \u00e0 la table\". Ses principales t\u00e2ches sont la recherche sur la protection des cultures et la sant\u00e9 des plantes, la recherche sur la nutrition des plantes et les propri\u00e9t\u00e9s du sol, la recherche sur la s\u00e9lection des plantes et la pr\u00e9servation du mat\u00e9riel g\u00e9n\u00e9tique. Le CRI est l'organisme d'\u00c9tat responsable des OGM. Le CRI dispose de laboratoires accr\u00e9dit\u00e9s pour les laboratoires de s\u00e9lection et les souches sauvages de rongeurs nuisibles. CRI dispose d'une certification GEP pour les essais de pesticides. L'\u00e9quipe du CRI s'occupe depuis longtemps de tester l'efficacit\u00e9 des produits insecticides et de tester la r\u00e9sistance des parasites aux pesticides.<\/p>\n<p><span style=\"font-weight: 400;\">Leur mission est de d\u00e9velopper et de diffuser des technologies ax\u00e9es sur la demande et de renforcer les capacit\u00e9s pour une productivit\u00e9 durable des cultures alimentaires et industrielles afin d'am\u00e9liorer les moyens de subsistance. Leur vision est de devenir un centre d'excellence pour la recherche agricole, l'innovation et le renforcement des capacit\u00e9s pour le d\u00e9veloppement.<\/span><\/p>\n\t\t<\/div>\n\t\t\t\t\t<\/div>\n\n\t\n<\/div>\n\t\t<\/div>\n\n\t\t\n<style>\n#section_452789001 {\n  padding-top: 30px;\n  padding-bottom: 30px;\n}\n#section_452789001 .ux-shape-divider--top svg {\n  height: 150px;\n  --divider-top-width: 100%;\n}\n#section_452789001 .ux-shape-divider--bottom svg {\n  height: 150px;\n  --divider-width: 100%;\n}\n<\/style>\n\t<\/section>\n\t\n<p>&nbsp;<\/p>\n<h2 style=\"text-align: right;\">D\u00e9couvrez nos membres<\/h2>\n<div class=\"row\"  id=\"row-473966383\">\n\n\n\t<div id=\"col-1909487833\" class=\"col medium-4 small-12 large-4\"  >\n\t\t\t\t<div class=\"col-inner\"  >\n\t\t\t\n\t\t\t\n\n\t<div class=\"img has-hover x md-x lg-x y md-y lg-y\" id=\"image_534036716\">\n\t\t<a class=\"\" href=\"\/fr\/maxiline-belgium\/\"  >\t\t\t\t\t\t<div class=\"img-inner dark\" >\n\t\t\t<img loading=\"lazy\" decoding=\"async\" width=\"300\" height=\"150\" src=\"https:\/\/novigrain.eu\/wp-content\/uploads\/2021\/03\/maxiline-.png\" class=\"attachment-large size-large\" alt=\"Maxiline is part of the novIGRain team : European Union\u2019s 2020 research and innovation programme\" \/>\t\t\t\t\t\t\n\t\t\t\t\t<\/div>\n\t\t\t\t\t\t<\/a>\t\t\n<style>\n#image_534036716 {\n  width: 100%;\n}\n<\/style>\n\t<\/div>\n\t\n\n<p style=\"text-align: center;\"><span style=\"font-weight: 400;\">Coordinateur du projet.<\/span><\/p>\n\n\t\t<\/div>\n\t\t\t\t\t<\/div>\n\n\t\n\n\t<div id=\"col-608854934\" class=\"col medium-4 small-12 large-4\"  >\n\t\t\t\t<div class=\"col-inner\"  >\n\t\t\t\n\t\t\t\n\n\t<div class=\"img has-hover x md-x lg-x y md-y lg-y\" id=\"image_953597257\">\n\t\t<a class=\"\" href=\"\/fr\/babolnabio\/\"  >\t\t\t\t\t\t<div class=\"img-inner dark\" >\n\t\t\t<img loading=\"lazy\" decoding=\"async\" width=\"300\" height=\"150\" src=\"https:\/\/novigrain.eu\/wp-content\/uploads\/2021\/03\/babolna-.png\" class=\"attachment-large size-large\" alt=\"Babolna Bio novIGRAin : European Union\u2019s 2020 research and innovation programme\" \/>\t\t\t\t\t\t\n\t\t\t\t\t<\/div>\n\t\t\t\t\t\t<\/a>\t\t\n<style>\n#image_953597257 {\n  width: 100%;\n}\n<\/style>\n\t<\/div>\n\t\n\n<p style=\"text-align: center;\"><span style=\"font-weight: 400;\">En charge du d\u00e9veloppement du nouveau produit ULV-larvicide.<\/span><\/p>\n\n\t\t<\/div>\n\t\t\t\t\t<\/div>\n\n\t\n\n\t<div id=\"col-1668677002\" class=\"col medium-4 small-12 large-4\"  >\n\t\t\t\t<div class=\"col-inner\"  >\n\t\t\t\n\t\t\t\n\n\t<div class=\"img has-hover x md-x lg-x y md-y lg-y\" id=\"image_754154871\">\n\t\t<a class=\"\" href=\"\/fr\/sojam-france\/\"  >\t\t\t\t\t\t<div class=\"img-inner dark\" >\n\t\t\t<img loading=\"lazy\" decoding=\"async\" width=\"300\" height=\"150\" src=\"https:\/\/novigrain.eu\/wp-content\/uploads\/2021\/03\/sojam-.png\" class=\"attachment-large size-large\" alt=\"Sojam novIGRAin : European Union\u2019s 2020 research and innovation programme\" \/>\t\t\t\t\t\t\n\t\t\t\t\t<\/div>\n\t\t\t\t\t\t<\/a>\t\t\n<style>\n#image_754154871 {\n  width: 100%;\n}\n<\/style>\n\t<\/div>\n\t\n\n<p style=\"text-align: center;\"><span style=\"font-weight: 400;\">En charge du d\u00e9veloppement de la nouvelle technologie d'application.<\/span><\/p>\n\n\t\t<\/div>\n\t\t\t\t\t<\/div>\n\n\t\n\n\t<div id=\"col-1158256137\" class=\"col medium-4 small-12 large-4\"  >\n\t\t\t\t<div class=\"col-inner\"  >\n\t\t\t\n\t\t\t\n\n\t<div class=\"img has-hover x md-x lg-x y md-y lg-y\" id=\"image_518074826\">\n\t\t<a class=\"\" href=\"\/fr\/cri-czech-republic\/\"  >\t\t<div data-parallax-fade=\"true\" data-parallax=\"3\">\t\t\t\t<div class=\"img-inner dark\" >\n\t\t\t<img loading=\"lazy\" decoding=\"async\" width=\"300\" height=\"150\" src=\"https:\/\/novigrain.eu\/wp-content\/uploads\/2021\/03\/vurv-.png\" class=\"attachment-large size-large\" alt=\"\" \/>\t\t\t\t\t\t\n\t\t\t\t\t<\/div>\n\t\t\t\t<\/div>\t\t<\/a>\t\t\n<style>\n#image_518074826 {\n  width: 100%;\n}\n<\/style>\n\t<\/div>\n\t\n\n<p style=\"text-align: center;\"><span style=\"font-weight: 400;\">En charge de l'\u00e9valuation de la r\u00e9sistance des insectes dans la gestion du stockage des c\u00e9r\u00e9ales. <\/span><\/p>\n\n\t\t<\/div>\n\t\t\t\t\t<\/div>\n\n\t\n\n\t<div id=\"col-840508169\" class=\"col medium-4 small-12 large-4\"  >\n\t\t\t\t<div class=\"col-inner\"  >\n\t\t\t\n\t\t\t\n\n\t<div class=\"img has-hover x md-x lg-x y md-y lg-y\" id=\"image_819495156\">\n\t\t<a class=\"\" href=\"\/fr\/united-experts-belgium\/\"  >\t\t\t\t\t\t<div class=\"img-inner dark\" style=\"margin:0px 0px 50px 0px;\">\n\t\t\t<img loading=\"lazy\" decoding=\"async\" width=\"1020\" height=\"422\" src=\"https:\/\/novigrain.eu\/wp-content\/uploads\/2024\/04\/UEG-Logo-Full-RGB-Pos.png\" class=\"attachment-large size-large\" alt=\"\" \/>\t\t\t\t\t\t\n\t\t\t\t\t<\/div>\n\t\t\t\t\t\t<\/a>\t\t\n<style>\n#image_819495156 {\n  width: 100%;\n}\n<\/style>\n\t<\/div>\n\t\n\n<p style=\"text-align: center;\"><span style=\"font-weight: 400;\">En charge de l'\u00e9valuation de l'impact global (l'impact \u00e9conomique et social).<\/span><\/p>\n\n\t\t<\/div>\n\t\t\t\t\t<\/div>\n\n\t\n\n\t<div id=\"col-1152435979\" class=\"col medium-4 small-12 large-4\"  >\n\t\t\t\t<div class=\"col-inner\"  >\n\t\t\t\n\t\t\t\n\n\t<div class=\"img has-hover x md-x lg-x y md-y lg-y\" id=\"image_826075023\">\n\t\t<a class=\"\" href=\"\/fr\/toxi-coop-2\/\"  >\t\t\t\t\t\t<div class=\"img-inner dark\" >\n\t\t\t<img loading=\"lazy\" decoding=\"async\" width=\"300\" height=\"150\" src=\"https:\/\/novigrain.eu\/wp-content\/uploads\/2021\/03\/toxi-coop-.png\" class=\"attachment-large size-large\" alt=\"\" \/>\t\t\t\t\t\t\n\t\t\t\t\t<\/div>\n\t\t\t\t\t\t<\/a>\t\t\n<style>\n#image_826075023 {\n  width: 100%;\n}\n<\/style>\n\t<\/div>\n\t\n\n<p style=\"text-align: center;\"><span style=\"font-weight: 400;\">En charge de la validation des produits (toxicologie et \u00e9cotoxicologie). <\/span><\/p>\n\n\t\t<\/div>\n\t\t\t\t\t<\/div>\n\n\t\n\n\t<div id=\"col-820555298\" class=\"col medium-4 small-12 large-4\"  >\n\t\t\t\t<div class=\"col-inner\"  >\n\t\t\t\n\t\t\t\n\n\t<div class=\"img has-hover x md-x lg-x y md-y lg-y\" id=\"image_1874421012\">\n\t\t<a class=\"\" href=\"\/fr\/linge-agroconsultancy-2\/\"  >\t\t\t\t\t\t<div class=\"img-inner dark\" >\n\t\t\t<img loading=\"lazy\" decoding=\"async\" width=\"301\" height=\"151\" src=\"https:\/\/novigrain.eu\/wp-content\/uploads\/2022\/08\/Linge-Agroconsultancy.png\" class=\"attachment-large size-large\" alt=\"\" \/>\t\t\t\t\t\t\n\t\t\t\t\t<\/div>\n\t\t\t\t\t\t<\/a>\t\t\n<style>\n#image_1874421012 {\n  width: 100%;\n}\n<\/style>\n\t<\/div>\n\t\n\n<p style=\"text-align: center;\"><span style=\"font-weight: 400;\">\u00a0En charge de l'accompagnement des essais et de la validation du produit ULV-larvicide.<\/span><\/p>\n\n\t\t<\/div>\n\t\t\t\t\t<\/div>\n\n\t\n\n\t<div id=\"col-1541725560\" class=\"col medium-4 small-12 large-4\"  >\n\t\t\t\t<div class=\"col-inner\"  >\n\t\t\t\n\t\t\t\n\n\t<div class=\"img has-hover x md-x lg-x y md-y lg-y\" id=\"image_855499544\">\n\t\t<a class=\"\" href=\"\/fr\/ilvo-2\/\"  >\t\t\t\t\t\t<div class=\"img-inner dark\" >\n\t\t\t<img loading=\"lazy\" decoding=\"async\" width=\"300\" height=\"150\" src=\"https:\/\/novigrain.eu\/wp-content\/uploads\/2021\/03\/ilvo-.png\" class=\"attachment-large size-large\" alt=\"\" \/>\t\t\t\t\t\t\n\t\t\t\t\t<\/div>\n\t\t\t\t\t\t<\/a>\t\t\n<style>\n#image_855499544 {\n  width: 100%;\n}\n<\/style>\n\t<\/div>\n\t\n\n<p style=\"text-align: center;\"><span style=\"font-weight: 400;\">En charge de l'analyse du cycle de vie (ACV) \u00e9cologique. <\/span><\/p>\n\n\t\t<\/div>\n\t\t\t\t\t<\/div>\n\n\t\n\n\t<div id=\"col-815075909\" class=\"col medium-4 small-12 large-4\"  >\n\t\t\t\t<div class=\"col-inner\"  >\n\t\t\t\n\t\t\t\n\n\t<div class=\"img has-hover x md-x lg-x y md-y lg-y\" id=\"image_150727408\">\n\t\t<a class=\"\" href=\"\/fr\/ubm-2\/\"  >\t\t\t\t\t\t<div class=\"img-inner dark\" >\n\t\t\t<img loading=\"lazy\" decoding=\"async\" width=\"300\" height=\"150\" src=\"https:\/\/novigrain.eu\/wp-content\/uploads\/2021\/03\/ubm-.png\" class=\"attachment-large size-large\" alt=\"\" \/>\t\t\t\t\t\t\n\t\t\t\t\t<\/div>\n\t\t\t\t\t\t<\/a>\t\t\n<style>\n#image_150727408 {\n  width: 100%;\n}\n<\/style>\n\t<\/div>\n\t\n\n<p style=\"text-align: center;\"><span style=\"font-weight: 400;\">En charge du soutien au d\u00e9veloppement du produit et de la technologie. <\/span><\/p>\n\n\t\t<\/div>\n\t\t\t\t\t<\/div>\n\n\t\n\n<\/div>\n\t<section class=\"section dark\" id=\"section_2137214585\">\n\t\t<div class=\"bg section-bg fill bg-fill  bg-loaded\" >\n\n\t\t\t\n\t\t\t\n\t\t\t\n\n\t\t<\/div>\n\n\t\t\n\n\t\t<div class=\"section-content relative\">\n\t\t\t\n\n<h1 style=\"text-align: center;\"><span style=\"font-size: 130%;\">Experts Internationaux<\/span><\/h1>\n<div class=\"text-center\"><div class=\"is-divider divider clearfix\" style=\"max-width:145px;\"><\/div><\/div>\n\n\t<div id=\"gap-1959309196\" class=\"gap-element clearfix\" style=\"display:block; height:auto;\">\n\t\t\n<style>\n#gap-1959309196 {\n  padding-top: 30px;\n}\n<\/style>\n\t<\/div>\n\t\n\n<div class=\"row align-center\"  id=\"row-2009871429\">\n\n\n\t<div id=\"col-615150275\" class=\"col medium-4 small-9 large-4\"  >\n\t\t\t\t<div class=\"col-inner\"  >\n\t\t\t\n\t\t\t\n\n    <div class=\"box has-hover has-hover box-text-bottom\" >\n\n         <a href=\"\/fr\/manoj-mayak\/\"  >         <div class=\"box-image\" style=\"width:50%;\">\n           <div class=\"box-image-inner image-cover\" style=\"border-radius:100%;padding-top:100%;\">\n              <img loading=\"lazy\" decoding=\"async\" width=\"1080\" height=\"1080\" src=\"https:\/\/novigrain.eu\/wp-content\/uploads\/2021\/03\/Photo-Manoj-Nayak-for-JSPR.jpg\" class=\"attachment- size-\" alt=\"\" srcset=\"https:\/\/novigrain.eu\/wp-content\/uploads\/2021\/03\/Photo-Manoj-Nayak-for-JSPR.jpg 1080w, https:\/\/novigrain.eu\/wp-content\/uploads\/2021\/03\/Photo-Manoj-Nayak-for-JSPR-300x300.jpg 300w, https:\/\/novigrain.eu\/wp-content\/uploads\/2021\/03\/Photo-Manoj-Nayak-for-JSPR-1024x1024.jpg 1024w, https:\/\/novigrain.eu\/wp-content\/uploads\/2021\/03\/Photo-Manoj-Nayak-for-JSPR-150x150.jpg 150w, https:\/\/novigrain.eu\/wp-content\/uploads\/2021\/03\/Photo-Manoj-Nayak-for-JSPR-768x768.jpg 768w, https:\/\/novigrain.eu\/wp-content\/uploads\/2021\/03\/Photo-Manoj-Nayak-for-JSPR-600x600.jpg 600w, https:\/\/novigrain.eu\/wp-content\/uploads\/2021\/03\/Photo-Manoj-Nayak-for-JSPR-100x100.jpg 100w\" sizes=\"auto, (max-width: 1080px) 100vw, 1080px\" \/>                         <\/div>\n          <\/div>\n         <\/a>\n          <div class=\"box-text text-center\" >\n                <div class=\"box-text-inner\">\n                  <h4 class=\"uppercase\">\n                    <span class=\"person-name\">Dr Manoj Nayak<\/span><br\/>\n                    <span class=\"person-title is-small thin-font op-7\">\n                                          <\/span>\n                  <\/h4>\n                                  \n\n<p>Le Dr Manoj Nayak est un principal entomologiste de recherche et le chef de l'\u00e9quipe de protection des c\u00e9r\u00e9ales apr\u00e8s r\u00e9colte du minist\u00e8re de l'Agriculture et de la P\u00eache, \u00e0 Brisbane, Queensland, Australie.<\/p>\n\n                <\/div>\n          <\/div>\n    <\/div>\n\n    \n    \n\n\t\t<\/div>\n\t\t\t\t\t<\/div>\n\n\t\n\n\t<div id=\"col-578770817\" class=\"col medium-4 small-9 large-4\"  >\n\t\t\t\t<div class=\"col-inner\"  >\n\t\t\t\n\t\t\t\n\n    <div class=\"box has-hover has-hover box-text-bottom\" >\n\n         <a href=\"\/fr\/christos-athanassiou\/\"  >         <div class=\"box-image\" style=\"width:50%;\">\n           <div class=\"box-image-inner image-cover\" style=\"border-radius:100%;padding-top:100%;\">\n              <img loading=\"lazy\" decoding=\"async\" width=\"537\" height=\"550\" src=\"https:\/\/novigrain.eu\/wp-content\/uploads\/2021\/03\/Christos.jpg\" class=\"attachment- size-\" alt=\"\" srcset=\"https:\/\/novigrain.eu\/wp-content\/uploads\/2021\/03\/Christos.jpg 537w, https:\/\/novigrain.eu\/wp-content\/uploads\/2021\/03\/Christos-293x300.jpg 293w\" sizes=\"auto, (max-width: 537px) 100vw, 537px\" \/>                         <\/div>\n          <\/div>\n         <\/a>\n          <div class=\"box-text text-center\" >\n                <div class=\"box-text-inner\">\n                  <h4 class=\"uppercase\">\n                    <span class=\"person-name\">Christos Athanassiou<\/span><br\/>\n                    <span class=\"person-title is-small thin-font op-7\">\n                                          <\/span>\n                  <\/h4>\n                                  \n\n<p>Christos Athanassiou est professeur d'entomologie \u00e0 l'Universit\u00e9 de Thessalie, en Gr\u00e8ce, depuis 2010.<\/p>\n\n                <\/div>\n          <\/div>\n    <\/div>\n\n    \n    \n\n\t\t<\/div>\n\t\t\t\t\t<\/div>\n\n\t\n\n\t<div id=\"col-1088243230\" class=\"col medium-4 small-9 large-4\"  >\n\t\t\t\t<div class=\"col-inner\"  >\n\t\t\t\n\t\t\t\n\n    <div class=\"box has-hover has-hover box-text-bottom\" >\n\n         <a href=\"\/fr\/emanuele-mazzoni\/\"  >         <div class=\"box-image\" style=\"width:50%;\">\n           <div class=\"box-image-inner image-cover\" style=\"border-radius:100%;padding-top:100%;\">\n              <img loading=\"lazy\" decoding=\"async\" width=\"501\" height=\"775\" src=\"https:\/\/novigrain.eu\/wp-content\/uploads\/2021\/03\/Phtoto-Emanuele_Mazzoni-foto-per-novIGRain-2021.jpg\" class=\"attachment- size-\" alt=\"\" srcset=\"https:\/\/novigrain.eu\/wp-content\/uploads\/2021\/03\/Phtoto-Emanuele_Mazzoni-foto-per-novIGRain-2021.jpg 501w, https:\/\/novigrain.eu\/wp-content\/uploads\/2021\/03\/Phtoto-Emanuele_Mazzoni-foto-per-novIGRain-2021-194x300.jpg 194w\" sizes=\"auto, (max-width: 501px) 100vw, 501px\" \/>                         <\/div>\n          <\/div>\n         <\/a>\n          <div class=\"box-text text-center\" >\n                <div class=\"box-text-inner\">\n                  <h4 class=\"uppercase\">\n                    <span class=\"person-name\">emanuele mazzoni<\/span><br\/>\n                    <span class=\"person-title is-small thin-font op-7\">\n                                          <\/span>\n                  <\/h4>\n                                  \n\n<p><span style=\"font-weight: 400;\">Emanuele Mazzoni est professeur associ\u00e9 en entomologie g\u00e9n\u00e9rale et appliqu\u00e9e (SSD AGR\/11) \u00e0 la Facult\u00e9 des sciences de l'agriculture, de l'alimentation et de l'environnement de l'Universit\u00e0 Cattolica del Sacro Cuore.<\/span><\/p>\n\n                <\/div>\n          <\/div>\n    <\/div>\n\n    \n    \n\n\t\t<\/div>\n\t\t\t\t\t<\/div>\n\n\t\n\n<\/div>\n\n\t\t<\/div>\n\n\t\t\n<style>\n#section_2137214585 {\n  padding-top: 30px;\n  padding-bottom: 30px;\n  background-color: rgb(32, 103, 50);\n}\n#section_2137214585 .ux-shape-divider--top svg {\n  height: 150px;\n  --divider-top-width: 100%;\n}\n#section_2137214585 .ux-shape-divider--bottom svg {\n  height: 150px;\n  --divider-width: 100%;\n}\n<\/style>\n\t<\/section>","protected":false},"excerpt":{"rendered":"<p>&nbsp; D\u00e9couvrez nos membres<\/p>","protected":false},"author":1,"featured_media":0,"parent":0,"menu_order":0,"comment_status":"closed","ping_status":"closed","template":"","meta":{"footnotes":""},"class_list":["post-640","page","type-page","status-publish","hentry"],"yoast_head":"<!-- This site is optimized with the Yoast SEO plugin v27.4 - https:\/\/yoast.com\/product\/yoast-seo-wordpress\/ -->\n<title>CRI: In charge of assessing insect resistance in grain storage management<\/title>\n<meta name=\"description\" content=\"CRI is part of the novIGRain team Sustainable storage of grains by implementing a novel protectant and a versatile application technology\" \/>\n<meta name=\"robots\" content=\"index, follow, max-snippet:-1, max-image-preview:large, max-video-preview:-1\" \/>\n<link rel=\"canonical\" href=\"https:\/\/novigrain.eu\/fr\/cri-czech-republic\/\" \/>\n<meta property=\"og:locale\" content=\"fr_FR\" \/>\n<meta property=\"og:type\" content=\"article\" \/>\n<meta property=\"og:title\" content=\"CRI: In charge of assessing insect resistance in grain storage management\" \/>\n<meta property=\"og:description\" content=\"CRI is part of the novIGRain team Sustainable storage of grains by implementing a novel protectant and a versatile application technology\" \/>\n<meta property=\"og:url\" content=\"https:\/\/novigrain.eu\/fr\/cri-czech-republic\/\" \/>\n<meta property=\"og:site_name\" content=\"novIGRain\" \/>\n<meta property=\"article:modified_time\" content=\"2021-04-15T08:03:51+00:00\" \/>\n<meta name=\"twitter:card\" content=\"summary_large_image\" \/>\n<meta name=\"twitter:label1\" content=\"Dur\u00e9e de lecture estim\u00e9e\" \/>\n\t<meta name=\"twitter:data1\" content=\"1 minute\" \/>\n<script type=\"application\/ld+json\" class=\"yoast-schema-graph\">{\"@context\":\"https:\\\/\\\/schema.org\",\"@graph\":[{\"@type\":\"WebPage\",\"@id\":\"https:\\\/\\\/novigrain.eu\\\/fr\\\/cri-czech-republic\\\/\",\"url\":\"https:\\\/\\\/novigrain.eu\\\/fr\\\/cri-czech-republic\\\/\",\"name\":\"CRI: In charge of assessing insect resistance in grain storage management\",\"isPartOf\":{\"@id\":\"https:\\\/\\\/novigrain.eu\\\/#website\"},\"datePublished\":\"2021-03-04T16:43:26+00:00\",\"dateModified\":\"2021-04-15T08:03:51+00:00\",\"description\":\"CRI is part of the novIGRain team Sustainable storage of grains by implementing a novel protectant and a versatile application technology\",\"breadcrumb\":{\"@id\":\"https:\\\/\\\/novigrain.eu\\\/fr\\\/cri-czech-republic\\\/#breadcrumb\"},\"inLanguage\":\"fr-FR\",\"potentialAction\":[{\"@type\":\"ReadAction\",\"target\":[\"https:\\\/\\\/novigrain.eu\\\/fr\\\/cri-czech-republic\\\/\"]}]},{\"@type\":\"BreadcrumbList\",\"@id\":\"https:\\\/\\\/novigrain.eu\\\/fr\\\/cri-czech-republic\\\/#breadcrumb\",\"itemListElement\":[{\"@type\":\"ListItem\",\"position\":1,\"name\":\"Accueil\",\"item\":\"https:\\\/\\\/novigrain.eu\\\/\"},{\"@type\":\"ListItem\",\"position\":2,\"name\":\"CRI\"}]},{\"@type\":\"WebSite\",\"@id\":\"https:\\\/\\\/novigrain.eu\\\/#website\",\"url\":\"https:\\\/\\\/novigrain.eu\\\/\",\"name\":\"novIGRain\",\"description\":\"Sustainable storage of grains\",\"potentialAction\":[{\"@type\":\"SearchAction\",\"target\":{\"@type\":\"EntryPoint\",\"urlTemplate\":\"https:\\\/\\\/novigrain.eu\\\/?s={search_term_string}\"},\"query-input\":{\"@type\":\"PropertyValueSpecification\",\"valueRequired\":true,\"valueName\":\"search_term_string\"}}],\"inLanguage\":\"fr-FR\"}]}<\/script>\n<!-- \/ Yoast SEO plugin. -->","yoast_head_json":{"title":"CRI: In charge of assessing insect resistance in grain storage management","description":"CRI is part of the novIGRain team Sustainable storage of grains by implementing a novel protectant and a versatile application technology","robots":{"index":"index","follow":"follow","max-snippet":"max-snippet:-1","max-image-preview":"max-image-preview:large","max-video-preview":"max-video-preview:-1"},"canonical":"https:\/\/novigrain.eu\/fr\/cri-czech-republic\/","og_locale":"fr_FR","og_type":"article","og_title":"CRI: In charge of assessing insect resistance in grain storage management","og_description":"CRI is part of the novIGRain team Sustainable storage of grains by implementing a novel protectant and a versatile application technology","og_url":"https:\/\/novigrain.eu\/fr\/cri-czech-republic\/","og_site_name":"novIGRain","article_modified_time":"2021-04-15T08:03:51+00:00","twitter_card":"summary_large_image","twitter_misc":{"Dur\u00e9e de lecture estim\u00e9e":"1 minute"},"schema":{"@context":"https:\/\/schema.org","@graph":[{"@type":"WebPage","@id":"https:\/\/novigrain.eu\/fr\/cri-czech-republic\/","url":"https:\/\/novigrain.eu\/fr\/cri-czech-republic\/","name":"CRI: In charge of assessing insect resistance in grain storage management","isPartOf":{"@id":"https:\/\/novigrain.eu\/#website"},"datePublished":"2021-03-04T16:43:26+00:00","dateModified":"2021-04-15T08:03:51+00:00","description":"CRI is part of the novIGRain team Sustainable storage of grains by implementing a novel protectant and a versatile application technology","breadcrumb":{"@id":"https:\/\/novigrain.eu\/fr\/cri-czech-republic\/#breadcrumb"},"inLanguage":"fr-FR","potentialAction":[{"@type":"ReadAction","target":["https:\/\/novigrain.eu\/fr\/cri-czech-republic\/"]}]},{"@type":"BreadcrumbList","@id":"https:\/\/novigrain.eu\/fr\/cri-czech-republic\/#breadcrumb","itemListElement":[{"@type":"ListItem","position":1,"name":"Accueil","item":"https:\/\/novigrain.eu\/"},{"@type":"ListItem","position":2,"name":"CRI"}]},{"@type":"WebSite","@id":"https:\/\/novigrain.eu\/#website","url":"https:\/\/novigrain.eu\/","name":"novIGRain","description":"Sustainable storage of grains","potentialAction":[{"@type":"SearchAction","target":{"@type":"EntryPoint","urlTemplate":"https:\/\/novigrain.eu\/?s={search_term_string}"},"query-input":{"@type":"PropertyValueSpecification","valueRequired":true,"valueName":"search_term_string"}}],"inLanguage":"fr-FR"}]}},"_links":{"self":[{"href":"https:\/\/novigrain.eu\/fr\/wp-json\/wp\/v2\/pages\/640","targetHints":{"allow":["GET"]}}],"collection":[{"href":"https:\/\/novigrain.eu\/fr\/wp-json\/wp\/v2\/pages"}],"about":[{"href":"https:\/\/novigrain.eu\/fr\/wp-json\/wp\/v2\/types\/page"}],"author":[{"embeddable":true,"href":"https:\/\/novigrain.eu\/fr\/wp-json\/wp\/v2\/users\/1"}],"replies":[{"embeddable":true,"href":"https:\/\/novigrain.eu\/fr\/wp-json\/wp\/v2\/comments?post=640"}],"version-history":[{"count":10,"href":"https:\/\/novigrain.eu\/fr\/wp-json\/wp\/v2\/pages\/640\/revisions"}],"predecessor-version":[{"id":1007,"href":"https:\/\/novigrain.eu\/fr\/wp-json\/wp\/v2\/pages\/640\/revisions\/1007"}],"wp:attachment":[{"href":"https:\/\/novigrain.eu\/fr\/wp-json\/wp\/v2\/media?parent=640"}],"curies":[{"name":"wp","href":"https:\/\/api.w.org\/{rel}","templated":true}]}}