{"id":576,"date":"2021-03-04T13:53:27","date_gmt":"2021-03-04T12:53:27","guid":{"rendered":"http:\/\/photographik.fr\/?page_id=576"},"modified":"2023-08-04T11:00:28","modified_gmt":"2023-08-04T09:00:28","slug":"legal","status":"publish","type":"page","link":"https:\/\/novigrain.eu\/fr\/legal\/","title":{"rendered":"Notices l\u00e9gales"},"content":{"rendered":"<div class=\"row\"  id=\"row-85577103\">\n\n\t<div id=\"col-245565343\" class=\"col small-12 large-12\"  >\n\t\t\t\t<div class=\"col-inner\"  >\n\t\t\t\n\t\t\t\n\t\t<\/div>\n\t\t\t\t\t<\/div>\n\n\t\n<\/div>\n<p>Ce site web est d\u00e9tenu et exploit\u00e9 par le consortium du projet novIGRain qui est constitu\u00e9 des partenaires suivants :<\/p>\n<p><span style=\"font-weight: 400;\">Maxiline &#8211; Babolna Bio &#8211; SOJAM &#8211; LA &#8211; <\/span><span style=\"font-weight: 400;\">Toxi-Coop &#8211; <\/span><span style=\"font-weight: 400;\">CRI <\/span><span style=\"font-weight: 400;\">&#8211;<\/span><span style=\"font-weight: 400;\">\u00a0UBM &#8211; EV <\/span><span style=\"font-weight: 400;\">ILVO &#8211; <\/span><span style=\"font-weight: 400;\">UE\u00a0<\/span><\/p>\n<h2>Personnes de contact :<\/h2>\n<p>\u00c9quipe de coordination :<\/p>\n<p>Maxiline &#8211; Brussels : Frederic Verwilghen<\/p>\n<p>contact@novigrain.eu<\/p>\n<h2>Droit \u00e0 l\u2019image :<\/h2>\n<p>Sauf indication contraire, le projet novIGRain conserve tous les droits sur les images, textes et autres m\u00e9dias publi\u00e9s sur ce site web.<\/p>\n<p>Les images peuvent \u00eatre utilis\u00e9es \u00e0 des fins \u00e9ditoriales uniquement. Leur utilisation est gratuite, \u00e0 condition que la r\u00e9f\u00e9rence de la source soit indiqu\u00e9e. Les modifications graphiques de la photo - \u00e0 l'exception de la mise en \u00e9vidence du motif principal - ne sont pas autoris\u00e9es.<\/p>\n<p>Il est express\u00e9ment autoris\u00e9 - dans le respect des restrictions suivantes - de copier, d'imprimer et de distribuer ces pages web ainsi que les documents joints. Les pages Web et les documents fournis ici ne peuvent \u00eatre utilis\u00e9s qu'\u00e0 des fins d'information. Ces pages Web et ces documents ne peuvent pas \u00eatre utilis\u00e9s \u00e0 des fins commerciales. Chaque copie (ceci s'applique \u00e9galement aux extraits) doit inclure la preuve de copyright mentionn\u00e9e ci-dessus.<\/p>\n<p class=\"translation-block\">Les images affich\u00e9es sur ce site web ont \u00e9t\u00e9 fournies par https:\/\/elements.envato.com licenci\u00e9 Art Zone<\/p>\n<h2>Clause de non-responsabilit\u00e9 :<\/h2>\n<p>Nous ne pouvons assumer aucune responsabilit\u00e9 quant au contenu des pages externes. Seuls les exploitants de ces pages li\u00e9es sont responsables de leur contenu.<\/p>\n<p>novIGRain s'efforce de veiller \u00e0 ce que le contenu de ce site Web soit actualis\u00e9, exact et complet. N\u00e9anmoins, la possibilit\u00e9 d'erreurs ne peut \u00eatre totalement exclue. novIGRain ne donne aucune garantie quant \u00e0 l'actualit\u00e9, l'exactitude ou l'exhaustivit\u00e9 du mat\u00e9riel publi\u00e9 sur ce site et d\u00e9cline toute responsabilit\u00e9 pour les pertes ou dommages (mat\u00e9riels ou immat\u00e9riels) subis par des tiers suite \u00e0 l'utilisation du contenu obtenu sur le site.<\/p>\n<p>Les marques d\u00e9pos\u00e9es et les noms de propri\u00e9t\u00e9, ainsi que les textes et images prot\u00e9g\u00e9s par le droit d'auteur, ne sont g\u00e9n\u00e9ralement pas indiqu\u00e9s comme tels sur nos pages web. Mais l'absence de telles indications ne signifie en aucun cas que ces noms, images ou textes appartiennent au domaine public dans le cadre du droit des marques ou du droit d'auteur.<\/p>\n<h2>Protection des donn\u00e9es et politique de confidentialit\u00e9 :<\/h2>\n<p>novIGRain s'engage \u00e0 prot\u00e9ger votre vie priv\u00e9e. Lorsque nous traitons des donn\u00e9es personnelles, nous respectons les r\u00e8gles \u00e9tablies par le r\u00e8glement g\u00e9n\u00e9ral sur la protection des donn\u00e9es (UE) 2016\/679.<\/p>\n<p>Cet avis de confidentialit\u00e9 explique comment nous collectons et utilisons vos donn\u00e9es personnelles et quels sont vos droits et options \u00e0 cet \u00e9gard.<\/p>\n<p><strong>What information do we collect about you and when?<\/strong><\/p>\n<p>We collect information about you when you register for an event organised by novIGRain. We also collect information when you voluntarily subscribe to our newsletter, complete surveys, ask questions or provide feedback and give your informed consent for your data to be used. Website usage information is collected using cookies.<\/p>\n<p><strong>Comment utiliserons-nous les informations vous concernant ?<\/strong><\/p>\n<p>We collect information about you to process your inquiry and, if you agree, to email you about project news that we think may be of interest to you, amongst which invitations to workshops and events. novIGRain will not share your information for marketing purposes with companies, institutions or other third parties without your consent.<\/p>\n<p><strong>How to consult your information and have it removed?<\/strong><\/p>\n<p>Upon simple request, by sending us an e-mail on the following address <a href=\"mailto:info@novigrain.eu\">contact@novigrain.eu<\/a> all your personal data will be removed from our databases.<\/p>\n<p><strong>Marketing<\/strong><\/p>\n<p>novIGrain diffuse des informations sur les travaux du projet et les activit\u00e9s connexes par courrier \u00e9lectronique. Si vous avez consenti \u00e0 recevoir des informations par courrier \u00e9lectronique, vous pouvez toujours vous d\u00e9sengager ult\u00e9rieurement. Vous avez le droit, \u00e0 tout moment, de nous emp\u00eacher de vous contacter \u00e0 des fins de marketing et d'information. Si vous ne souhaitez plus \u00eatre contact\u00e9, veuillez envoyer un courriel \u00e0 info@novigrain.eu.<\/p>\n<p><strong>Google Analytics<\/strong><\/p>\n<p class=\"translation-block\">Ce site Web utilise des fonctions du service d'analyse Web Google Analytics fourni par Google Inc, 1600 Amphitheatre Parway Mountain View, CA 94043, \u00c9tats-Unis. Google Analytics utilise des \"cookies\", des fichiers texte enregistr\u00e9s sur l'ordinateur des utilisateurs qui permettent d'analyser l'utilisation du site par les utilisateurs. Les informations sur l'utilisation du site par les utilisateurs sont g\u00e9n\u00e9ralement envoy\u00e9es et stock\u00e9es chez un prestataire de services de Google aux \u00c9tats-Unis. Vous trouverez de plus amples informations sur le traitement des donn\u00e9es des utilisateurs par Google Analytics dans le rapport de protection des donn\u00e9es de Google.<\/p>\n<p><strong>Cookies<\/strong><\/p>\n<p class=\"translation-block\">Les utilisateurs peuvent emp\u00eacher le stockage des cookies par le biais des param\u00e8tres du logiciel de navigation utilis\u00e9 ; dans ce cas, il faut garder \u00e0 l'esprit que certaines fonctions du site Web peuvent ne pas \u00eatre utilisables dans leur int\u00e9gralit\u00e9. En outre, les utilisateurs peuvent emp\u00eacher la transmission et l'analyse des donn\u00e9es (y compris l'adresse IP de l'utilisateur) obtenues par le cookie par Google en t\u00e9l\u00e9chargeant et en installant le plugin de navigateur qui se trouve sous le lien suivant.<\/p>\n<p><strong>Autres sites web<\/strong><\/p>\n<p>Notre site web contient des liens vers d'autres sites web. Le pr\u00e9sent avis de confidentialit\u00e9 ne s'applique qu'\u00e0 ce site web. Par cons\u00e9quent, lorsque vous vous connectez \u00e0 d'autres sites web, vous devez lire leur propre politique de confidentialit\u00e9.<\/p>\n<p><strong>Modifications de notre politique de confidentialit\u00e9<\/strong><\/p>\n<p>Nous r\u00e9visons r\u00e9guli\u00e8rement notre politique de confidentialit\u00e9 et nous publierons toute mise \u00e0 jour sur cette page Web. La pr\u00e9sente d\u00e9claration de confidentialit\u00e9 a \u00e9t\u00e9 mise \u00e0 jour pour la derni\u00e8re fois en mars 2021.<\/p>\n<p><strong>Comment nous contacter<\/strong><\/p>\n<p>Please contact us if you have any questions about our privacy policy or information we hold about you by email at <a href=\"mailto:info@novigrain.eu\">contact@novigrain.eu<\/a><\/p>","protected":false},"excerpt":{"rendered":"<p>This website is owned and operated by the novIGRain project consortium that is constituted by the following partners: Maxiline &#8211; Babolna Bio &#8211; SOJAM &#8211; LA &#8211; Toxi-Coop &#8211; CRI &#8211;\u00a0UBM &#8211; EV ILVO &#8211; UE\u00a0 Contact persons Coordinating team: Maxiline &#8211; Brussels : Frederic Verwilghen contact@novigrain.eu Rights of images Unless specified otherwise, the novIGRain [&#8230;]\n","protected":false},"author":1,"featured_media":0,"parent":0,"menu_order":0,"comment_status":"closed","ping_status":"closed","template":"","meta":{"footnotes":""},"class_list":["post-576","page","type-page","status-publish","hentry"],"yoast_head":"<!-- This site is optimized with the Yoast SEO plugin v27.3 - https:\/\/yoast.com\/product\/yoast-seo-wordpress\/ -->\n<title>Legal notice: novIGRain European Union\u2019s 2020 research and innovation<\/title>\n<meta name=\"description\" content=\"novIGRain: Sustainable storage of grains by implementing a novel protectant and a versatile application technology\" \/>\n<meta name=\"robots\" content=\"index, follow, max-snippet:-1, max-image-preview:large, max-video-preview:-1\" \/>\n<link rel=\"canonical\" href=\"https:\/\/novigrain.eu\/fr\/legal\/\" \/>\n<meta property=\"og:locale\" content=\"fr_FR\" \/>\n<meta property=\"og:type\" content=\"article\" \/>\n<meta property=\"og:title\" content=\"Legal notice: novIGRain European Union\u2019s 2020 research and innovation\" \/>\n<meta property=\"og:description\" content=\"novIGRain: Sustainable storage of grains by implementing a novel protectant and a versatile application technology\" \/>\n<meta property=\"og:url\" content=\"https:\/\/novigrain.eu\/fr\/legal\/\" \/>\n<meta property=\"og:site_name\" content=\"novIGRain\" \/>\n<meta property=\"article:modified_time\" content=\"2023-08-04T09:00:28+00:00\" \/>\n<meta name=\"twitter:card\" content=\"summary_large_image\" \/>\n<meta name=\"twitter:label1\" content=\"Dur\u00e9e de lecture estim\u00e9e\" \/>\n\t<meta name=\"twitter:data1\" content=\"5 minutes\" \/>\n<script type=\"application\/ld+json\" class=\"yoast-schema-graph\">{\"@context\":\"https:\\\/\\\/schema.org\",\"@graph\":[{\"@type\":\"WebPage\",\"@id\":\"https:\\\/\\\/novigrain.eu\\\/legal\\\/\",\"url\":\"https:\\\/\\\/novigrain.eu\\\/legal\\\/\",\"name\":\"Legal notice: novIGRain European Union\u2019s 2020 research and innovation\",\"isPartOf\":{\"@id\":\"https:\\\/\\\/novigrain.eu\\\/#website\"},\"datePublished\":\"2021-03-04T12:53:27+00:00\",\"dateModified\":\"2023-08-04T09:00:28+00:00\",\"description\":\"novIGRain: Sustainable storage of grains by implementing a novel protectant and a versatile application technology\",\"breadcrumb\":{\"@id\":\"https:\\\/\\\/novigrain.eu\\\/legal\\\/#breadcrumb\"},\"inLanguage\":\"fr-FR\",\"potentialAction\":[{\"@type\":\"ReadAction\",\"target\":[\"https:\\\/\\\/novigrain.eu\\\/legal\\\/\"]}]},{\"@type\":\"BreadcrumbList\",\"@id\":\"https:\\\/\\\/novigrain.eu\\\/legal\\\/#breadcrumb\",\"itemListElement\":[{\"@type\":\"ListItem\",\"position\":1,\"name\":\"Accueil\",\"item\":\"https:\\\/\\\/novigrain.eu\\\/\"},{\"@type\":\"ListItem\",\"position\":2,\"name\":\"Legal notice\"}]},{\"@type\":\"WebSite\",\"@id\":\"https:\\\/\\\/novigrain.eu\\\/#website\",\"url\":\"https:\\\/\\\/novigrain.eu\\\/\",\"name\":\"novIGRain\",\"description\":\"Sustainable storage of grains\",\"potentialAction\":[{\"@type\":\"SearchAction\",\"target\":{\"@type\":\"EntryPoint\",\"urlTemplate\":\"https:\\\/\\\/novigrain.eu\\\/?s={search_term_string}\"},\"query-input\":{\"@type\":\"PropertyValueSpecification\",\"valueRequired\":true,\"valueName\":\"search_term_string\"}}],\"inLanguage\":\"fr-FR\"}]}<\/script>\n<!-- \/ Yoast SEO plugin. -->","yoast_head_json":{"title":"Legal notice: novIGRain European Union\u2019s 2020 research and innovation","description":"novIGRain: Sustainable storage of grains by implementing a novel protectant and a versatile application technology","robots":{"index":"index","follow":"follow","max-snippet":"max-snippet:-1","max-image-preview":"max-image-preview:large","max-video-preview":"max-video-preview:-1"},"canonical":"https:\/\/novigrain.eu\/fr\/legal\/","og_locale":"fr_FR","og_type":"article","og_title":"Legal notice: novIGRain European Union\u2019s 2020 research and innovation","og_description":"novIGRain: Sustainable storage of grains by implementing a novel protectant and a versatile application technology","og_url":"https:\/\/novigrain.eu\/fr\/legal\/","og_site_name":"novIGRain","article_modified_time":"2023-08-04T09:00:28+00:00","twitter_card":"summary_large_image","twitter_misc":{"Dur\u00e9e de lecture estim\u00e9e":"5 minutes"},"schema":{"@context":"https:\/\/schema.org","@graph":[{"@type":"WebPage","@id":"https:\/\/novigrain.eu\/legal\/","url":"https:\/\/novigrain.eu\/legal\/","name":"Legal notice: novIGRain European Union\u2019s 2020 research and innovation","isPartOf":{"@id":"https:\/\/novigrain.eu\/#website"},"datePublished":"2021-03-04T12:53:27+00:00","dateModified":"2023-08-04T09:00:28+00:00","description":"novIGRain: Sustainable storage of grains by implementing a novel protectant and a versatile application technology","breadcrumb":{"@id":"https:\/\/novigrain.eu\/legal\/#breadcrumb"},"inLanguage":"fr-FR","potentialAction":[{"@type":"ReadAction","target":["https:\/\/novigrain.eu\/legal\/"]}]},{"@type":"BreadcrumbList","@id":"https:\/\/novigrain.eu\/legal\/#breadcrumb","itemListElement":[{"@type":"ListItem","position":1,"name":"Accueil","item":"https:\/\/novigrain.eu\/"},{"@type":"ListItem","position":2,"name":"Legal notice"}]},{"@type":"WebSite","@id":"https:\/\/novigrain.eu\/#website","url":"https:\/\/novigrain.eu\/","name":"novIGRain","description":"Sustainable storage of grains","potentialAction":[{"@type":"SearchAction","target":{"@type":"EntryPoint","urlTemplate":"https:\/\/novigrain.eu\/?s={search_term_string}"},"query-input":{"@type":"PropertyValueSpecification","valueRequired":true,"valueName":"search_term_string"}}],"inLanguage":"fr-FR"}]}},"_links":{"self":[{"href":"https:\/\/novigrain.eu\/fr\/wp-json\/wp\/v2\/pages\/576","targetHints":{"allow":["GET"]}}],"collection":[{"href":"https:\/\/novigrain.eu\/fr\/wp-json\/wp\/v2\/pages"}],"about":[{"href":"https:\/\/novigrain.eu\/fr\/wp-json\/wp\/v2\/types\/page"}],"author":[{"embeddable":true,"href":"https:\/\/novigrain.eu\/fr\/wp-json\/wp\/v2\/users\/1"}],"replies":[{"embeddable":true,"href":"https:\/\/novigrain.eu\/fr\/wp-json\/wp\/v2\/comments?post=576"}],"version-history":[{"count":18,"href":"https:\/\/novigrain.eu\/fr\/wp-json\/wp\/v2\/pages\/576\/revisions"}],"predecessor-version":[{"id":1302,"href":"https:\/\/novigrain.eu\/fr\/wp-json\/wp\/v2\/pages\/576\/revisions\/1302"}],"wp:attachment":[{"href":"https:\/\/novigrain.eu\/fr\/wp-json\/wp\/v2\/media?parent=576"}],"curies":[{"name":"wp","href":"https:\/\/api.w.org\/{rel}","templated":true}]}}