{"id":541,"date":"2021-03-02T19:11:54","date_gmt":"2021-03-02T18:11:54","guid":{"rendered":"http:\/\/photographik.fr\/?page_id=541"},"modified":"2021-04-27T18:32:50","modified_gmt":"2021-04-27T16:32:50","slug":"cookies","status":"publish","type":"page","link":"https:\/\/novigrain.eu\/fr\/cookies\/","title":{"rendered":"Politique de cookies"},"content":{"rendered":"<div class=\"banner has-hover\" id=\"banner-954410888\">\n          <div class=\"banner-inner fill\">\n        <div class=\"banner-bg fill\" >\n            <div class=\"bg fill bg-fill\"><\/div>\n                        <div class=\"overlay\"><\/div>            \n                    <\/div>\n\t\t\n        <div class=\"banner-layers container\">\n            <div class=\"fill banner-link\"><\/div>            \n   <div id=\"text-box-1149097079\" class=\"text-box banner-layer x50 md-x50 lg-x50 y50 md-y50 lg-y50 res-text\">\n                                <div class=\"text-box-content text dark\">\n              \n              <div class=\"text-inner text-center\">\n                  \n<h1 class=\"page-title entry-title\">Cookies Policy<\/h1>\n              <\/div>\n           <\/div>\n                            \n<style>\n#text-box-1149097079 {\n  width: 60%;\n}\n#text-box-1149097079 .text-box-content {\n  font-size: 100%;\n}\n<\/style>\n    <\/div>\n \n        <\/div>\n      <\/div>\n\n            \n<style>\n#banner-954410888 {\n  padding-top: 327px;\n}\n#banner-954410888 .bg.bg-loaded {\n  background-image: url(https:\/\/novigrain.eu\/wp-content\/uploads\/2021\/02\/ble-1024x682.png);\n}\n#banner-954410888 .overlay {\n  background-color: rgba(0, 0, 0, 0.69);\n}\n#banner-954410888 .bg {\n  background-position: 47% 44%;\n}\n#banner-954410888 .ux-shape-divider--top svg {\n  height: 150px;\n  --divider-top-width: 100%;\n}\n#banner-954410888 .ux-shape-divider--bottom svg {\n  height: 150px;\n  --divider-width: 100%;\n}\n@media (min-width:550px) {\n  #banner-954410888 .overlay {\n    background-color: rgba(0, 0, 0, 0.5);\n  }\n}\n<\/style>\n  <\/div>\n\n\n<div class=\"row\"  id=\"row-1802013514\">\n\n\t<div id=\"col-1738163136\" class=\"col small-12 large-12\"  >\n\t\t\t\t<div class=\"col-inner text-center\"  >\n\t\t\t\n\t\t\t\n<p class=\"translation-block\">Ce site utilise des cookies - de petits fichiers texte qui sont plac\u00e9s sur votre machine pour aider le site \u00e0 offrir une meilleure exp\u00e9rience utilisateur. En g\u00e9n\u00e9ral, les cookies sont utilis\u00e9s pour conserver les pr\u00e9f\u00e9rences des utilisateurs, stocker des informations pour des choses comme les paniers d'achat et fournir des donn\u00e9es de suivi anonymes \u00e0 des applications tierces comme Google Analytics. En r\u00e8gle g\u00e9n\u00e9rale, les cookies am\u00e9liorent votre exp\u00e9rience de navigation. \n\nToutefois, vous pr\u00e9f\u00e9rerez peut-\u00eatre d\u00e9sactiver les cookies sur ce site et sur d'autres. La mani\u00e8re la plus efficace de le faire est de d\u00e9sactiver les cookies dans votre navigateur. Nous vous sugg\u00e9rons de consulter la section \"Aide\" de votre navigateur ou de jeter un coup d'\u0153il au site web \"About Cookies\" qui offre des conseils pour tous les navigateurs modernes.<\/p>\n\t\t<\/div>\n\t\t\t\t\t<\/div>\n\n\t\n<\/div>","protected":false},"excerpt":{"rendered":"","protected":false},"author":1,"featured_media":0,"parent":0,"menu_order":0,"comment_status":"closed","ping_status":"closed","template":"","meta":{"footnotes":""},"class_list":["post-541","page","type-page","status-publish","hentry"],"yoast_head":"<!-- This site is optimized with the Yoast SEO plugin v27.3 - https:\/\/yoast.com\/product\/yoast-seo-wordpress\/ -->\n<title>Cookie Policy: novIGRain European Union\u2019s 2020 research and innovation<\/title>\n<meta name=\"description\" content=\"novIGRain: Sustainable storage of grains by implementing a novel protectant and a versatile application technology\" \/>\n<meta name=\"robots\" content=\"index, follow, max-snippet:-1, max-image-preview:large, max-video-preview:-1\" \/>\n<link rel=\"canonical\" href=\"https:\/\/novigrain.eu\/fr\/cookies\/\" \/>\n<meta property=\"og:locale\" content=\"fr_FR\" \/>\n<meta property=\"og:type\" content=\"article\" \/>\n<meta property=\"og:title\" content=\"Cookie Policy: novIGRain European Union\u2019s 2020 research and innovation\" \/>\n<meta property=\"og:description\" content=\"novIGRain: Sustainable storage of grains by implementing a novel protectant and a versatile application technology\" \/>\n<meta property=\"og:url\" content=\"https:\/\/novigrain.eu\/fr\/cookies\/\" \/>\n<meta property=\"og:site_name\" content=\"novIGRain\" \/>\n<meta property=\"article:modified_time\" content=\"2021-04-27T16:32:50+00:00\" \/>\n<meta name=\"twitter:card\" content=\"summary_large_image\" \/>\n<meta name=\"twitter:label1\" content=\"Dur\u00e9e de lecture estim\u00e9e\" \/>\n\t<meta name=\"twitter:data1\" content=\"1 minute\" \/>\n<script type=\"application\/ld+json\" class=\"yoast-schema-graph\">{\"@context\":\"https:\\\/\\\/schema.org\",\"@graph\":[{\"@type\":\"WebPage\",\"@id\":\"https:\\\/\\\/novigrain.eu\\\/fr\\\/cookies\\\/\",\"url\":\"https:\\\/\\\/novigrain.eu\\\/fr\\\/cookies\\\/\",\"name\":\"Cookie Policy: novIGRain European Union\u2019s 2020 research and innovation\",\"isPartOf\":{\"@id\":\"https:\\\/\\\/novigrain.eu\\\/#website\"},\"datePublished\":\"2021-03-02T18:11:54+00:00\",\"dateModified\":\"2021-04-27T16:32:50+00:00\",\"description\":\"novIGRain: Sustainable storage of grains by implementing a novel protectant and a versatile application technology\",\"breadcrumb\":{\"@id\":\"https:\\\/\\\/novigrain.eu\\\/fr\\\/cookies\\\/#breadcrumb\"},\"inLanguage\":\"fr-FR\",\"potentialAction\":[{\"@type\":\"ReadAction\",\"target\":[\"https:\\\/\\\/novigrain.eu\\\/fr\\\/cookies\\\/\"]}]},{\"@type\":\"BreadcrumbList\",\"@id\":\"https:\\\/\\\/novigrain.eu\\\/fr\\\/cookies\\\/#breadcrumb\",\"itemListElement\":[{\"@type\":\"ListItem\",\"position\":1,\"name\":\"Accueil\",\"item\":\"https:\\\/\\\/novigrain.eu\\\/\"},{\"@type\":\"ListItem\",\"position\":2,\"name\":\"Cookie Policy\"}]},{\"@type\":\"WebSite\",\"@id\":\"https:\\\/\\\/novigrain.eu\\\/#website\",\"url\":\"https:\\\/\\\/novigrain.eu\\\/\",\"name\":\"novIGRain\",\"description\":\"Sustainable storage of grains\",\"potentialAction\":[{\"@type\":\"SearchAction\",\"target\":{\"@type\":\"EntryPoint\",\"urlTemplate\":\"https:\\\/\\\/novigrain.eu\\\/?s={search_term_string}\"},\"query-input\":{\"@type\":\"PropertyValueSpecification\",\"valueRequired\":true,\"valueName\":\"search_term_string\"}}],\"inLanguage\":\"fr-FR\"}]}<\/script>\n<!-- \/ Yoast SEO plugin. -->","yoast_head_json":{"title":"Cookie Policy: novIGRain European Union\u2019s 2020 research and innovation","description":"novIGRain: Sustainable storage of grains by implementing a novel protectant and a versatile application technology","robots":{"index":"index","follow":"follow","max-snippet":"max-snippet:-1","max-image-preview":"max-image-preview:large","max-video-preview":"max-video-preview:-1"},"canonical":"https:\/\/novigrain.eu\/fr\/cookies\/","og_locale":"fr_FR","og_type":"article","og_title":"Cookie Policy: novIGRain European Union\u2019s 2020 research and innovation","og_description":"novIGRain: Sustainable storage of grains by implementing a novel protectant and a versatile application technology","og_url":"https:\/\/novigrain.eu\/fr\/cookies\/","og_site_name":"novIGRain","article_modified_time":"2021-04-27T16:32:50+00:00","twitter_card":"summary_large_image","twitter_misc":{"Dur\u00e9e de lecture estim\u00e9e":"1 minute"},"schema":{"@context":"https:\/\/schema.org","@graph":[{"@type":"WebPage","@id":"https:\/\/novigrain.eu\/fr\/cookies\/","url":"https:\/\/novigrain.eu\/fr\/cookies\/","name":"Cookie Policy: novIGRain European Union\u2019s 2020 research and innovation","isPartOf":{"@id":"https:\/\/novigrain.eu\/#website"},"datePublished":"2021-03-02T18:11:54+00:00","dateModified":"2021-04-27T16:32:50+00:00","description":"novIGRain: Sustainable storage of grains by implementing a novel protectant and a versatile application technology","breadcrumb":{"@id":"https:\/\/novigrain.eu\/fr\/cookies\/#breadcrumb"},"inLanguage":"fr-FR","potentialAction":[{"@type":"ReadAction","target":["https:\/\/novigrain.eu\/fr\/cookies\/"]}]},{"@type":"BreadcrumbList","@id":"https:\/\/novigrain.eu\/fr\/cookies\/#breadcrumb","itemListElement":[{"@type":"ListItem","position":1,"name":"Accueil","item":"https:\/\/novigrain.eu\/"},{"@type":"ListItem","position":2,"name":"Cookie Policy"}]},{"@type":"WebSite","@id":"https:\/\/novigrain.eu\/#website","url":"https:\/\/novigrain.eu\/","name":"novIGRain","description":"Sustainable storage of grains","potentialAction":[{"@type":"SearchAction","target":{"@type":"EntryPoint","urlTemplate":"https:\/\/novigrain.eu\/?s={search_term_string}"},"query-input":{"@type":"PropertyValueSpecification","valueRequired":true,"valueName":"search_term_string"}}],"inLanguage":"fr-FR"}]}},"_links":{"self":[{"href":"https:\/\/novigrain.eu\/fr\/wp-json\/wp\/v2\/pages\/541","targetHints":{"allow":["GET"]}}],"collection":[{"href":"https:\/\/novigrain.eu\/fr\/wp-json\/wp\/v2\/pages"}],"about":[{"href":"https:\/\/novigrain.eu\/fr\/wp-json\/wp\/v2\/types\/page"}],"author":[{"embeddable":true,"href":"https:\/\/novigrain.eu\/fr\/wp-json\/wp\/v2\/users\/1"}],"replies":[{"embeddable":true,"href":"https:\/\/novigrain.eu\/fr\/wp-json\/wp\/v2\/comments?post=541"}],"version-history":[{"count":5,"href":"https:\/\/novigrain.eu\/fr\/wp-json\/wp\/v2\/pages\/541\/revisions"}],"predecessor-version":[{"id":1083,"href":"https:\/\/novigrain.eu\/fr\/wp-json\/wp\/v2\/pages\/541\/revisions\/1083"}],"wp:attachment":[{"href":"https:\/\/novigrain.eu\/fr\/wp-json\/wp\/v2\/media?parent=541"}],"curies":[{"name":"wp","href":"https:\/\/api.w.org\/{rel}","templated":true}]}}