{"id":405,"date":"2021-02-01T23:56:54","date_gmt":"2021-02-01T22:56:54","guid":{"rendered":"http:\/\/photographik.fr\/?page_id=405"},"modified":"2021-04-27T14:27:39","modified_gmt":"2021-04-27T12:27:39","slug":"socio-economical-and-environmental-assessment","status":"publish","type":"page","link":"https:\/\/novigrain.eu\/fr\/socio-economical-and-environmental-assessment\/","title":{"rendered":"Evaluation socio-\u00e9conomique et environnementale"},"content":{"rendered":"<div class=\"row row-full-width\"  id=\"row-1742707256\">\n\n\t<div id=\"col-1215538142\" class=\"col small-12 large-12\"  >\n\t\t\t\t<div class=\"col-inner\"  >\n\t\t\t\n\t\t\t\n\t<section class=\"section\" id=\"section_914604630\">\n\t\t<div class=\"bg section-bg fill bg-fill\" >\n\n\t\t\t\n\t\t\t\n\t\t\t\n\n\t\t<\/div>\n\n\t\t\n\n\t\t<div class=\"section-content relative\">\n\t\t\t\n\t\t<\/div>\n\n\t\t\n<style>\n#section_914604630 {\n  padding-top: 30px;\n  padding-bottom: 30px;\n  min-height: 350px;\n}\n#section_914604630 .section-bg.bg-loaded {\n  background-image: url(https:\/\/novigrain.eu\/wp-content\/uploads\/2021\/01\/novIGRain-03.png);\n}\n#section_914604630 .section-bg {\n  background-position: 15% 100%;\n}\n#section_914604630 .ux-shape-divider--top svg {\n  height: 150px;\n  --divider-top-width: 100%;\n}\n#section_914604630 .ux-shape-divider--bottom svg {\n  height: 150px;\n  --divider-width: 100%;\n}\n@media (min-width:550px) {\n  #section_914604630 {\n    min-height: 350px;\n  }\n}\n<\/style>\n\t<\/section>\n\t\n\t\t<\/div>\n\t\t\t\t\n<style>\n#col-1215538142 > .col-inner {\n  padding: 15px 0px 0px 0px;\n}\n@media (min-width:550px) {\n  #col-1215538142 > .col-inner {\n    padding: 0% 0% 0px 3%;\n  }\n}\n<\/style>\n\t<\/div>\n\n\t\n<\/div>\n<div class=\"row align-center\"  id=\"row-1931583074\">\n\n\t<div id=\"col-1460528348\" class=\"col medium-10 small-12 large-10\"  >\n\t\t\t\t<div class=\"col-inner text-center dark\" style=\"background-color:rgb(59, 117, 40);\" >\n\t\t\t\n\t\t\t\n\t<div id=\"text-2094990589\" class=\"text\">\n\t\t\n<h1 class=\"uppercase\"><b>Evaluation socio-\u00e9conomique et environnementale <\/b><\/h1>\n\t\t\n<style>\n#text-2094990589 {\n  font-size: 1.5rem;\n}\n@media (min-width:550px) {\n  #text-2094990589 {\n    font-size: 1.3rem;\n  }\n}\n@media (min-width:850px) {\n  #text-2094990589 {\n    font-size: 1.75rem;\n  }\n}\n<\/style>\n\t<\/div>\n\t\n\t\t<\/div>\n\t\t\t\t\n<style>\n#col-1460528348 > .col-inner {\n  padding: 20px 20px 30px 20px;\n  margin: -50px 0px 0px 0px;\n}\n@media (min-width:550px) {\n  #col-1460528348 > .col-inner {\n    padding: 39px 40px 30px 40px;\n    margin: -150px 0px 0px 0px;\n  }\n}\n<\/style>\n\t<\/div>\n\n\t\n<\/div>\n\t<section class=\"section\" id=\"section_197207625\">\n\t\t<div class=\"bg section-bg fill bg-fill  bg-loaded\" >\n\n\t\t\t\n\t\t\t\n\t\t\t\n\n\t\t<\/div>\n\n\t\t\n\n\t\t<div class=\"section-content relative\">\n\t\t\t\n<div class=\"row\" style=\"max-width:1287px\" id=\"row-984179222\">\n\n\t<div id=\"col-174559290\" class=\"col small-12 large-12\"  >\n\t\t\t\t<div class=\"col-inner text-center\"  >\n\t\t\t\n\t\t\t\n<p><span style=\"font-weight: 400;\">Le processus de d\u00e9veloppement du produit larvicide ULV a \u00e9t\u00e9 con\u00e7u de mani\u00e8re \u00e0 ce que l'impact sur l'environnement et la sant\u00e9 humaine soit pris en compte d\u00e8s le d\u00e9but et tout au long des \u00e9tapes suivantes. Dans un premier temps, la s\u00e9lection des mat\u00e9riaux ad\u00e9quats sera bas\u00e9e sur une \u00e9valuation pr\u00e9liminaire de l'impact (\u00e9co)toxicologique des composants possibles. De cette mani\u00e8re, il est possible de s'assurer que seuls les composants n'ayant aucun effet n\u00e9gatif sur la sant\u00e9 ou l'environnement sont incorpor\u00e9s dans les formulations d\u00e9velopp\u00e9es. Ces risques et dangers fondamentaux des coformulants seront \u00e9valu\u00e9s sur la base de la composition, de la litt\u00e9rature et des donn\u00e9es et informations r\u00e9glementaires.\u00a0<\/span><\/p>\n\t\t<\/div>\n\t\t\t\t\n<style>\n#col-174559290 > .col-inner {\n  padding: 0px 0 0px 0px;\n}\n@media (min-width:550px) {\n  #col-174559290 > .col-inner {\n    padding: 0px 0px 0px 0px;\n  }\n}\n<\/style>\n\t<\/div>\n\n\t\n<\/div>\n\t\t<\/div>\n\n\t\t\n<style>\n#section_197207625 {\n  padding-top: 0px;\n  padding-bottom: 0px;\n}\n#section_197207625 .ux-shape-divider--top svg {\n  height: 150px;\n  --divider-top-width: 100%;\n}\n#section_197207625 .ux-shape-divider--bottom svg {\n  height: 150px;\n  --divider-width: 100%;\n}\n<\/style>\n\t<\/section>\n\t\n\t<section class=\"section\" id=\"section_1517696929\">\n\t\t<div class=\"bg section-bg fill bg-fill\" >\n\n\t\t\t\n\t\t\t<div class=\"section-bg-overlay absolute fill\"><\/div>\n\t\t\t\n\n\t\t<\/div>\n\n\t\t\n\n\t\t<div class=\"section-content relative\">\n\t\t\t\n<div class=\"row\" style=\"max-width:1287px\" id=\"row-374436583\">\n\n\t<div id=\"col-484907136\" class=\"col small-12 large-12\"  >\n\t\t\t\t<div class=\"col-inner text-center\"  >\n\t\t\t\n\t\t\t\n<p><span style=\"font-weight: 400; color: #008000;\">Les \u00e9tudes seront con\u00e7ues et r\u00e9alis\u00e9es sur la base des exigences les plus r\u00e9centes en mati\u00e8re d'orientation des essais, en respectant toutes les normes europ\u00e9ennes. Ces \u00e9tudes permettront d'identifier tout effet possible sur la sant\u00e9 humaine ou l'environnement et, par la suite, de d\u00e9terminer des valeurs limites de s\u00e9curit\u00e9 pour la substance active et le produit.\u00a0<\/span><\/p>\n<p><span style=\"font-weight: 400; color: #008000;\">Tout impact possible sur les utilisateurs, les passants, les r\u00e9sidents et l'environnement sera \u00e9valu\u00e9 qualitativement et quantitativement en d\u00e9tail. Les diff\u00e9rentes voies possibles d'exposition humaine pendant l'utilisation seront d\u00e9termin\u00e9es. Sur la base des valeurs limites de s\u00e9curit\u00e9 d\u00e9termin\u00e9es \u00e0 partir des r\u00e9sultats des tests toxicologiques et \u00e9cotoxicologiques, tout risque associ\u00e9 \u00e9ventuel sera \u00e9valu\u00e9 et l'utilisation s\u00fbre du produit d\u00e9velopp\u00e9 sera d\u00e9montr\u00e9e.\u00a0<\/span><\/p>\n<p><span style=\"font-weight: 400; color: #008000;\">Une \u00e9valuation des risques pour l'environnement sera \u00e9galement r\u00e9alis\u00e9e afin d'\u00e9valuer l'impact de l'utilisation du produit d\u00e9velopp\u00e9, en particulier sur les organismes non cibl\u00e9s, et dans les compartiments respectifs du sol, de l'eau et de l'air. \u00c0 la suite de l'\u00e9valuation des risques pour l'environnement, il est pr\u00e9vu de montrer que le produit d\u00e9velopp\u00e9 et l'utilisation pr\u00e9vue n'auront aucun effet n\u00e9gatif et ne pr\u00e9senteront aucun risque pour l'environnement.\u00a0<\/span><\/p>\n\t\t<\/div>\n\t\t\t\t\n<style>\n#col-484907136 > .col-inner {\n  padding: 0px 0 0px 0px;\n}\n@media (min-width:550px) {\n  #col-484907136 > .col-inner {\n    padding: 0px 0px 0px 0px;\n  }\n}\n<\/style>\n\t<\/div>\n\n\t\n<\/div>\n\t\t<\/div>\n\n\t\t\n<style>\n#section_1517696929 {\n  padding-top: 22px;\n  padding-bottom: 22px;\n}\n#section_1517696929 .section-bg-overlay {\n  background-color: rgba(245, 241, 241, 0.872);\n}\n#section_1517696929 .section-bg.bg-loaded {\n  background-image: url(https:\/\/novigrain.eu\/wp-content\/uploads\/2021\/02\/justin-hu-dfVz5ute9Tk-unsplash.jpg);\n}\n#section_1517696929 .ux-shape-divider--top svg {\n  height: 150px;\n  --divider-top-width: 100%;\n}\n#section_1517696929 .ux-shape-divider--bottom svg {\n  height: 150px;\n  --divider-width: 100%;\n}\n<\/style>\n\t<\/section>\n\t\n\t<section class=\"section\" id=\"section_744075943\">\n\t\t<div class=\"bg section-bg fill bg-fill  bg-loaded\" >\n\n\t\t\t\n\t\t\t\n\t\t\t\n\n\t\t<\/div>\n\n\t\t\n\n\t\t<div class=\"section-content relative\">\n\t\t\t\n<div class=\"row\" style=\"max-width:1287px\" id=\"row-1551871115\">\n\n\t<div id=\"col-1105357925\" class=\"col small-12 large-12\"  >\n\t\t\t\t<div class=\"col-inner text-center\"  >\n\t\t\t\n\t\t\t\n<p class=\"translation-block\">Une comparaison de l'impact environnemental des strat\u00e9gies de traitement des grains stock\u00e9s existantes ou \u00e0 venir et des nouvelles solutions novIGRain sera \u00e9galement effectu\u00e9e au stade de l'analyse du cycle de vie du projet. L'impact sur la r\u00e9sistance sera \u00e9galement abord\u00e9, ce qui devrait avoir un impact indirect sur la sant\u00e9 humaine : un niveau \u00e9lev\u00e9 de r\u00e9sistance conduirait \u00e0 terme \u00e0 une utilisation toujours plus importante d'insecticides toxiques, ce qui devrait \u00eatre \u00e9vit\u00e9. Le projet propos\u00e9 peut apporter des solutions novatrices \u00e0 ce d\u00e9fi.<\/p>\n\t\t<\/div>\n\t\t\t\t\n<style>\n#col-1105357925 > .col-inner {\n  padding: 0px 0 0px 0px;\n}\n@media (min-width:550px) {\n  #col-1105357925 > .col-inner {\n    padding: 0px 0px 0px 0px;\n  }\n}\n<\/style>\n\t<\/div>\n\n\t\n<\/div>\n\t\t<\/div>\n\n\t\t\n<style>\n#section_744075943 {\n  padding-top: 0px;\n  padding-bottom: 0px;\n}\n#section_744075943 .ux-shape-divider--top svg {\n  height: 150px;\n  --divider-top-width: 100%;\n}\n#section_744075943 .ux-shape-divider--bottom svg {\n  height: 150px;\n  --divider-width: 100%;\n}\n<\/style>\n\t<\/section>","protected":false},"excerpt":{"rendered":"","protected":false},"author":1,"featured_media":0,"parent":0,"menu_order":0,"comment_status":"closed","ping_status":"closed","template":"page-blank.php","meta":{"footnotes":""},"class_list":["post-405","page","type-page","status-publish","hentry"],"yoast_head":"<!-- This site is optimized with the Yoast SEO plugin v27.4 - https:\/\/yoast.com\/product\/yoast-seo-wordpress\/ -->\n<title>Socio Economical and Environmental Assessment novigrain H2020 project<\/title>\n<meta name=\"description\" content=\"Objectives of Sustainable storage of grains by implementing a novel protectant and a versatile application technology agreement 101000663.\" \/>\n<meta name=\"robots\" content=\"index, follow, max-snippet:-1, max-image-preview:large, max-video-preview:-1\" \/>\n<link rel=\"canonical\" href=\"https:\/\/novigrain.eu\/fr\/socio-economical-and-environmental-assessment\/\" \/>\n<meta property=\"og:locale\" content=\"fr_FR\" \/>\n<meta property=\"og:type\" content=\"article\" \/>\n<meta property=\"og:title\" content=\"Socio Economical and Environmental Assessment novigrain H2020 project\" \/>\n<meta property=\"og:description\" content=\"Objectives of Sustainable storage of grains by implementing a novel protectant and a versatile application technology agreement 101000663.\" \/>\n<meta property=\"og:url\" content=\"https:\/\/novigrain.eu\/fr\/socio-economical-and-environmental-assessment\/\" \/>\n<meta property=\"og:site_name\" content=\"novIGRain\" \/>\n<meta property=\"article:modified_time\" content=\"2021-04-27T12:27:39+00:00\" \/>\n<meta name=\"twitter:card\" content=\"summary_large_image\" \/>\n<meta name=\"twitter:label1\" content=\"Dur\u00e9e de lecture estim\u00e9e\" \/>\n\t<meta name=\"twitter:data1\" content=\"3 minutes\" \/>\n<script type=\"application\/ld+json\" class=\"yoast-schema-graph\">{\"@context\":\"https:\\\/\\\/schema.org\",\"@graph\":[{\"@type\":\"WebPage\",\"@id\":\"https:\\\/\\\/novigrain.eu\\\/socio-economical-and-environmental-assessment\\\/\",\"url\":\"https:\\\/\\\/novigrain.eu\\\/socio-economical-and-environmental-assessment\\\/\",\"name\":\"Socio Economical and Environmental Assessment novigrain H2020 project\",\"isPartOf\":{\"@id\":\"https:\\\/\\\/novigrain.eu\\\/#website\"},\"datePublished\":\"2021-02-01T22:56:54+00:00\",\"dateModified\":\"2021-04-27T12:27:39+00:00\",\"description\":\"Objectives of Sustainable storage of grains by implementing a novel protectant and a versatile application technology agreement 101000663.\",\"breadcrumb\":{\"@id\":\"https:\\\/\\\/novigrain.eu\\\/socio-economical-and-environmental-assessment\\\/#breadcrumb\"},\"inLanguage\":\"fr-FR\",\"potentialAction\":[{\"@type\":\"ReadAction\",\"target\":[\"https:\\\/\\\/novigrain.eu\\\/socio-economical-and-environmental-assessment\\\/\"]}]},{\"@type\":\"BreadcrumbList\",\"@id\":\"https:\\\/\\\/novigrain.eu\\\/socio-economical-and-environmental-assessment\\\/#breadcrumb\",\"itemListElement\":[{\"@type\":\"ListItem\",\"position\":1,\"name\":\"Accueil\",\"item\":\"https:\\\/\\\/novigrain.eu\\\/\"},{\"@type\":\"ListItem\",\"position\":2,\"name\":\"Socio Economical and Environmental Assessment\"}]},{\"@type\":\"WebSite\",\"@id\":\"https:\\\/\\\/novigrain.eu\\\/#website\",\"url\":\"https:\\\/\\\/novigrain.eu\\\/\",\"name\":\"novIGRain\",\"description\":\"Sustainable storage of grains\",\"potentialAction\":[{\"@type\":\"SearchAction\",\"target\":{\"@type\":\"EntryPoint\",\"urlTemplate\":\"https:\\\/\\\/novigrain.eu\\\/?s={search_term_string}\"},\"query-input\":{\"@type\":\"PropertyValueSpecification\",\"valueRequired\":true,\"valueName\":\"search_term_string\"}}],\"inLanguage\":\"fr-FR\"}]}<\/script>\n<!-- \/ Yoast SEO plugin. -->","yoast_head_json":{"title":"Socio Economical and Environmental Assessment novigrain H2020 project","description":"Objectives of Sustainable storage of grains by implementing a novel protectant and a versatile application technology agreement 101000663.","robots":{"index":"index","follow":"follow","max-snippet":"max-snippet:-1","max-image-preview":"max-image-preview:large","max-video-preview":"max-video-preview:-1"},"canonical":"https:\/\/novigrain.eu\/fr\/socio-economical-and-environmental-assessment\/","og_locale":"fr_FR","og_type":"article","og_title":"Socio Economical and Environmental Assessment novigrain H2020 project","og_description":"Objectives of Sustainable storage of grains by implementing a novel protectant and a versatile application technology agreement 101000663.","og_url":"https:\/\/novigrain.eu\/fr\/socio-economical-and-environmental-assessment\/","og_site_name":"novIGRain","article_modified_time":"2021-04-27T12:27:39+00:00","twitter_card":"summary_large_image","twitter_misc":{"Dur\u00e9e de lecture estim\u00e9e":"3 minutes"},"schema":{"@context":"https:\/\/schema.org","@graph":[{"@type":"WebPage","@id":"https:\/\/novigrain.eu\/socio-economical-and-environmental-assessment\/","url":"https:\/\/novigrain.eu\/socio-economical-and-environmental-assessment\/","name":"Socio Economical and Environmental Assessment novigrain H2020 project","isPartOf":{"@id":"https:\/\/novigrain.eu\/#website"},"datePublished":"2021-02-01T22:56:54+00:00","dateModified":"2021-04-27T12:27:39+00:00","description":"Objectives of Sustainable storage of grains by implementing a novel protectant and a versatile application technology agreement 101000663.","breadcrumb":{"@id":"https:\/\/novigrain.eu\/socio-economical-and-environmental-assessment\/#breadcrumb"},"inLanguage":"fr-FR","potentialAction":[{"@type":"ReadAction","target":["https:\/\/novigrain.eu\/socio-economical-and-environmental-assessment\/"]}]},{"@type":"BreadcrumbList","@id":"https:\/\/novigrain.eu\/socio-economical-and-environmental-assessment\/#breadcrumb","itemListElement":[{"@type":"ListItem","position":1,"name":"Accueil","item":"https:\/\/novigrain.eu\/"},{"@type":"ListItem","position":2,"name":"Socio Economical and Environmental Assessment"}]},{"@type":"WebSite","@id":"https:\/\/novigrain.eu\/#website","url":"https:\/\/novigrain.eu\/","name":"novIGRain","description":"Sustainable storage of grains","potentialAction":[{"@type":"SearchAction","target":{"@type":"EntryPoint","urlTemplate":"https:\/\/novigrain.eu\/?s={search_term_string}"},"query-input":{"@type":"PropertyValueSpecification","valueRequired":true,"valueName":"search_term_string"}}],"inLanguage":"fr-FR"}]}},"_links":{"self":[{"href":"https:\/\/novigrain.eu\/fr\/wp-json\/wp\/v2\/pages\/405","targetHints":{"allow":["GET"]}}],"collection":[{"href":"https:\/\/novigrain.eu\/fr\/wp-json\/wp\/v2\/pages"}],"about":[{"href":"https:\/\/novigrain.eu\/fr\/wp-json\/wp\/v2\/types\/page"}],"author":[{"embeddable":true,"href":"https:\/\/novigrain.eu\/fr\/wp-json\/wp\/v2\/users\/1"}],"replies":[{"embeddable":true,"href":"https:\/\/novigrain.eu\/fr\/wp-json\/wp\/v2\/comments?post=405"}],"version-history":[{"count":9,"href":"https:\/\/novigrain.eu\/fr\/wp-json\/wp\/v2\/pages\/405\/revisions"}],"predecessor-version":[{"id":1051,"href":"https:\/\/novigrain.eu\/fr\/wp-json\/wp\/v2\/pages\/405\/revisions\/1051"}],"wp:attachment":[{"href":"https:\/\/novigrain.eu\/fr\/wp-json\/wp\/v2\/media?parent=405"}],"curies":[{"name":"wp","href":"https:\/\/api.w.org\/{rel}","templated":true}]}}