{"id":401,"date":"2021-02-01T23:53:46","date_gmt":"2021-02-01T22:53:46","guid":{"rendered":"http:\/\/photographik.fr\/?page_id=401"},"modified":"2021-04-27T14:30:55","modified_gmt":"2021-04-27T12:30:55","slug":"application-technology-development","status":"publish","type":"page","link":"https:\/\/novigrain.eu\/fr\/application-technology-development\/","title":{"rendered":"D\u00e9veloppement de la technologie des applications"},"content":{"rendered":"<div class=\"row row-full-width\"  id=\"row-973396432\">\n\n\t<div id=\"col-1824236644\" class=\"col small-12 large-12\"  >\n\t\t\t\t<div class=\"col-inner\"  >\n\t\t\t\n\t\t\t\n\t<section class=\"section\" id=\"section_893819538\">\n\t\t<div class=\"bg section-bg fill bg-fill\" >\n\n\t\t\t\n\t\t\t\n\t\t\t\n\n\t\t<\/div>\n\n\t\t\n\n\t\t<div class=\"section-content relative\">\n\t\t\t\n\t\t<\/div>\n\n\t\t\n<style>\n#section_893819538 {\n  padding-top: 30px;\n  padding-bottom: 30px;\n  min-height: 350px;\n}\n#section_893819538 .section-bg.bg-loaded {\n  background-image: url(https:\/\/novigrain.eu\/wp-content\/uploads\/2021\/02\/ble.png);\n}\n#section_893819538 .section-bg {\n  background-position: 43% 45%;\n}\n#section_893819538 .ux-shape-divider--top svg {\n  height: 150px;\n  --divider-top-width: 100%;\n}\n#section_893819538 .ux-shape-divider--bottom svg {\n  height: 150px;\n  --divider-width: 100%;\n}\n@media (min-width:550px) {\n  #section_893819538 {\n    min-height: 350px;\n  }\n}\n<\/style>\n\t<\/section>\n\t\n\t\t<\/div>\n\t\t\t\t\n<style>\n#col-1824236644 > .col-inner {\n  padding: 15px 0px 0px 0px;\n}\n@media (min-width:550px) {\n  #col-1824236644 > .col-inner {\n    padding: 0% 0% 0px 3%;\n  }\n}\n<\/style>\n\t<\/div>\n\n\t\n<\/div>\n<div class=\"row align-center\"  id=\"row-1604595882\">\n\n\t<div id=\"col-1026543496\" class=\"col medium-9 small-12 large-9\"  >\n\t\t\t\t<div class=\"col-inner text-center dark\" style=\"background-color:rgb(59, 117, 40);\" >\n\t\t\t\n\t\t\t\n\t<div id=\"text-2877464396\" class=\"text\">\n\t\t\n<h1 class=\"uppercase\">D\u00e9veloppement de la technologie des applications<\/h1>\n\t\t\n<style>\n#text-2877464396 {\n  font-size: 1.5rem;\n}\n@media (min-width:550px) {\n  #text-2877464396 {\n    font-size: 1.3rem;\n  }\n}\n@media (min-width:850px) {\n  #text-2877464396 {\n    font-size: 1.75rem;\n  }\n}\n<\/style>\n\t<\/div>\n\t\n\t\t<\/div>\n\t\t\t\t\n<style>\n#col-1026543496 > .col-inner {\n  padding: 20px 20px 30px 20px;\n  margin: -50px 0px 0px 0px;\n}\n@media (min-width:550px) {\n  #col-1026543496 > .col-inner {\n    padding: 41px 40px 30px 40px;\n    margin: -164px 0px 0px 0px;\n  }\n}\n<\/style>\n\t<\/div>\n\n\t\n<\/div>\n\t<section class=\"section\" id=\"section_97618770\">\n\t\t<div class=\"bg section-bg fill bg-fill  bg-loaded\" >\n\n\t\t\t\n\t\t\t\n\t\t\t\n\n\t\t<\/div>\n\n\t\t\n\n\t\t<div class=\"section-content relative\">\n\t\t\t\n<div class=\"row\" style=\"max-width:1287px\" id=\"row-627935746\">\n\n\t<div id=\"col-505649906\" class=\"col small-12 large-12\"  >\n\t\t\t\t<div class=\"col-inner text-center\"  >\n\t\t\t\n\t\t\t\n<p><span style=\"font-weight: 400;\">Pour l'application simultan\u00e9e d'un larvicide et d'un adulticide afin d'obtenir un contr\u00f4le meilleur et plus long, un nouveau syst\u00e8me de pulv\u00e9risation polyvalent \u00e0 double canal sera \u00e9galement d\u00e9velopp\u00e9 pour permettre l'utilisation des deux produits par des buses s\u00e9par\u00e9es. Le principal avantage de ce syst\u00e8me est qu'il n'est pas n\u00e9cessaire de m\u00e9langer les deux formulations diff\u00e9rentes dans un r\u00e9servoir commun, ce qui garantit un dosage et une p\u00e9n\u00e9tration corrects des substances actives des formulations. En outre, les probl\u00e8mes et les risques li\u00e9s au m\u00e9lange de diff\u00e9rentes formulations sont \u00e9vit\u00e9s lorsqu'il est possible de travailler \u00e0 partir de syst\u00e8mes d'application compl\u00e8tement s\u00e9par\u00e9s. L'\u00e9quipement sera con\u00e7u de mani\u00e8re \u00e0 pouvoir \u00eatre install\u00e9 et utilis\u00e9 dans tous les types de syst\u00e8mes. Il s'agira d'un dispositif portable, facile \u00e0 monter (sur le dessus d'un silo ou d'une bande transporteuse), \u00e9quip\u00e9 de buses r\u00e9glables, facile \u00e0 utiliser et \u00e0 nettoyer, etc. <\/span><\/p>\n\t\t<\/div>\n\t\t\t\t\n<style>\n#col-505649906 > .col-inner {\n  padding: 0px 0 0px 0px;\n}\n@media (min-width:550px) {\n  #col-505649906 > .col-inner {\n    padding: 0px 0px 0px 0px;\n  }\n}\n<\/style>\n\t<\/div>\n\n\t\n<\/div>\n\t\t<\/div>\n\n\t\t\n<style>\n#section_97618770 {\n  padding-top: 0px;\n  padding-bottom: 0px;\n}\n#section_97618770 .ux-shape-divider--top svg {\n  height: 150px;\n  --divider-top-width: 100%;\n}\n#section_97618770 .ux-shape-divider--bottom svg {\n  height: 150px;\n  --divider-width: 100%;\n}\n<\/style>\n\t<\/section>\n\t\n\t<section class=\"section\" id=\"section_1690705291\">\n\t\t<div class=\"bg section-bg fill bg-fill\" >\n\n\t\t\t\n\t\t\t<div class=\"section-bg-overlay absolute fill\"><\/div>\n\t\t\t\n\n\t\t<\/div>\n\n\t\t\n\n\t\t<div class=\"section-content relative\">\n\t\t\t\n<div class=\"row\" style=\"max-width:1287px\" id=\"row-1652176335\">\n\n\t<div id=\"col-1475005527\" class=\"col small-12 large-12\"  >\n\t\t\t\t<div class=\"col-inner text-center\"  >\n\t\t\t\n\t\t\t\n<p><span style=\"font-weight: 400; color: #008000;\">Le fait de rendre l'\u00e9quipement d'application aussi polyvalent que possible garantira une bonne adoption du march\u00e9.\u00a0<\/span><\/p>\n<p class=\"translation-block\">En r\u00e9sum\u00e9, l'un des objectifs est de d\u00e9velopper une technologie d'application innovante capable d'appliquer en parall\u00e8le au moins deux produits ayant des doses et des caract\u00e9ristiques diff\u00e9rentes. Un autre objectif est de d\u00e9velopper, tester et d\u00e9montrer une nouvelle technologie d'application ULV dans laquelle plusieurs types de PPP peuvent \u00eatre facilement combin\u00e9s sans qu'il soit n\u00e9cessaire de les m\u00e9langer avant l'application. Enfin, nous voulons am\u00e9liorer les technologies d'application afin de maximiser la flexibilit\u00e9 et les possibilit\u00e9s de gestion.<\/p>\n\t\t<\/div>\n\t\t\t\t\n<style>\n#col-1475005527 > .col-inner {\n  padding: 0px 0 0px 0px;\n}\n@media (min-width:550px) {\n  #col-1475005527 > .col-inner {\n    padding: 0px 0px 0px 0px;\n  }\n}\n<\/style>\n\t<\/div>\n\n\t\n<\/div>\n\t\t<\/div>\n\n\t\t\n<style>\n#section_1690705291 {\n  padding-top: 22px;\n  padding-bottom: 22px;\n}\n#section_1690705291 .section-bg-overlay {\n  background-color: rgba(245, 241, 241, 0.872);\n}\n#section_1690705291 .section-bg.bg-loaded {\n  background-image: url(https:\/\/novigrain.eu\/wp-content\/uploads\/2021\/02\/justin-hu-dfVz5ute9Tk-unsplash.jpg);\n}\n#section_1690705291 .ux-shape-divider--top svg {\n  height: 150px;\n  --divider-top-width: 100%;\n}\n#section_1690705291 .ux-shape-divider--bottom svg {\n  height: 150px;\n  --divider-width: 100%;\n}\n<\/style>\n\t<\/section>","protected":false},"excerpt":{"rendered":"","protected":false},"author":1,"featured_media":0,"parent":0,"menu_order":0,"comment_status":"closed","ping_status":"closed","template":"page-blank.php","meta":{"footnotes":""},"class_list":["post-401","page","type-page","status-publish","hentry"],"yoast_head":"<!-- This site is optimized with the Yoast SEO plugin v27.4 - https:\/\/yoast.com\/product\/yoast-seo-wordpress\/ -->\n<title>Application Technology Development novIGRain H2020 project<\/title>\n<meta name=\"description\" content=\"Objectives of Sustainable storage of grains by implementing a novel protectant and a versatile application technology agreement 101000663.\" \/>\n<meta name=\"robots\" content=\"index, follow, max-snippet:-1, max-image-preview:large, max-video-preview:-1\" \/>\n<link rel=\"canonical\" href=\"https:\/\/novigrain.eu\/fr\/application-technology-development\/\" \/>\n<meta property=\"og:locale\" content=\"fr_FR\" \/>\n<meta property=\"og:type\" content=\"article\" \/>\n<meta property=\"og:title\" content=\"Application Technology Development novIGRain H2020 project\" \/>\n<meta property=\"og:description\" content=\"Objectives of Sustainable storage of grains by implementing a novel protectant and a versatile application technology agreement 101000663.\" \/>\n<meta property=\"og:url\" content=\"https:\/\/novigrain.eu\/fr\/application-technology-development\/\" \/>\n<meta property=\"og:site_name\" content=\"novIGRain\" \/>\n<meta property=\"article:modified_time\" content=\"2021-04-27T12:30:55+00:00\" \/>\n<meta name=\"twitter:card\" content=\"summary_large_image\" \/>\n<meta name=\"twitter:label1\" content=\"Dur\u00e9e de lecture estim\u00e9e\" \/>\n\t<meta name=\"twitter:data1\" content=\"2 minutes\" \/>\n<script type=\"application\/ld+json\" class=\"yoast-schema-graph\">{\"@context\":\"https:\\\/\\\/schema.org\",\"@graph\":[{\"@type\":\"WebPage\",\"@id\":\"https:\\\/\\\/novigrain.eu\\\/application-technology-development\\\/\",\"url\":\"https:\\\/\\\/novigrain.eu\\\/application-technology-development\\\/\",\"name\":\"Application Technology Development novIGRain H2020 project\",\"isPartOf\":{\"@id\":\"https:\\\/\\\/novigrain.eu\\\/#website\"},\"datePublished\":\"2021-02-01T22:53:46+00:00\",\"dateModified\":\"2021-04-27T12:30:55+00:00\",\"description\":\"Objectives of Sustainable storage of grains by implementing a novel protectant and a versatile application technology agreement 101000663.\",\"breadcrumb\":{\"@id\":\"https:\\\/\\\/novigrain.eu\\\/application-technology-development\\\/#breadcrumb\"},\"inLanguage\":\"fr-FR\",\"potentialAction\":[{\"@type\":\"ReadAction\",\"target\":[\"https:\\\/\\\/novigrain.eu\\\/application-technology-development\\\/\"]}]},{\"@type\":\"BreadcrumbList\",\"@id\":\"https:\\\/\\\/novigrain.eu\\\/application-technology-development\\\/#breadcrumb\",\"itemListElement\":[{\"@type\":\"ListItem\",\"position\":1,\"name\":\"Accueil\",\"item\":\"https:\\\/\\\/novigrain.eu\\\/\"},{\"@type\":\"ListItem\",\"position\":2,\"name\":\"Application Technology Development\"}]},{\"@type\":\"WebSite\",\"@id\":\"https:\\\/\\\/novigrain.eu\\\/#website\",\"url\":\"https:\\\/\\\/novigrain.eu\\\/\",\"name\":\"novIGRain\",\"description\":\"Sustainable storage of grains\",\"potentialAction\":[{\"@type\":\"SearchAction\",\"target\":{\"@type\":\"EntryPoint\",\"urlTemplate\":\"https:\\\/\\\/novigrain.eu\\\/?s={search_term_string}\"},\"query-input\":{\"@type\":\"PropertyValueSpecification\",\"valueRequired\":true,\"valueName\":\"search_term_string\"}}],\"inLanguage\":\"fr-FR\"}]}<\/script>\n<!-- \/ Yoast SEO plugin. -->","yoast_head_json":{"title":"Application Technology Development novIGRain H2020 project","description":"Objectives of Sustainable storage of grains by implementing a novel protectant and a versatile application technology agreement 101000663.","robots":{"index":"index","follow":"follow","max-snippet":"max-snippet:-1","max-image-preview":"max-image-preview:large","max-video-preview":"max-video-preview:-1"},"canonical":"https:\/\/novigrain.eu\/fr\/application-technology-development\/","og_locale":"fr_FR","og_type":"article","og_title":"Application Technology Development novIGRain H2020 project","og_description":"Objectives of Sustainable storage of grains by implementing a novel protectant and a versatile application technology agreement 101000663.","og_url":"https:\/\/novigrain.eu\/fr\/application-technology-development\/","og_site_name":"novIGRain","article_modified_time":"2021-04-27T12:30:55+00:00","twitter_card":"summary_large_image","twitter_misc":{"Dur\u00e9e de lecture estim\u00e9e":"2 minutes"},"schema":{"@context":"https:\/\/schema.org","@graph":[{"@type":"WebPage","@id":"https:\/\/novigrain.eu\/application-technology-development\/","url":"https:\/\/novigrain.eu\/application-technology-development\/","name":"Application Technology Development novIGRain H2020 project","isPartOf":{"@id":"https:\/\/novigrain.eu\/#website"},"datePublished":"2021-02-01T22:53:46+00:00","dateModified":"2021-04-27T12:30:55+00:00","description":"Objectives of Sustainable storage of grains by implementing a novel protectant and a versatile application technology agreement 101000663.","breadcrumb":{"@id":"https:\/\/novigrain.eu\/application-technology-development\/#breadcrumb"},"inLanguage":"fr-FR","potentialAction":[{"@type":"ReadAction","target":["https:\/\/novigrain.eu\/application-technology-development\/"]}]},{"@type":"BreadcrumbList","@id":"https:\/\/novigrain.eu\/application-technology-development\/#breadcrumb","itemListElement":[{"@type":"ListItem","position":1,"name":"Accueil","item":"https:\/\/novigrain.eu\/"},{"@type":"ListItem","position":2,"name":"Application Technology Development"}]},{"@type":"WebSite","@id":"https:\/\/novigrain.eu\/#website","url":"https:\/\/novigrain.eu\/","name":"novIGRain","description":"Sustainable storage of grains","potentialAction":[{"@type":"SearchAction","target":{"@type":"EntryPoint","urlTemplate":"https:\/\/novigrain.eu\/?s={search_term_string}"},"query-input":{"@type":"PropertyValueSpecification","valueRequired":true,"valueName":"search_term_string"}}],"inLanguage":"fr-FR"}]}},"_links":{"self":[{"href":"https:\/\/novigrain.eu\/fr\/wp-json\/wp\/v2\/pages\/401","targetHints":{"allow":["GET"]}}],"collection":[{"href":"https:\/\/novigrain.eu\/fr\/wp-json\/wp\/v2\/pages"}],"about":[{"href":"https:\/\/novigrain.eu\/fr\/wp-json\/wp\/v2\/types\/page"}],"author":[{"embeddable":true,"href":"https:\/\/novigrain.eu\/fr\/wp-json\/wp\/v2\/users\/1"}],"replies":[{"embeddable":true,"href":"https:\/\/novigrain.eu\/fr\/wp-json\/wp\/v2\/comments?post=401"}],"version-history":[{"count":12,"href":"https:\/\/novigrain.eu\/fr\/wp-json\/wp\/v2\/pages\/401\/revisions"}],"predecessor-version":[{"id":1052,"href":"https:\/\/novigrain.eu\/fr\/wp-json\/wp\/v2\/pages\/401\/revisions\/1052"}],"wp:attachment":[{"href":"https:\/\/novigrain.eu\/fr\/wp-json\/wp\/v2\/media?parent=401"}],"curies":[{"name":"wp","href":"https:\/\/api.w.org\/{rel}","templated":true}]}}