{"id":396,"date":"2021-02-01T23:50:41","date_gmt":"2021-02-01T22:50:41","guid":{"rendered":"http:\/\/photographik.fr\/?page_id=396"},"modified":"2021-04-27T14:29:07","modified_gmt":"2021-04-27T12:29:07","slug":"product-development","status":"publish","type":"page","link":"https:\/\/novigrain.eu\/fr\/product-development\/","title":{"rendered":"D\u00e9veloppement de produit"},"content":{"rendered":"<div class=\"row row-full-width\"  id=\"row-1478040659\">\n\n\t<div id=\"col-2072267962\" class=\"col small-12 large-12\"  >\n\t\t\t\t<div class=\"col-inner\"  >\n\t\t\t\n\t\t\t\n\t<section class=\"section\" id=\"section_765773313\">\n\t\t<div class=\"bg section-bg fill bg-fill\" >\n\n\t\t\t\n\t\t\t\n\t\t\t\n\n\t\t<\/div>\n\n\t\t\n\n\t\t<div class=\"section-content relative\">\n\t\t\t\n\t\t<\/div>\n\n\t\t\n<style>\n#section_765773313 {\n  padding-top: 30px;\n  padding-bottom: 30px;\n  min-height: 350px;\n}\n#section_765773313 .section-bg.bg-loaded {\n  background-image: url(https:\/\/novigrain.eu\/wp-content\/uploads\/2021\/02\/novIGRain-ble.png);\n}\n#section_765773313 .section-bg {\n  background-position: 34% 56%;\n}\n#section_765773313 .ux-shape-divider--top svg {\n  height: 150px;\n  --divider-top-width: 100%;\n}\n#section_765773313 .ux-shape-divider--bottom svg {\n  height: 150px;\n  --divider-width: 100%;\n}\n@media (min-width:550px) {\n  #section_765773313 {\n    min-height: 350px;\n  }\n}\n<\/style>\n\t<\/section>\n\t\n\t\t<\/div>\n\t\t\t\t\n<style>\n#col-2072267962 > .col-inner {\n  padding: 15px 0px 0px 0px;\n}\n@media (min-width:550px) {\n  #col-2072267962 > .col-inner {\n    padding: 0% 0% 0px 3%;\n  }\n}\n<\/style>\n\t<\/div>\n\n\t\n<\/div>\n<div class=\"row align-center\"  id=\"row-1516460897\">\n\n\t<div id=\"col-442497527\" class=\"col medium-7 small-12 large-7\"  >\n\t\t\t\t<div class=\"col-inner text-center dark\" style=\"background-color:rgb(59, 117, 40);\" >\n\t\t\t\n\t\t\t\n\t<div id=\"text-2943220908\" class=\"text\">\n\t\t\n<h1 class=\"uppercase\"><b>\u00a0D\u00e9veloppement de produit <\/b><\/h1>\n\t\t\n<style>\n#text-2943220908 {\n  font-size: 1.5rem;\n}\n@media (min-width:550px) {\n  #text-2943220908 {\n    font-size: 1.3rem;\n  }\n}\n@media (min-width:850px) {\n  #text-2943220908 {\n    font-size: 1.25rem;\n  }\n}\n<\/style>\n\t<\/div>\n\t\n\t\t<\/div>\n\t\t\t\t\n<style>\n#col-442497527 > .col-inner {\n  padding: 20px 20px 30px 20px;\n  margin: -50px 0px 0px 0px;\n}\n@media (min-width:550px) {\n  #col-442497527 > .col-inner {\n    padding: 44px 0px 26px 0px;\n    margin: -108px 0px 0px 0px;\n  }\n}\n<\/style>\n\t<\/div>\n\n\t\n<\/div>\n\t<section class=\"section\" id=\"section_802486183\">\n\t\t<div class=\"bg section-bg fill bg-fill  bg-loaded\" >\n\n\t\t\t\n\t\t\t\n\t\t\t\n\n\t\t<\/div>\n\n\t\t\n\n\t\t<div class=\"section-content relative\">\n\t\t\t\n<p style=\"text-align: center;\"><span style=\"font-weight: 400;\">Notre mission est de cr\u00e9er une nouvelle formulation ULV \u00e0 base d'huile v\u00e9g\u00e9tale contenant la substance active S-m\u00e9thopr\u00e8ne, adapt\u00e9e \u00e0 une application int\u00e9rieure post-r\u00e9colte sur les graines de c\u00e9r\u00e9ales dans des entrep\u00f4ts c\u00e9r\u00e9aliers ferm\u00e9s, afin de r\u00e9aliser un contr\u00f4le pr\u00e9ventif \u00e0 long terme des infestations d'insectes attaquant les c\u00e9r\u00e9ales stock\u00e9es.<\/span><\/p>\n<p style=\"text-align: center;\"><span style=\"font-weight: 400;\">Tout au long de ce projet, nous \u00e9valuerons le comportement complexe de la formulation et de la substance active dans les organismes vivants et dans l'\u00e9cosyst\u00e8me et pr\u00e9dirons le devenir environnemental en \u00e9tudiant les effets biologiques sur les organismes cibles et non cibles, en effectuant une analyse d\u00e9taill\u00e9e des propri\u00e9t\u00e9s physico-chimiques et du profil m\u00e9tabolique, toxicologique et \u00e9cotoxicologique et en testant l'efficacit\u00e9 en laboratoire et dans des conditions d'utilisation simul\u00e9es et pratiques.<\/span><\/p>\n\t<div id=\"gap-477094318\" class=\"gap-element clearfix\" style=\"display:block; height:auto;\">\n\t\t\n<style>\n#gap-477094318 {\n  padding-top: 30px;\n}\n<\/style>\n\t<\/div>\n\t\n<div class=\"row align-center\"  id=\"row-270440177\">\n<\/div>\n\t\t<\/div>\n\n\t\t\n<style>\n#section_802486183 {\n  padding-top: 30px;\n  padding-bottom: 30px;\n}\n#section_802486183 .ux-shape-divider--top svg {\n  height: 150px;\n  --divider-top-width: 100%;\n}\n#section_802486183 .ux-shape-divider--bottom svg {\n  height: 150px;\n  --divider-width: 100%;\n}\n<\/style>\n\t<\/section>","protected":false},"excerpt":{"rendered":"","protected":false},"author":1,"featured_media":0,"parent":0,"menu_order":0,"comment_status":"closed","ping_status":"closed","template":"page-blank.php","meta":{"footnotes":""},"class_list":["post-396","page","type-page","status-publish","hentry"],"yoast_head":"<!-- This site is optimized with the Yoast SEO plugin v27.4 - https:\/\/yoast.com\/product\/yoast-seo-wordpress\/ -->\n<title>Product Development novIGRain European Union\u2019s 2020 project<\/title>\n<meta name=\"description\" content=\"Objectives of Sustainable storage of grains by implementing a novel protectant and a versatile application technology agreement 101000663.\" \/>\n<meta name=\"robots\" content=\"index, follow, max-snippet:-1, max-image-preview:large, max-video-preview:-1\" \/>\n<link rel=\"canonical\" href=\"https:\/\/novigrain.eu\/fr\/product-development\/\" \/>\n<meta property=\"og:locale\" content=\"fr_FR\" \/>\n<meta property=\"og:type\" content=\"article\" \/>\n<meta property=\"og:title\" content=\"Product Development novIGRain European Union\u2019s 2020 project\" \/>\n<meta property=\"og:description\" content=\"Objectives of Sustainable storage of grains by implementing a novel protectant and a versatile application technology agreement 101000663.\" \/>\n<meta property=\"og:url\" content=\"https:\/\/novigrain.eu\/fr\/product-development\/\" \/>\n<meta property=\"og:site_name\" content=\"novIGRain\" \/>\n<meta property=\"article:modified_time\" content=\"2021-04-27T12:29:07+00:00\" \/>\n<meta name=\"twitter:card\" content=\"summary_large_image\" \/>\n<meta name=\"twitter:label1\" content=\"Dur\u00e9e de lecture estim\u00e9e\" \/>\n\t<meta name=\"twitter:data1\" content=\"1 minute\" \/>\n<script type=\"application\/ld+json\" class=\"yoast-schema-graph\">{\"@context\":\"https:\\\/\\\/schema.org\",\"@graph\":[{\"@type\":\"WebPage\",\"@id\":\"https:\\\/\\\/novigrain.eu\\\/product-development\\\/\",\"url\":\"https:\\\/\\\/novigrain.eu\\\/product-development\\\/\",\"name\":\"Product Development novIGRain European Union\u2019s 2020 project\",\"isPartOf\":{\"@id\":\"https:\\\/\\\/novigrain.eu\\\/#website\"},\"datePublished\":\"2021-02-01T22:50:41+00:00\",\"dateModified\":\"2021-04-27T12:29:07+00:00\",\"description\":\"Objectives of Sustainable storage of grains by implementing a novel protectant and a versatile application technology agreement 101000663.\",\"breadcrumb\":{\"@id\":\"https:\\\/\\\/novigrain.eu\\\/product-development\\\/#breadcrumb\"},\"inLanguage\":\"fr-FR\",\"potentialAction\":[{\"@type\":\"ReadAction\",\"target\":[\"https:\\\/\\\/novigrain.eu\\\/product-development\\\/\"]}]},{\"@type\":\"BreadcrumbList\",\"@id\":\"https:\\\/\\\/novigrain.eu\\\/product-development\\\/#breadcrumb\",\"itemListElement\":[{\"@type\":\"ListItem\",\"position\":1,\"name\":\"Accueil\",\"item\":\"https:\\\/\\\/novigrain.eu\\\/\"},{\"@type\":\"ListItem\",\"position\":2,\"name\":\"Product Development\"}]},{\"@type\":\"WebSite\",\"@id\":\"https:\\\/\\\/novigrain.eu\\\/#website\",\"url\":\"https:\\\/\\\/novigrain.eu\\\/\",\"name\":\"novIGRain\",\"description\":\"Sustainable storage of grains\",\"potentialAction\":[{\"@type\":\"SearchAction\",\"target\":{\"@type\":\"EntryPoint\",\"urlTemplate\":\"https:\\\/\\\/novigrain.eu\\\/?s={search_term_string}\"},\"query-input\":{\"@type\":\"PropertyValueSpecification\",\"valueRequired\":true,\"valueName\":\"search_term_string\"}}],\"inLanguage\":\"fr-FR\"}]}<\/script>\n<!-- \/ Yoast SEO plugin. -->","yoast_head_json":{"title":"Product Development novIGRain European Union\u2019s 2020 project","description":"Objectives of Sustainable storage of grains by implementing a novel protectant and a versatile application technology agreement 101000663.","robots":{"index":"index","follow":"follow","max-snippet":"max-snippet:-1","max-image-preview":"max-image-preview:large","max-video-preview":"max-video-preview:-1"},"canonical":"https:\/\/novigrain.eu\/fr\/product-development\/","og_locale":"fr_FR","og_type":"article","og_title":"Product Development novIGRain European Union\u2019s 2020 project","og_description":"Objectives of Sustainable storage of grains by implementing a novel protectant and a versatile application technology agreement 101000663.","og_url":"https:\/\/novigrain.eu\/fr\/product-development\/","og_site_name":"novIGRain","article_modified_time":"2021-04-27T12:29:07+00:00","twitter_card":"summary_large_image","twitter_misc":{"Dur\u00e9e de lecture estim\u00e9e":"1 minute"},"schema":{"@context":"https:\/\/schema.org","@graph":[{"@type":"WebPage","@id":"https:\/\/novigrain.eu\/product-development\/","url":"https:\/\/novigrain.eu\/product-development\/","name":"Product Development novIGRain European Union\u2019s 2020 project","isPartOf":{"@id":"https:\/\/novigrain.eu\/#website"},"datePublished":"2021-02-01T22:50:41+00:00","dateModified":"2021-04-27T12:29:07+00:00","description":"Objectives of Sustainable storage of grains by implementing a novel protectant and a versatile application technology agreement 101000663.","breadcrumb":{"@id":"https:\/\/novigrain.eu\/product-development\/#breadcrumb"},"inLanguage":"fr-FR","potentialAction":[{"@type":"ReadAction","target":["https:\/\/novigrain.eu\/product-development\/"]}]},{"@type":"BreadcrumbList","@id":"https:\/\/novigrain.eu\/product-development\/#breadcrumb","itemListElement":[{"@type":"ListItem","position":1,"name":"Accueil","item":"https:\/\/novigrain.eu\/"},{"@type":"ListItem","position":2,"name":"Product Development"}]},{"@type":"WebSite","@id":"https:\/\/novigrain.eu\/#website","url":"https:\/\/novigrain.eu\/","name":"novIGRain","description":"Sustainable storage of grains","potentialAction":[{"@type":"SearchAction","target":{"@type":"EntryPoint","urlTemplate":"https:\/\/novigrain.eu\/?s={search_term_string}"},"query-input":{"@type":"PropertyValueSpecification","valueRequired":true,"valueName":"search_term_string"}}],"inLanguage":"fr-FR"}]}},"_links":{"self":[{"href":"https:\/\/novigrain.eu\/fr\/wp-json\/wp\/v2\/pages\/396","targetHints":{"allow":["GET"]}}],"collection":[{"href":"https:\/\/novigrain.eu\/fr\/wp-json\/wp\/v2\/pages"}],"about":[{"href":"https:\/\/novigrain.eu\/fr\/wp-json\/wp\/v2\/types\/page"}],"author":[{"embeddable":true,"href":"https:\/\/novigrain.eu\/fr\/wp-json\/wp\/v2\/users\/1"}],"replies":[{"embeddable":true,"href":"https:\/\/novigrain.eu\/fr\/wp-json\/wp\/v2\/comments?post=396"}],"version-history":[{"count":14,"href":"https:\/\/novigrain.eu\/fr\/wp-json\/wp\/v2\/pages\/396\/revisions"}],"predecessor-version":[{"id":893,"href":"https:\/\/novigrain.eu\/fr\/wp-json\/wp\/v2\/pages\/396\/revisions\/893"}],"wp:attachment":[{"href":"https:\/\/novigrain.eu\/fr\/wp-json\/wp\/v2\/media?parent=396"}],"curies":[{"name":"wp","href":"https:\/\/api.w.org\/{rel}","templated":true}]}}