{"id":379,"date":"2021-02-01T23:40:03","date_gmt":"2021-02-01T22:40:03","guid":{"rendered":"http:\/\/photographik.fr\/?page_id=379"},"modified":"2021-04-27T14:26:17","modified_gmt":"2021-04-27T12:26:17","slug":"product-assessment","status":"publish","type":"page","link":"https:\/\/novigrain.eu\/fr\/product-assessment\/","title":{"rendered":"Evaluation du produit"},"content":{"rendered":"<div class=\"row row-full-width\"  id=\"row-896174062\">\n\n\t<div id=\"col-1244160145\" class=\"col small-12 large-12\"  >\n\t\t\t\t<div class=\"col-inner\"  >\n\t\t\t\n\t\t\t\n\t<section class=\"section\" id=\"section_1380892622\">\n\t\t<div class=\"bg section-bg fill bg-fill\" >\n\n\t\t\t\n\t\t\t\n\t\t\t\n\n\t\t<\/div>\n\n\t\t\n\n\t\t<div class=\"section-content relative\">\n\t\t\t\n\t\t<\/div>\n\n\t\t\n<style>\n#section_1380892622 {\n  padding-top: 30px;\n  padding-bottom: 30px;\n  min-height: 350px;\n}\n#section_1380892622 .section-bg.bg-loaded {\n  background-image: url(https:\/\/novigrain.eu\/wp-content\/uploads\/2021\/02\/unsplash39-1-of-2.jpg);\n}\n#section_1380892622 .section-bg {\n  background-position: 50% 20%;\n}\n#section_1380892622 .ux-shape-divider--top svg {\n  height: 150px;\n  --divider-top-width: 100%;\n}\n#section_1380892622 .ux-shape-divider--bottom svg {\n  height: 150px;\n  --divider-width: 100%;\n}\n@media (min-width:550px) {\n  #section_1380892622 {\n    min-height: 350px;\n  }\n}\n<\/style>\n\t<\/section>\n\t\n\t\t<\/div>\n\t\t\t\t\n<style>\n#col-1244160145 > .col-inner {\n  padding: 15px 0px 0px 0px;\n}\n@media (min-width:550px) {\n  #col-1244160145 > .col-inner {\n    padding: 0% 0% 0px 3%;\n  }\n}\n<\/style>\n\t<\/div>\n\n\t\n<\/div>\n<div class=\"row align-center\"  id=\"row-1632596799\">\n\n\t<div id=\"col-920582036\" class=\"col medium-9 small-12 large-9\"  >\n\t\t\t\t<div class=\"col-inner text-center dark\" style=\"background-color:rgb(59, 117, 40);\" >\n\t\t\t\n\t\t\t\n\t<div id=\"text-3271200776\" class=\"text\">\n\t\t\n<h1 class=\"uppercase\"><b>Evaluation du produit<\/b><\/h1>\n\t\t\n<style>\n#text-3271200776 {\n  font-size: 1.5rem;\n}\n@media (min-width:550px) {\n  #text-3271200776 {\n    font-size: 1.3rem;\n  }\n}\n@media (min-width:850px) {\n  #text-3271200776 {\n    font-size: 1.75rem;\n  }\n}\n<\/style>\n\t<\/div>\n\t\n\t\t<\/div>\n\t\t\t\t\n<style>\n#col-920582036 > .col-inner {\n  padding: 20px 20px 30px 20px;\n  margin: -50px 0px 0px 0px;\n}\n@media (min-width:550px) {\n  #col-920582036 > .col-inner {\n    padding: 72px 0px 39px 0px;\n    margin: -131px 0px 0px 0px;\n  }\n}\n<\/style>\n\t<\/div>\n\n\t\n<\/div>\n<div class=\"row\"  id=\"row-1875655623\">\n\n\t<div id=\"col-1374647751\" class=\"col small-12 large-12\"  >\n\t\t\t\t<div class=\"col-inner\"  >\n\t\t\t\n\t\t\t\n\t<div id=\"text-4092515188\" class=\"text\">\n\t\t\n<p><span style=\"font-weight: 400;\">Des \u00e9tudes physico-chimiques, analytiques, sur les r\u00e9sidus, \u00e9cotoxicologiques, toxicologiques et d'efficacit\u00e9 d\u00e9taill\u00e9e seront con\u00e7ues. Les d\u00e9tails exacts des essais en silo et de l'\u00e9chantillonnage pour la recherche sur la r\u00e9sistance seront con\u00e7us en fonction de la disponibilit\u00e9 actuelle des sites d'essai et des produits stock\u00e9s, des informations sur les pools de grains infest\u00e9s, des informations sur la formulation finale, des informations sur les instructions d'utilisation de l'\u00e9quipement et des instructions d'\u00e9chantillonnage du laboratoire de recherche sur la r\u00e9sistance. Nous ferons la synth\u00e8se de ces informations et cr\u00e9erons le plan final pour les essais sur le terrain des prototypes.\u00a0<\/span><\/p>\n\t\t\n<style>\n#text-4092515188 {\n  text-align: center;\n}\n<\/style>\n\t<\/div>\n\t\n\t\t<\/div>\n\t\t\t\t\t<\/div>\n\n\t\n<\/div>\n\t<section class=\"section\" id=\"section_479954465\">\n\t\t<div class=\"bg section-bg fill bg-fill\" >\n\n\t\t\t\n\t\t\t<div class=\"section-bg-overlay absolute fill\"><\/div>\n\t\t\t\n\n\t\t<\/div>\n\n\t\t\n\n\t\t<div class=\"section-content relative\">\n\t\t\t\n<div class=\"row\" style=\"max-width:1287px\" id=\"row-222055930\">\n\n\t<div id=\"col-3734916\" class=\"col small-12 large-12\"  >\n\t\t\t\t<div class=\"col-inner text-center\"  >\n\t\t\t\n\t\t\t\n<p class=\"translation-block\">Notre travail consistera \u00e0 d\u00e9velopper des recettes de formulation bas\u00e9es sur les principaux objectifs et exigences, ainsi que sur les r\u00e9sultats des tests et \u00e9valuations pr\u00e9liminaires. Les informations n\u00e9cessaires \u00e0 la mise en \u0153uvre seront recueillies, les exigences\/conditions de base pour les diff\u00e9rents param\u00e8tres des compos\u00e9s seront \u00e9tablies et la composition th\u00e9orique de la formulation sera con\u00e7ue. Nous effectuerons \u00e9galement une \u00e9valuation pr\u00e9liminaire de l'impact (\u00e9co)toxicologique des composants. Les risques et dangers de base seront \u00e9valu\u00e9s sur la base de la composition chimique et de la litt\u00e9rature \/ des donn\u00e9es r\u00e9glementaires et des informations sur les effets (\u00e9co)toxicologiques des compos\u00e9s. La cr\u00e9ation de lots de laboratoire stables de variantes de formulation avec une teneur en substances actives valid\u00e9e est \u00e9galement l'une de nos t\u00e2ches. Des variantes de formulation efficaces, stables et applicables seront cr\u00e9\u00e9es en utilisant des compos\u00e9s compatibles entre eux et ayant pass\u00e9 l'\u00e9valuation (\u00e9co)toxicologique pr\u00e9liminaire. La validation analytique de base et la conception des processus de fabrication seront \u00e9galement effectu\u00e9es avec des estimations pr\u00e9liminaires des co\u00fbts de fabrication. 8 \u00e0 10 variantes devraient \u00eatre d\u00e9velopp\u00e9es, dont environ 5 seront test\u00e9es, par exemple pour la stabilit\u00e9, examin\u00e9es d'un point de vue toxicologique ou \u00e9cotoxicologique pr\u00e9liminaire, etc. Parmi ces variantes, nous en s\u00e9lectionnerons une qui fera l'objet de tests plus d\u00e9taill\u00e9s. Des \u00e9tudes de criblage portant sur des quantit\u00e9s moindres de grains seront r\u00e9alis\u00e9es avec des variantes prototypes \u00e0 l'\u00e9chelle du laboratoire afin de tester diff\u00e9rents taux d'application et de comparer l'efficacit\u00e9 des diff\u00e9rentes formulations dans des conditions d'utilisation simul\u00e9es.<\/p>\n\t\t<\/div>\n\t\t\t\t\n<style>\n#col-3734916 > .col-inner {\n  padding: 0px 0 0px 0px;\n}\n@media (min-width:550px) {\n  #col-3734916 > .col-inner {\n    padding: 0px 0px 0px 0px;\n  }\n}\n<\/style>\n\t<\/div>\n\n\t\n<\/div>\n\t\t<\/div>\n\n\t\t\n<style>\n#section_479954465 {\n  padding-top: 22px;\n  padding-bottom: 22px;\n}\n#section_479954465 .section-bg-overlay {\n  background-color: rgba(245, 241, 241, 0.872);\n}\n#section_479954465 .section-bg.bg-loaded {\n  background-image: url(https:\/\/novigrain.eu\/wp-content\/uploads\/2021\/02\/justin-hu-dfVz5ute9Tk-unsplash.jpg);\n}\n#section_479954465 .ux-shape-divider--top svg {\n  height: 150px;\n  --divider-top-width: 100%;\n}\n#section_479954465 .ux-shape-divider--bottom svg {\n  height: 150px;\n  --divider-width: 100%;\n}\n<\/style>\n\t<\/section>\n\t\n<div class=\"row\"  id=\"row-96314904\">\n\n\t<div id=\"col-1236086251\" class=\"col small-12 large-12\"  >\n\t\t\t\t<div class=\"col-inner\"  >\n\t\t\t\n\t\t\t\n\t<div id=\"text-117008586\" class=\"text\">\n\t\t\n<p style=\"text-align: center;\" class=\"translation-block\">Les propri\u00e9t\u00e9s physico-chimiques et la stabilit\u00e9 des prototypes seront test\u00e9es, y compris le d\u00e9veloppement de m\u00e9thodes analytiques pour la mesure exacte de la substance active, des r\u00e9sidus et des impuret\u00e9s dans diff\u00e9rentes matrices. Les m\u00e9tabolites et les r\u00e9sidus seront analys\u00e9s dans des syst\u00e8mes de mod\u00e8les v\u00e9g\u00e9taux et animaux. Nous proc\u00e9derons \u00e9galement \u00e0 des \u00e9valuations toxicologiques, m\u00e9taboliques et \u00e9cotoxicologiques d\u00e9taill\u00e9es. L'absorption, la distribution, le m\u00e9tabolisme et l'excr\u00e9tion apr\u00e8s exposition, la g\u00e9notoxicit\u00e9, la toxicit\u00e9 \u00e0 long terme, la canc\u00e9rog\u00e9nicit\u00e9 et les propri\u00e9t\u00e9s de perturbation endocrinienne ainsi que le profil de toxicit\u00e9 des m\u00e9tabolites seront \u00e9tudi\u00e9s en d\u00e9tail dans des \u00e9tudes de laboratoire utilisant des syst\u00e8mes mod\u00e8les standard. Effets sur la faune : les \u00e9tudes de toxicit\u00e9 sur les organismes non cibl\u00e9s, les propri\u00e9t\u00e9s de perturbation endocrinienne et la bioconcentration seront \u00e9tudi\u00e9es en d\u00e9tail dans des \u00e9tudes de laboratoire utilisant des syst\u00e8mes mod\u00e8les standard avant de tester le prototype sur le terrain ; le devenir environnemental et la d\u00e9gradation de la substance active et de ses r\u00e9sidus seront \u00e9tudi\u00e9s dans l'eau et le sol. La r\u00e9alisation d'une estimation d\u00e9taill\u00e9e de l'exposition et d'une \u00e9valuation des risques pour la sant\u00e9 humaine et l'environnement fait \u00e9galement partie de nos t\u00e2ches. L'utilisation s\u00fbre du produit d\u00e9velopp\u00e9 sera d\u00e9montr\u00e9e. Sur la base des directives europ\u00e9ennes actuelles, l'exposition de l'environnement au produit sera estim\u00e9e et compar\u00e9e aux valeurs limites \u00e9cotoxicologiques d\u00e9termin\u00e9es.<\/p>\n\t\t\n<style>\n#text-117008586 {\n  text-align: center;\n}\n<\/style>\n\t<\/div>\n\t\n\t\t<\/div>\n\t\t\t\t\t<\/div>\n\n\t\n<\/div>\n\t<section class=\"section\" id=\"section_2138004191\">\n\t\t<div class=\"bg section-bg fill bg-fill\" >\n\n\t\t\t\n\t\t\t<div class=\"section-bg-overlay absolute fill\"><\/div>\n\t\t\t\n\n\t\t<\/div>\n\n\t\t\n\n\t\t<div class=\"section-content relative\">\n\t\t\t\n<div class=\"row\" style=\"max-width:1287px\" id=\"row-567963269\">\n\n\t<div id=\"col-202671291\" class=\"col small-12 large-12\"  >\n\t\t\t\t<div class=\"col-inner text-center\"  >\n\t\t\t\n\t\t\t\n<p><span style=\"font-weight: 400; color: #008000;\">D'autres t\u00e2ches consistent \u00e0 r\u00e9aliser des tests d'efficacit\u00e9 complexes en laboratoire, en simulation d'utilisation et dans des conditions pratiques. La formulation finale sera \u00e9valu\u00e9e soit en traitement pr\u00e9ventif en application unique, soit en traitement curatif en combinaison avec des adulticides couramment utilis\u00e9s et d\u00e9j\u00e0 sur le march\u00e9. Les tests \u00e0 usage unique sont destin\u00e9s \u00e0 prouver l'effet pr\u00e9ventif \u00e0 long terme du S-m\u00e9thopr\u00e8ne sur le d\u00e9veloppement des larves d'insectes attaquant les c\u00e9r\u00e9ales stock\u00e9es dans diff\u00e9rentes matrices v\u00e9g\u00e9tales. Des tests curatifs, \u00e0 usage mixte, avec le produit larvicide en combinaison avec des adulticides largement utilis\u00e9s sont pr\u00e9vus pour d\u00e9montrer l'effet appropri\u00e9 de contr\u00f4le global de la population d'insectes de l'application combin\u00e9e utilisant le nouveau syst\u00e8me de pulv\u00e9risation \u00e0 double canal. Ces \u00e9tudes permettront \u00e9galement de v\u00e9rifier si l'utilisation simultan\u00e9e du produit contenant le larvicide S-m\u00e9thopr\u00e8ne peut nous permettre de r\u00e9duire la dose d'adulticides \u00e0 la moiti\u00e9 de leur dose de d\u00e9part, par exemple, tout en assurant le m\u00eame effet de contr\u00f4le des populations d'insectes. Nous allons \u00e9galement cr\u00e9er un ensemble de donn\u00e9es pour les diffuser et construire un syst\u00e8me d'aide \u00e0 la d\u00e9cision. Afin d'\u00e9valuer le comportement complexe de la formulation et de la substance active dans les organismes vivants et dans l'\u00e9cosyst\u00e8me et de pr\u00e9dire le devenir environnemental en \u00e9tudiant les effets biologiques sur les organismes cibles et non cibles, une analyse d\u00e9taill\u00e9e des propri\u00e9t\u00e9s physico-chimiques et du profil m\u00e9tabolique, toxicologique et \u00e9cotoxicologique ainsi que des tests d'efficacit\u00e9 en laboratoire et dans des conditions d'utilisation simul\u00e9es et pratiques (sur le terrain) seront effectu\u00e9s dans le respect des BPE et des BPL. Les donn\u00e9es de l'\u00e9tude seront collect\u00e9es et un ensemble de donn\u00e9es d\u00e9taill\u00e9es sera cr\u00e9\u00e9 \u00e0 des fins de diffusion et pour la construction d'un syst\u00e8me d'aide \u00e0 la d\u00e9cision. En outre, un lot de fabrication de la formulation finale valid\u00e9e sera cr\u00e9\u00e9. Enfin, la mise \u00e0 l'\u00e9chelle de la fabrication sera con\u00e7ue et r\u00e9alis\u00e9e afin de cr\u00e9er des lots \u00e0 l'\u00e9chelle de la fabrication de la formulation finale et valid\u00e9e, pr\u00eats \u00e0 \u00eatre autoris\u00e9s et introduits sur le march\u00e9.\u00a0<\/span><\/p>\n\t\t<\/div>\n\t\t\t\t\n<style>\n#col-202671291 > .col-inner {\n  padding: 0px 0 0px 0px;\n}\n@media (min-width:550px) {\n  #col-202671291 > .col-inner {\n    padding: 0px 0px 0px 0px;\n  }\n}\n<\/style>\n\t<\/div>\n\n\t\n<\/div>\n\t\t<\/div>\n\n\t\t\n<style>\n#section_2138004191 {\n  padding-top: 22px;\n  padding-bottom: 22px;\n}\n#section_2138004191 .section-bg-overlay {\n  background-color: rgba(245, 241, 241, 0.872);\n}\n#section_2138004191 .section-bg.bg-loaded {\n  background-image: url(https:\/\/novigrain.eu\/wp-content\/uploads\/2021\/02\/justin-hu-dfVz5ute9Tk-unsplash.jpg);\n}\n#section_2138004191 .ux-shape-divider--top svg {\n  height: 150px;\n  --divider-top-width: 100%;\n}\n#section_2138004191 .ux-shape-divider--bottom svg {\n  height: 150px;\n  --divider-width: 100%;\n}\n<\/style>\n\t<\/section>","protected":false},"excerpt":{"rendered":"","protected":false},"author":1,"featured_media":0,"parent":0,"menu_order":0,"comment_status":"closed","ping_status":"closed","template":"page-blank.php","meta":{"footnotes":""},"class_list":["post-379","page","type-page","status-publish","hentry"],"yoast_head":"<!-- This site is optimized with the Yoast SEO plugin v27.4 - https:\/\/yoast.com\/product\/yoast-seo-wordpress\/ -->\n<title>Product Assessment novIGRain European Union\u2019s 2020 project<\/title>\n<meta name=\"description\" content=\"Objectives of Sustainable storage of grains by implementing a novel protectant and a versatile application technology agreement 101000663.\" \/>\n<meta name=\"robots\" content=\"index, follow, max-snippet:-1, max-image-preview:large, max-video-preview:-1\" \/>\n<link rel=\"canonical\" href=\"https:\/\/novigrain.eu\/fr\/product-assessment\/\" \/>\n<meta property=\"og:locale\" content=\"fr_FR\" \/>\n<meta property=\"og:type\" content=\"article\" \/>\n<meta property=\"og:title\" content=\"Product Assessment novIGRain European Union\u2019s 2020 project\" \/>\n<meta property=\"og:description\" content=\"Objectives of Sustainable storage of grains by implementing a novel protectant and a versatile application technology agreement 101000663.\" \/>\n<meta property=\"og:url\" content=\"https:\/\/novigrain.eu\/fr\/product-assessment\/\" \/>\n<meta property=\"og:site_name\" content=\"novIGRain\" \/>\n<meta property=\"article:modified_time\" content=\"2021-04-27T12:26:17+00:00\" \/>\n<meta name=\"twitter:card\" content=\"summary_large_image\" \/>\n<meta name=\"twitter:label1\" content=\"Dur\u00e9e de lecture estim\u00e9e\" \/>\n\t<meta name=\"twitter:data1\" content=\"5 minutes\" \/>\n<script type=\"application\/ld+json\" class=\"yoast-schema-graph\">{\"@context\":\"https:\\\/\\\/schema.org\",\"@graph\":[{\"@type\":\"WebPage\",\"@id\":\"https:\\\/\\\/novigrain.eu\\\/product-assessment\\\/\",\"url\":\"https:\\\/\\\/novigrain.eu\\\/product-assessment\\\/\",\"name\":\"Product Assessment novIGRain European Union\u2019s 2020 project\",\"isPartOf\":{\"@id\":\"https:\\\/\\\/novigrain.eu\\\/#website\"},\"datePublished\":\"2021-02-01T22:40:03+00:00\",\"dateModified\":\"2021-04-27T12:26:17+00:00\",\"description\":\"Objectives of Sustainable storage of grains by implementing a novel protectant and a versatile application technology agreement 101000663.\",\"breadcrumb\":{\"@id\":\"https:\\\/\\\/novigrain.eu\\\/product-assessment\\\/#breadcrumb\"},\"inLanguage\":\"fr-FR\",\"potentialAction\":[{\"@type\":\"ReadAction\",\"target\":[\"https:\\\/\\\/novigrain.eu\\\/product-assessment\\\/\"]}]},{\"@type\":\"BreadcrumbList\",\"@id\":\"https:\\\/\\\/novigrain.eu\\\/product-assessment\\\/#breadcrumb\",\"itemListElement\":[{\"@type\":\"ListItem\",\"position\":1,\"name\":\"Accueil\",\"item\":\"https:\\\/\\\/novigrain.eu\\\/\"},{\"@type\":\"ListItem\",\"position\":2,\"name\":\"Product Assessment\"}]},{\"@type\":\"WebSite\",\"@id\":\"https:\\\/\\\/novigrain.eu\\\/#website\",\"url\":\"https:\\\/\\\/novigrain.eu\\\/\",\"name\":\"novIGRain\",\"description\":\"Sustainable storage of grains\",\"potentialAction\":[{\"@type\":\"SearchAction\",\"target\":{\"@type\":\"EntryPoint\",\"urlTemplate\":\"https:\\\/\\\/novigrain.eu\\\/?s={search_term_string}\"},\"query-input\":{\"@type\":\"PropertyValueSpecification\",\"valueRequired\":true,\"valueName\":\"search_term_string\"}}],\"inLanguage\":\"fr-FR\"}]}<\/script>\n<!-- \/ Yoast SEO plugin. -->","yoast_head_json":{"title":"Product Assessment novIGRain European Union\u2019s 2020 project","description":"Objectives of Sustainable storage of grains by implementing a novel protectant and a versatile application technology agreement 101000663.","robots":{"index":"index","follow":"follow","max-snippet":"max-snippet:-1","max-image-preview":"max-image-preview:large","max-video-preview":"max-video-preview:-1"},"canonical":"https:\/\/novigrain.eu\/fr\/product-assessment\/","og_locale":"fr_FR","og_type":"article","og_title":"Product Assessment novIGRain European Union\u2019s 2020 project","og_description":"Objectives of Sustainable storage of grains by implementing a novel protectant and a versatile application technology agreement 101000663.","og_url":"https:\/\/novigrain.eu\/fr\/product-assessment\/","og_site_name":"novIGRain","article_modified_time":"2021-04-27T12:26:17+00:00","twitter_card":"summary_large_image","twitter_misc":{"Dur\u00e9e de lecture estim\u00e9e":"5 minutes"},"schema":{"@context":"https:\/\/schema.org","@graph":[{"@type":"WebPage","@id":"https:\/\/novigrain.eu\/product-assessment\/","url":"https:\/\/novigrain.eu\/product-assessment\/","name":"Product Assessment novIGRain European Union\u2019s 2020 project","isPartOf":{"@id":"https:\/\/novigrain.eu\/#website"},"datePublished":"2021-02-01T22:40:03+00:00","dateModified":"2021-04-27T12:26:17+00:00","description":"Objectives of Sustainable storage of grains by implementing a novel protectant and a versatile application technology agreement 101000663.","breadcrumb":{"@id":"https:\/\/novigrain.eu\/product-assessment\/#breadcrumb"},"inLanguage":"fr-FR","potentialAction":[{"@type":"ReadAction","target":["https:\/\/novigrain.eu\/product-assessment\/"]}]},{"@type":"BreadcrumbList","@id":"https:\/\/novigrain.eu\/product-assessment\/#breadcrumb","itemListElement":[{"@type":"ListItem","position":1,"name":"Accueil","item":"https:\/\/novigrain.eu\/"},{"@type":"ListItem","position":2,"name":"Product Assessment"}]},{"@type":"WebSite","@id":"https:\/\/novigrain.eu\/#website","url":"https:\/\/novigrain.eu\/","name":"novIGRain","description":"Sustainable storage of grains","potentialAction":[{"@type":"SearchAction","target":{"@type":"EntryPoint","urlTemplate":"https:\/\/novigrain.eu\/?s={search_term_string}"},"query-input":{"@type":"PropertyValueSpecification","valueRequired":true,"valueName":"search_term_string"}}],"inLanguage":"fr-FR"}]}},"_links":{"self":[{"href":"https:\/\/novigrain.eu\/fr\/wp-json\/wp\/v2\/pages\/379","targetHints":{"allow":["GET"]}}],"collection":[{"href":"https:\/\/novigrain.eu\/fr\/wp-json\/wp\/v2\/pages"}],"about":[{"href":"https:\/\/novigrain.eu\/fr\/wp-json\/wp\/v2\/types\/page"}],"author":[{"embeddable":true,"href":"https:\/\/novigrain.eu\/fr\/wp-json\/wp\/v2\/users\/1"}],"replies":[{"embeddable":true,"href":"https:\/\/novigrain.eu\/fr\/wp-json\/wp\/v2\/comments?post=379"}],"version-history":[{"count":25,"href":"https:\/\/novigrain.eu\/fr\/wp-json\/wp\/v2\/pages\/379\/revisions"}],"predecessor-version":[{"id":1050,"href":"https:\/\/novigrain.eu\/fr\/wp-json\/wp\/v2\/pages\/379\/revisions\/1050"}],"wp:attachment":[{"href":"https:\/\/novigrain.eu\/fr\/wp-json\/wp\/v2\/media?parent=379"}],"curies":[{"name":"wp","href":"https:\/\/api.w.org\/{rel}","templated":true}]}}