{"id":365,"date":"2021-02-01T23:27:33","date_gmt":"2021-02-01T22:27:33","guid":{"rendered":"http:\/\/photographik.fr\/?page_id=365"},"modified":"2021-04-27T14:38:28","modified_gmt":"2021-04-27T12:38:28","slug":"our-values","status":"publish","type":"page","link":"https:\/\/novigrain.eu\/fr\/our-values\/","title":{"rendered":"Our values"},"content":{"rendered":"<section class=\"section dark\" id=\"section_1316088120\">\n\t\t<div class=\"bg section-bg fill bg-fill\" >\n\n\t\t\t\n\t\t\t\n\t\t\t\n\n\t\t<\/div>\n\n\t\t\n\n\t\t<div class=\"section-content relative\">\n\t\t\t\n<div class=\"row row-collapse align-center\"  id=\"row-988318187\">\n\n\t<div id=\"col-1601243108\" class=\"col medium-8 small-10 large-6\"  >\n\t\t\t\t<div class=\"col-inner text-center\"  >\n\t\t\t\n\t\t\t\n<h1>NOS VALEURS<\/h1>\n\t\t<\/div>\n\t\t\t\t\t<\/div>\n\n\t\n<\/div>\n\t\t<\/div>\n\n\t\t\n<style>\n#section_1316088120 {\n  padding-top: 100px;\n  padding-bottom: 100px;\n}\n#section_1316088120 .section-bg.bg-loaded {\n  background-image: url(https:\/\/novigrain.eu\/wp-content\/uploads\/2021\/02\/novIGRain-ble.png);\n}\n#section_1316088120 .section-bg {\n  background-position: 50%;\n}\n#section_1316088120 .ux-shape-divider--top svg {\n  height: 150px;\n  --divider-top-width: 100%;\n}\n#section_1316088120 .ux-shape-divider--bottom svg {\n  height: 150px;\n  --divider-width: 100%;\n}\n@media (min-width:550px) {\n  #section_1316088120 {\n    padding-top: 120px;\n    padding-bottom: 120px;\n  }\n}\n@media (min-width:850px) {\n  #section_1316088120 {\n    padding-top: 140px;\n    padding-bottom: 140px;\n  }\n}\n<\/style>\n\t<\/section>\n\t\n<p>&nbsp;<\/p>\n<div class=\"row align-center\"  id=\"row-327271453\">\n\n\t<div id=\"col-483905383\" class=\"col small-9 large-12\"  >\n\t\t\t\t<div class=\"col-inner text-center\"  >\n\t\t\t\n\t\t\t\n\t<div id=\"gap-150470437\" class=\"gap-element clearfix\" style=\"display:block; height:auto;\">\n\t\t\n<style>\n#gap-150470437 {\n  padding-top: 45px;\n}\n<\/style>\n\t<\/div>\n\t\n<p><em>\"Apprenez le caract\u00e8re des arbres, les valeurs des racines et le changement des feuilles\" Tasneem Hameed <\/em>Tasneem Hameed<\/p>\n\t\t<\/div>\n\t\t\t\t\t<\/div>\n\n\t\n<\/div>\n<div class=\"row align-center\"  id=\"row-415378751\">\n\n\t<div id=\"col-1711782132\" class=\"col medium-4 small-8 large-4\"  >\n\t\t\t\t<div class=\"col-inner\"  >\n\t\t\t\n\t\t\t\n\n\t\t<div class=\"icon-box featured-box icon-box-center text-center is-small\"  >\n\t\t\t\t\t<div class=\"icon-box-img\" style=\"width: 105px\">\n\t\t\t\t<div class=\"icon\">\n\t\t\t\t\t<div class=\"icon-inner\" >\n\t\t\t\t\t\t<img loading=\"lazy\" decoding=\"async\" width=\"300\" height=\"300\" src=\"https:\/\/novigrain.eu\/wp-content\/uploads\/2021\/02\/novIGRain-07-300x300.png\" class=\"attachment-medium size-medium\" alt=\"novIGRain under grant agreement No 101000663.\" srcset=\"https:\/\/novigrain.eu\/wp-content\/uploads\/2021\/02\/novIGRain-07-300x300.png 300w, https:\/\/novigrain.eu\/wp-content\/uploads\/2021\/02\/novIGRain-07-150x150.png 150w, https:\/\/novigrain.eu\/wp-content\/uploads\/2021\/02\/novIGRain-07-100x100.png 100w, https:\/\/novigrain.eu\/wp-content\/uploads\/2021\/02\/novIGRain-07.png 425w\" sizes=\"auto, (max-width: 300px) 100vw, 300px\" \/>\t\t\t\t\t<\/div>\n\t\t\t\t<\/div>\n\t\t\t<\/div>\n\t\t\t\t<div class=\"icon-box-text last-reset\">\n\t\t\t\t\t\t\t\t\t\n<h3><b>Coop\u00e9ration<\/b><\/h3>\n<p class=\"translation-block\">Nous croyons en la force d'une collaboration afin de mener \u00e0 bien ce projet. Notre r\u00e9ussite est due \u00e0 notre capacit\u00e9 \u00e0 \u00e9tablir des relations et \u00e0 valoriser le pouvoir du travail d'\u00e9quipe et de la communication. En effet, nous travaillons en collaboration, en d\u00e9passant les fronti\u00e8res, les \u00e9quipes et les fonctions. En outre, l'\u00e9change de connaissances avec un large panel d'experts au sein de l'UE et \u00e0 l'\u00e9tranger garantit l'excellence et l'efficacit\u00e9. Cette solidarit\u00e9 entre les membres nous permet de nous soutenir mutuellement tout au long du projet et contribue grandement \u00e0 sa r\u00e9alisation.<\/p>\n\t\t<\/div>\n\t<\/div>\n\t\n\t\n\t\t<\/div>\n\t\t\t\t\t<\/div>\n\n\t\n\n\t<div id=\"col-1967644179\" class=\"col medium-4 small-8 large-4\"  >\n\t\t\t\t<div class=\"col-inner\"  >\n\t\t\t\n\t\t\t\n\n\t\t<div class=\"icon-box featured-box icon-box-center text-center is-small\"  >\n\t\t\t\t\t<div class=\"icon-box-img\" style=\"width: 105px\">\n\t\t\t\t<div class=\"icon\">\n\t\t\t\t\t<div class=\"icon-inner\" style=\"color:rgb(33, 102, 49);\">\n\t\t\t\t\t\t<img loading=\"lazy\" decoding=\"async\" width=\"300\" height=\"300\" src=\"https:\/\/novigrain.eu\/wp-content\/uploads\/2021\/03\/passion-300x300.png\" class=\"attachment-medium size-medium\" alt=\"novIGRain under grant agreement No 101000663.\" srcset=\"https:\/\/novigrain.eu\/wp-content\/uploads\/2021\/03\/passion-300x300.png 300w, https:\/\/novigrain.eu\/wp-content\/uploads\/2021\/03\/passion-150x150.png 150w, https:\/\/novigrain.eu\/wp-content\/uploads\/2021\/03\/passion-100x100.png 100w, https:\/\/novigrain.eu\/wp-content\/uploads\/2021\/03\/passion.png 425w\" sizes=\"auto, (max-width: 300px) 100vw, 300px\" \/>\t\t\t\t\t<\/div>\n\t\t\t\t<\/div>\n\t\t\t<\/div>\n\t\t\t\t<div class=\"icon-box-text last-reset\">\n\t\t\t\t\t\t\t\t\t\n<h3><b>Passion<\/b><\/h3>\n<p class=\"translation-block\">Ayant tous travaill\u00e9 dans ce secteur pendant de nombreuses ann\u00e9es, nous avons d\u00e9velopp\u00e9 un int\u00e9r\u00eat profond pour le stockage des grains et les produits de protection des grains. Aujourd'hui, conscients des d\u00e9fis auxquels l'UE est confront\u00e9e, nous sommes particuli\u00e8rement concern\u00e9s par la recherche de solutions alternatives. Nous avons le d\u00e9sir de d\u00e9dier notre projet \u00e0 la cause qui nous est ch\u00e8re. C'est donc avec une grande joie et un enthousiasme br\u00fblant que nous r\u00e9alisons notre travail. Motiv\u00e9s, pleins de z\u00e8le et d'\u00e9nergie, nous transformons notre ardeur en proactivit\u00e9. Cette ambition nous am\u00e8ne \u00e0 accomplir de multiples t\u00e2ches qui alimentent toutes notre passion commune.<\/p>\n\t\t<\/div>\n\t<\/div>\n\t\n\t\n\t\t<\/div>\n\t\t\t\t\t<\/div>\n\n\t\n\n\t<div id=\"col-126883249\" class=\"col medium-4 small-8 large-4\"  >\n\t\t\t\t<div class=\"col-inner\"  >\n\t\t\t\n\t\t\t\n\n\t\t<div class=\"icon-box featured-box icon-box-center text-center is-small\"  >\n\t\t\t\t\t<div class=\"icon-box-img\" style=\"width: 105px\">\n\t\t\t\t<div class=\"icon\">\n\t\t\t\t\t<div class=\"icon-inner\" >\n\t\t\t\t\t\t<img loading=\"lazy\" decoding=\"async\" width=\"300\" height=\"300\" src=\"https:\/\/novigrain.eu\/wp-content\/uploads\/2021\/02\/novIGRain-05-300x300.png\" class=\"attachment-medium size-medium\" alt=\"novIGRain under grant agreement No 101000663.\" srcset=\"https:\/\/novigrain.eu\/wp-content\/uploads\/2021\/02\/novIGRain-05-300x300.png 300w, https:\/\/novigrain.eu\/wp-content\/uploads\/2021\/02\/novIGRain-05-150x150.png 150w, https:\/\/novigrain.eu\/wp-content\/uploads\/2021\/02\/novIGRain-05-100x100.png 100w, https:\/\/novigrain.eu\/wp-content\/uploads\/2021\/02\/novIGRain-05.png 425w\" sizes=\"auto, (max-width: 300px) 100vw, 300px\" \/>\t\t\t\t\t<\/div>\n\t\t\t\t<\/div>\n\t\t\t<\/div>\n\t\t\t\t<div class=\"icon-box-text last-reset\">\n\t\t\t\t\t\t\t\t\t\n<h3><b>Innovation <\/b><\/h3>\n<p class=\"translation-block\">L'urgence de la situation exige de nouvelles perspectives et m\u00e9thodes de travail. Il est en effet n\u00e9cessaire d'apporter une innovation positive \u00e0 la gestion actuelle et future du stockage des c\u00e9r\u00e9ales. Nous adoptons une approche proactive de cette situation en ne renon\u00e7ant jamais \u00e0 chercher des moyens cr\u00e9atifs de r\u00e9soudre les probl\u00e8mes. En poussant nos recherches plus loin, nous cherchons \u00e0 d\u00e9couvrir des techniques et des pratiques peu connues ou inconnues. Pour ce faire, nous adoptons une attitude proactive afin d'approfondir nos connaissances. L'innovation n'est possible qu'en portant un regard moderne sur le monde, et c'est pr\u00e9cis\u00e9ment ce que nous incarnons.<\/p>\n\t\t<\/div>\n\t<\/div>\n\t\n\t\n\t\t<\/div>\n\t\t\t\t\t<\/div>\n\n\t\n\n\t<div id=\"col-249249686\" class=\"col medium-4 small-8 large-4\"  >\n\t\t\t\t<div class=\"col-inner\"  >\n\t\t\t\n\t\t\t\n\n\t\t<div class=\"icon-box featured-box icon-box-center text-center is-small\"  >\n\t\t\t\t\t<div class=\"icon-box-img\" style=\"width: 105px\">\n\t\t\t\t<div class=\"icon\">\n\t\t\t\t\t<div class=\"icon-inner\" style=\"color:rgb(33, 102, 49);\">\n\t\t\t\t\t\t<img loading=\"lazy\" decoding=\"async\" width=\"300\" height=\"300\" src=\"https:\/\/novigrain.eu\/wp-content\/uploads\/2021\/02\/novIGRain-04-300x300.png\" class=\"attachment-medium size-medium\" alt=\"novIGRain under grant agreement No 101000663.\" srcset=\"https:\/\/novigrain.eu\/wp-content\/uploads\/2021\/02\/novIGRain-04-300x300.png 300w, https:\/\/novigrain.eu\/wp-content\/uploads\/2021\/02\/novIGRain-04-150x150.png 150w, https:\/\/novigrain.eu\/wp-content\/uploads\/2021\/02\/novIGRain-04-100x100.png 100w, https:\/\/novigrain.eu\/wp-content\/uploads\/2021\/02\/novIGRain-04.png 425w\" sizes=\"auto, (max-width: 300px) 100vw, 300px\" \/>\t\t\t\t\t<\/div>\n\t\t\t\t<\/div>\n\t\t\t<\/div>\n\t\t\t\t<div class=\"icon-box-text last-reset\">\n\t\t\t\t\t\t\t\t\t\n<h3><b>Durable<\/b><\/h3>\n<p class=\"translation-block\">Parce que le r\u00e9chauffement climatique ne peut plus \u00eatre \u00e9vit\u00e9, de v\u00e9ritables solutions durables doivent \u00eatre trouv\u00e9es \u00e0 tous les niveaux de la biosph\u00e8re. Le d\u00e9veloppement de notre projet est donc cr\u00e9\u00e9 autour des 3 axes suivants : la protection du bien-\u00eatre plan\u00e9taire, humain et animal. Travailler autour d'alternatives \u00e9cologiques est une priorit\u00e9 afin de r\u00e9duire les dommages caus\u00e9s \u00e0 la terre. Par ailleurs, la sant\u00e9 du personnel et de tous les acteurs de l'industrie travaillant sur le terrain est primordiale. C'est pourquoi nous travaillons selon des r\u00e8gles tr\u00e8s strictes concernant le sort de l'environnement, le sort des hommes et le bien-\u00eatre des animaux.<\/p>\n\t\t<\/div>\n\t<\/div>\n\t\n\t\n\t\t<\/div>\n\t\t\t\t\t<\/div>\n\n\t\n\n\t<div id=\"col-1934466827\" class=\"col medium-4 small-8 large-4\"  >\n\t\t\t\t<div class=\"col-inner\"  >\n\t\t\t\n\t\t\t\n\n\t\t<div class=\"icon-box featured-box icon-box-center text-center is-small\"  >\n\t\t\t\t\t<div class=\"icon-box-img\" style=\"width: 105px\">\n\t\t\t\t<div class=\"icon\">\n\t\t\t\t\t<div class=\"icon-inner\" style=\"color:rgb(33, 102, 49);\">\n\t\t\t\t\t\t<img loading=\"lazy\" decoding=\"async\" width=\"300\" height=\"300\" src=\"https:\/\/novigrain.eu\/wp-content\/uploads\/2021\/02\/novIGRain-06-300x300.png\" class=\"attachment-medium size-medium\" alt=\"novIGRain under grant agreement No 101000663.\" srcset=\"https:\/\/novigrain.eu\/wp-content\/uploads\/2021\/02\/novIGRain-06-300x300.png 300w, https:\/\/novigrain.eu\/wp-content\/uploads\/2021\/02\/novIGRain-06-150x150.png 150w, https:\/\/novigrain.eu\/wp-content\/uploads\/2021\/02\/novIGRain-06-100x100.png 100w, https:\/\/novigrain.eu\/wp-content\/uploads\/2021\/02\/novIGRain-06.png 425w\" sizes=\"auto, (max-width: 300px) 100vw, 300px\" \/>\t\t\t\t\t<\/div>\n\t\t\t\t<\/div>\n\t\t\t<\/div>\n\t\t\t\t<div class=\"icon-box-text last-reset\">\n\t\t\t\t\t\t\t\t\t\n<h3><b>Ouverture <\/b><\/h3>\n<p class=\"translation-block\">Le monde d'aujourd'hui \u00e9volue \u00e0 une vitesse vertigineuse. S'adapter et se r\u00e9inventer fait partie de notre mission. C'est pourquoi nous sommes ouverts dans notre fa\u00e7on de travailler. En effet, nous \u00e9coutons activement tout type de contribution constructive et nous accueillons les nouvelles id\u00e9es et opinions. De plus, en engageant la soci\u00e9t\u00e9 civile dans notre travail d'\u00e9valuation des risques, nous voulons rester transparents. Il est essentiel pour nous d'\u00eatre capables de nous remettre en question, d'\u00eatre flexibles et de rebondir face \u00e0 de nouveaux d\u00e9fis. Nous voulons utiliser cette rapidit\u00e9 \u00e0 bon escient, pour renforcer notre ouverture d'esprit.<\/p>\n\t\t<\/div>\n\t<\/div>\n\t\n\t\n\t\t<\/div>\n\t\t\t\t\t<\/div>\n\n\t\n<\/div>\n\t<div id=\"gap-455336817\" class=\"gap-element clearfix\" style=\"display:block; height:auto;\">\n\t\t\n<style>\n#gap-455336817 {\n  padding-top: 60px;\n}\n<\/style>\n\t<\/div>","protected":false},"excerpt":{"rendered":"<p>&nbsp;<\/p>","protected":false},"author":1,"featured_media":0,"parent":0,"menu_order":0,"comment_status":"closed","ping_status":"closed","template":"page-blank.php","meta":{"footnotes":""},"class_list":["post-365","page","type-page","status-publish","hentry"],"yoast_head":"<!-- This site is optimized with the Yoast SEO plugin v27.4 - https:\/\/yoast.com\/product\/yoast-seo-wordpress\/ -->\n<title>Our values novIGRain European Union\u2019s 2020 project<\/title>\n<meta name=\"description\" content=\"Values of Sustainable storage of grains by implementing a novel protectant and a versatile application technology agreement 101000663.\" \/>\n<meta name=\"robots\" content=\"index, follow, max-snippet:-1, max-image-preview:large, max-video-preview:-1\" \/>\n<link rel=\"canonical\" href=\"https:\/\/novigrain.eu\/fr\/our-values\/\" \/>\n<meta property=\"og:locale\" content=\"fr_FR\" \/>\n<meta property=\"og:type\" content=\"article\" \/>\n<meta property=\"og:title\" content=\"Our values novIGRain European Union\u2019s 2020 project\" \/>\n<meta property=\"og:description\" content=\"Values of Sustainable storage of grains by implementing a novel protectant and a versatile application technology agreement 101000663.\" \/>\n<meta property=\"og:url\" content=\"https:\/\/novigrain.eu\/fr\/our-values\/\" \/>\n<meta property=\"og:site_name\" content=\"novIGRain\" \/>\n<meta property=\"article:modified_time\" content=\"2021-04-27T12:38:28+00:00\" \/>\n<meta name=\"twitter:card\" content=\"summary_large_image\" \/>\n<meta name=\"twitter:label1\" content=\"Dur\u00e9e de lecture estim\u00e9e\" \/>\n\t<meta name=\"twitter:data1\" content=\"3 minutes\" \/>\n<script type=\"application\/ld+json\" class=\"yoast-schema-graph\">{\"@context\":\"https:\\\/\\\/schema.org\",\"@graph\":[{\"@type\":\"WebPage\",\"@id\":\"https:\\\/\\\/novigrain.eu\\\/our-values\\\/\",\"url\":\"https:\\\/\\\/novigrain.eu\\\/our-values\\\/\",\"name\":\"Our values novIGRain European Union\u2019s 2020 project\",\"isPartOf\":{\"@id\":\"https:\\\/\\\/novigrain.eu\\\/#website\"},\"datePublished\":\"2021-02-01T22:27:33+00:00\",\"dateModified\":\"2021-04-27T12:38:28+00:00\",\"description\":\"Values of Sustainable storage of grains by implementing a novel protectant and a versatile application technology agreement 101000663.\",\"breadcrumb\":{\"@id\":\"https:\\\/\\\/novigrain.eu\\\/our-values\\\/#breadcrumb\"},\"inLanguage\":\"fr-FR\",\"potentialAction\":[{\"@type\":\"ReadAction\",\"target\":[\"https:\\\/\\\/novigrain.eu\\\/our-values\\\/\"]}]},{\"@type\":\"BreadcrumbList\",\"@id\":\"https:\\\/\\\/novigrain.eu\\\/our-values\\\/#breadcrumb\",\"itemListElement\":[{\"@type\":\"ListItem\",\"position\":1,\"name\":\"Accueil\",\"item\":\"https:\\\/\\\/novigrain.eu\\\/\"},{\"@type\":\"ListItem\",\"position\":2,\"name\":\"Our values\"}]},{\"@type\":\"WebSite\",\"@id\":\"https:\\\/\\\/novigrain.eu\\\/#website\",\"url\":\"https:\\\/\\\/novigrain.eu\\\/\",\"name\":\"novIGRain\",\"description\":\"Sustainable storage of grains\",\"potentialAction\":[{\"@type\":\"SearchAction\",\"target\":{\"@type\":\"EntryPoint\",\"urlTemplate\":\"https:\\\/\\\/novigrain.eu\\\/?s={search_term_string}\"},\"query-input\":{\"@type\":\"PropertyValueSpecification\",\"valueRequired\":true,\"valueName\":\"search_term_string\"}}],\"inLanguage\":\"fr-FR\"}]}<\/script>\n<!-- \/ Yoast SEO plugin. -->","yoast_head_json":{"title":"Our values novIGRain European Union\u2019s 2020 project","description":"Values of Sustainable storage of grains by implementing a novel protectant and a versatile application technology agreement 101000663.","robots":{"index":"index","follow":"follow","max-snippet":"max-snippet:-1","max-image-preview":"max-image-preview:large","max-video-preview":"max-video-preview:-1"},"canonical":"https:\/\/novigrain.eu\/fr\/our-values\/","og_locale":"fr_FR","og_type":"article","og_title":"Our values novIGRain European Union\u2019s 2020 project","og_description":"Values of Sustainable storage of grains by implementing a novel protectant and a versatile application technology agreement 101000663.","og_url":"https:\/\/novigrain.eu\/fr\/our-values\/","og_site_name":"novIGRain","article_modified_time":"2021-04-27T12:38:28+00:00","twitter_card":"summary_large_image","twitter_misc":{"Dur\u00e9e de lecture estim\u00e9e":"3 minutes"},"schema":{"@context":"https:\/\/schema.org","@graph":[{"@type":"WebPage","@id":"https:\/\/novigrain.eu\/our-values\/","url":"https:\/\/novigrain.eu\/our-values\/","name":"Our values novIGRain European Union\u2019s 2020 project","isPartOf":{"@id":"https:\/\/novigrain.eu\/#website"},"datePublished":"2021-02-01T22:27:33+00:00","dateModified":"2021-04-27T12:38:28+00:00","description":"Values of Sustainable storage of grains by implementing a novel protectant and a versatile application technology agreement 101000663.","breadcrumb":{"@id":"https:\/\/novigrain.eu\/our-values\/#breadcrumb"},"inLanguage":"fr-FR","potentialAction":[{"@type":"ReadAction","target":["https:\/\/novigrain.eu\/our-values\/"]}]},{"@type":"BreadcrumbList","@id":"https:\/\/novigrain.eu\/our-values\/#breadcrumb","itemListElement":[{"@type":"ListItem","position":1,"name":"Accueil","item":"https:\/\/novigrain.eu\/"},{"@type":"ListItem","position":2,"name":"Our values"}]},{"@type":"WebSite","@id":"https:\/\/novigrain.eu\/#website","url":"https:\/\/novigrain.eu\/","name":"novIGRain","description":"Sustainable storage of grains","potentialAction":[{"@type":"SearchAction","target":{"@type":"EntryPoint","urlTemplate":"https:\/\/novigrain.eu\/?s={search_term_string}"},"query-input":{"@type":"PropertyValueSpecification","valueRequired":true,"valueName":"search_term_string"}}],"inLanguage":"fr-FR"}]}},"_links":{"self":[{"href":"https:\/\/novigrain.eu\/fr\/wp-json\/wp\/v2\/pages\/365","targetHints":{"allow":["GET"]}}],"collection":[{"href":"https:\/\/novigrain.eu\/fr\/wp-json\/wp\/v2\/pages"}],"about":[{"href":"https:\/\/novigrain.eu\/fr\/wp-json\/wp\/v2\/types\/page"}],"author":[{"embeddable":true,"href":"https:\/\/novigrain.eu\/fr\/wp-json\/wp\/v2\/users\/1"}],"replies":[{"embeddable":true,"href":"https:\/\/novigrain.eu\/fr\/wp-json\/wp\/v2\/comments?post=365"}],"version-history":[{"count":21,"href":"https:\/\/novigrain.eu\/fr\/wp-json\/wp\/v2\/pages\/365\/revisions"}],"predecessor-version":[{"id":1053,"href":"https:\/\/novigrain.eu\/fr\/wp-json\/wp\/v2\/pages\/365\/revisions\/1053"}],"wp:attachment":[{"href":"https:\/\/novigrain.eu\/fr\/wp-json\/wp\/v2\/media?parent=365"}],"curies":[{"name":"wp","href":"https:\/\/api.w.org\/{rel}","templated":true}]}}