{"id":327,"date":"2021-02-01T23:05:02","date_gmt":"2021-02-01T22:05:02","guid":{"rendered":"http:\/\/photographik.fr\/?page_id=327"},"modified":"2024-04-08T13:53:34","modified_gmt":"2024-04-08T11:53:34","slug":"united-experts-belgium","status":"publish","type":"page","link":"https:\/\/novigrain.eu\/fr\/united-experts-belgium\/","title":{"rendered":"United Experts"},"content":{"rendered":"<div class=\"banner has-hover\" id=\"banner-916743150\">\n          <div class=\"banner-inner fill\">\n        <div class=\"banner-bg fill\" >\n            <div class=\"bg fill bg-fill\"><\/div>\n                        <div class=\"overlay\"><\/div>            \n                    <\/div>\n\t\t\n        <div class=\"banner-layers container\">\n            <div class=\"fill banner-link\"><\/div>            \n        <\/div>\n      <\/div>\n\n            \n<style>\n#banner-916743150 {\n  padding-top: 350px;\n}\n#banner-916743150 .bg.bg-loaded {\n  background-image: url(https:\/\/novigrain.eu\/wp-content\/uploads\/2024\/04\/20231018-Algemene-visual-met-merken_Zonder-tekst_LR.png);\n}\n#banner-916743150 .overlay {\n  background-color: rgba(0,0,0,.5);\n}\n#banner-916743150 .bg {\n  background-position: 51% 7%;\n}\n#banner-916743150 .ux-shape-divider--top svg {\n  height: 150px;\n  --divider-top-width: 100%;\n}\n#banner-916743150 .ux-shape-divider--bottom svg {\n  height: 150px;\n  --divider-width: 100%;\n}\n<\/style>\n  <\/div>\n\n\n\t<section class=\"section\" id=\"section_726307095\">\n\t\t<div class=\"bg section-bg fill bg-fill  bg-loaded\" >\n\n\t\t\t\n\t\t\t\n\t\t\t\n\n\t\t<\/div>\n\n\t\t\n\n\t\t<div class=\"section-content relative\">\n\t\t\t\n\t<div id=\"gap-1590205705\" class=\"gap-element clearfix\" style=\"display:block; height:auto;\">\n\t\t\n<style>\n#gap-1590205705 {\n  padding-top: 40px;\n}\n<\/style>\n\t<\/div>\n\t\n<div class=\"row align-center\"  id=\"row-387762273\">\n\n\t<div id=\"col-67829192\" class=\"col medium-4 small-10 large-4\"  >\n\t\t\t\t<div class=\"col-inner\"  >\n\t\t\t\n\t\t\t\n<h1><b>United Experts &#8211; Belgium<\/b><\/h1>\n\t<div class=\"img has-hover x md-x lg-x y md-y lg-y\" id=\"image_543230613\">\n\t\t\t\t\t\t\t\t<div class=\"img-inner dark\" >\n\t\t\t<img loading=\"lazy\" decoding=\"async\" width=\"304\" height=\"304\" src=\"https:\/\/novigrain.eu\/wp-content\/uploads\/2024\/04\/Logo_paars_vierkant.png\" class=\"attachment-large size-large\" alt=\"\" \/>\t\t\t\t\t\t\n\t\t\t\t\t<\/div>\n\t\t\t\t\t\t\t\t\n<style>\n#image_543230613 {\n  width: 100%;\n}\n<\/style>\n\t<\/div>\n\t\n<a rel=\"noopener noreferrer\" href=\"https:\/\/www.unitedexperts.be\/en_US\/\" target=\"_blank\" class=\"button primary is-link\"  >\n    <span>Visiter le site<\/span>\n  <i class=\"icon-angle-right\" ><\/i><\/a>\n\n<a rel=\"noopener noreferrer\" href=\"mailto:%20lba@unitedexperts.be\" target=\"_blank\" class=\"button primary is-link\"  >\n    <span>Prendre contact<\/span>\n  <i class=\"icon-angle-right\" ><\/i><\/a>\n\n\t\t<\/div>\n\t\t\t\t\t<\/div>\n\n\t\n\n\t<div id=\"col-1823329827\" class=\"col medium-8 small-10 large-8\"  >\n\t\t\t\t<div class=\"col-inner\"  >\n\t\t\t\n\t\t\t\n<p><i><span style=\"font-weight: 400;\">United Experts Group<\/span><\/i><span style=\"font-weight: 400;\"> is a consultancy company with 2 major brands : <\/span><b>DLV <\/b><span style=\"font-weight: 400;\">is consulting for the agricultural sector, <\/span><b>Profex <\/b><span style=\"font-weight: 400;\">is consulting for the SME and industrial sector. The combination of both makes that <\/span><i><span style=\"font-weight: 400;\">United Experts<\/span><\/i><span style=\"font-weight: 400;\"> is covering the overall production chain : from the primary sector (agriculture) up to the finished product. The company houses over 200 experts which are consulting in Flanders on different topics : company strategy, production, construction of new buildings or facilities, waste management, manure management, energy issues, soil studies, etc. Besides that, the experts also assure that their clients comply with the applicable legal framework by providing support in request for permits, legal administration, etc. <\/span><i><span style=\"font-weight: 400;\">United Experts<\/span><\/i><span style=\"font-weight: 400;\"> can cover all types of issues that would lead the entrepreneur away from his core business. The experience that <\/span><i><span style=\"font-weight: 400;\">United Experts<\/span><\/i><span style=\"font-weight: 400;\"> has from the daily based consulting in the agro- and industrial sector in combination with the very thorough expertise in legislation will be used for supporting the <\/span><i><span style=\"font-weight: 400;\">novIGRain <\/span><\/i><span style=\"font-weight: 400;\">project.<\/span><\/p>\n\t\t<\/div>\n\t\t\t\t\t<\/div>\n\n\t\n<\/div>\n\t\t<\/div>\n\n\t\t\n<style>\n#section_726307095 {\n  padding-top: 30px;\n  padding-bottom: 30px;\n}\n#section_726307095 .ux-shape-divider--top svg {\n  height: 150px;\n  --divider-top-width: 100%;\n}\n#section_726307095 .ux-shape-divider--bottom svg {\n  height: 150px;\n  --divider-width: 100%;\n}\n<\/style>\n\t<\/section>\n\t\n<p>&nbsp;<\/p>\n<h2 style=\"text-align: right;\">D\u00e9couvrez nos membres<\/h2>\n<div class=\"row\"  id=\"row-1068507444\">\n\n\n\t<div id=\"col-752977220\" class=\"col medium-4 small-12 large-4\"  >\n\t\t\t\t<div class=\"col-inner\"  >\n\t\t\t\n\t\t\t\n\n\t<div class=\"img has-hover x md-x lg-x y md-y lg-y\" id=\"image_308491424\">\n\t\t<a class=\"\" href=\"\/fr\/maxiline-belgium\/\"  >\t\t\t\t\t\t<div class=\"img-inner dark\" >\n\t\t\t<img loading=\"lazy\" decoding=\"async\" width=\"300\" height=\"150\" src=\"https:\/\/novigrain.eu\/wp-content\/uploads\/2021\/03\/maxiline-.png\" class=\"attachment-large size-large\" alt=\"Maxiline is part of the novIGRain team : European Union\u2019s 2020 research and innovation programme\" \/>\t\t\t\t\t\t\n\t\t\t\t\t<\/div>\n\t\t\t\t\t\t<\/a>\t\t\n<style>\n#image_308491424 {\n  width: 100%;\n}\n<\/style>\n\t<\/div>\n\t\n\n<p style=\"text-align: center;\"><span style=\"font-weight: 400;\">Coordinateur du projet.<\/span><\/p>\n\n\t\t<\/div>\n\t\t\t\t\t<\/div>\n\n\t\n\n\t<div id=\"col-889094752\" class=\"col medium-4 small-12 large-4\"  >\n\t\t\t\t<div class=\"col-inner\"  >\n\t\t\t\n\t\t\t\n\n\t<div class=\"img has-hover x md-x lg-x y md-y lg-y\" id=\"image_2141412301\">\n\t\t<a class=\"\" href=\"\/fr\/babolnabio\/\"  >\t\t\t\t\t\t<div class=\"img-inner dark\" >\n\t\t\t<img loading=\"lazy\" decoding=\"async\" width=\"300\" height=\"150\" src=\"https:\/\/novigrain.eu\/wp-content\/uploads\/2021\/03\/babolna-.png\" class=\"attachment-large size-large\" alt=\"Babolna Bio novIGRAin : European Union\u2019s 2020 research and innovation programme\" \/>\t\t\t\t\t\t\n\t\t\t\t\t<\/div>\n\t\t\t\t\t\t<\/a>\t\t\n<style>\n#image_2141412301 {\n  width: 100%;\n}\n<\/style>\n\t<\/div>\n\t\n\n<p style=\"text-align: center;\"><span style=\"font-weight: 400;\">En charge du d\u00e9veloppement du nouveau produit ULV-larvicide.<\/span><\/p>\n\n\t\t<\/div>\n\t\t\t\t\t<\/div>\n\n\t\n\n\t<div id=\"col-1868463796\" class=\"col medium-4 small-12 large-4\"  >\n\t\t\t\t<div class=\"col-inner\"  >\n\t\t\t\n\t\t\t\n\n\t<div class=\"img has-hover x md-x lg-x y md-y lg-y\" id=\"image_602279916\">\n\t\t<a class=\"\" href=\"\/fr\/sojam-france\/\"  >\t\t\t\t\t\t<div class=\"img-inner dark\" >\n\t\t\t<img loading=\"lazy\" decoding=\"async\" width=\"300\" height=\"150\" src=\"https:\/\/novigrain.eu\/wp-content\/uploads\/2021\/03\/sojam-.png\" class=\"attachment-large size-large\" alt=\"Sojam novIGRAin : European Union\u2019s 2020 research and innovation programme\" \/>\t\t\t\t\t\t\n\t\t\t\t\t<\/div>\n\t\t\t\t\t\t<\/a>\t\t\n<style>\n#image_602279916 {\n  width: 100%;\n}\n<\/style>\n\t<\/div>\n\t\n\n<p style=\"text-align: center;\"><span style=\"font-weight: 400;\">En charge du d\u00e9veloppement de la nouvelle technologie d'application.<\/span><\/p>\n\n\t\t<\/div>\n\t\t\t\t\t<\/div>\n\n\t\n\n\t<div id=\"col-1734522962\" class=\"col medium-4 small-12 large-4\"  >\n\t\t\t\t<div class=\"col-inner\"  >\n\t\t\t\n\t\t\t\n\n\t<div class=\"img has-hover x md-x lg-x y md-y lg-y\" id=\"image_1525894648\">\n\t\t<a class=\"\" href=\"\/fr\/cri-czech-republic\/\"  >\t\t<div data-parallax-fade=\"true\" data-parallax=\"3\">\t\t\t\t<div class=\"img-inner dark\" >\n\t\t\t<img loading=\"lazy\" decoding=\"async\" width=\"300\" height=\"150\" src=\"https:\/\/novigrain.eu\/wp-content\/uploads\/2021\/03\/vurv-.png\" class=\"attachment-large size-large\" alt=\"\" \/>\t\t\t\t\t\t\n\t\t\t\t\t<\/div>\n\t\t\t\t<\/div>\t\t<\/a>\t\t\n<style>\n#image_1525894648 {\n  width: 100%;\n}\n<\/style>\n\t<\/div>\n\t\n\n<p style=\"text-align: center;\"><span style=\"font-weight: 400;\">En charge de l'\u00e9valuation de la r\u00e9sistance des insectes dans la gestion du stockage des c\u00e9r\u00e9ales. <\/span><\/p>\n\n\t\t<\/div>\n\t\t\t\t\t<\/div>\n\n\t\n\n\t<div id=\"col-169034493\" class=\"col medium-4 small-12 large-4\"  >\n\t\t\t\t<div class=\"col-inner\"  >\n\t\t\t\n\t\t\t\n\n\t<div class=\"img has-hover x md-x lg-x y md-y lg-y\" id=\"image_418693244\">\n\t\t<a class=\"\" href=\"\/fr\/united-experts-belgium\/\"  >\t\t\t\t\t\t<div class=\"img-inner dark\" style=\"margin:0px 0px 50px 0px;\">\n\t\t\t<img loading=\"lazy\" decoding=\"async\" width=\"1020\" height=\"422\" src=\"https:\/\/novigrain.eu\/wp-content\/uploads\/2024\/04\/UEG-Logo-Full-RGB-Pos.png\" class=\"attachment-large size-large\" alt=\"\" \/>\t\t\t\t\t\t\n\t\t\t\t\t<\/div>\n\t\t\t\t\t\t<\/a>\t\t\n<style>\n#image_418693244 {\n  width: 100%;\n}\n<\/style>\n\t<\/div>\n\t\n\n<p style=\"text-align: center;\"><span style=\"font-weight: 400;\">En charge de l'\u00e9valuation de l'impact global (l'impact \u00e9conomique et social).<\/span><\/p>\n\n\t\t<\/div>\n\t\t\t\t\t<\/div>\n\n\t\n\n\t<div id=\"col-2063511395\" class=\"col medium-4 small-12 large-4\"  >\n\t\t\t\t<div class=\"col-inner\"  >\n\t\t\t\n\t\t\t\n\n\t<div class=\"img has-hover x md-x lg-x y md-y lg-y\" id=\"image_1194663660\">\n\t\t<a class=\"\" href=\"\/fr\/toxi-coop-2\/\"  >\t\t\t\t\t\t<div class=\"img-inner dark\" >\n\t\t\t<img loading=\"lazy\" decoding=\"async\" width=\"300\" height=\"150\" src=\"https:\/\/novigrain.eu\/wp-content\/uploads\/2021\/03\/toxi-coop-.png\" class=\"attachment-large size-large\" alt=\"\" \/>\t\t\t\t\t\t\n\t\t\t\t\t<\/div>\n\t\t\t\t\t\t<\/a>\t\t\n<style>\n#image_1194663660 {\n  width: 100%;\n}\n<\/style>\n\t<\/div>\n\t\n\n<p style=\"text-align: center;\"><span style=\"font-weight: 400;\">En charge de la validation des produits (toxicologie et \u00e9cotoxicologie). <\/span><\/p>\n\n\t\t<\/div>\n\t\t\t\t\t<\/div>\n\n\t\n\n\t<div id=\"col-1938013863\" class=\"col medium-4 small-12 large-4\"  >\n\t\t\t\t<div class=\"col-inner\"  >\n\t\t\t\n\t\t\t\n\n\t<div class=\"img has-hover x md-x lg-x y md-y lg-y\" id=\"image_268117954\">\n\t\t<a class=\"\" href=\"\/fr\/linge-agroconsultancy-2\/\"  >\t\t\t\t\t\t<div class=\"img-inner dark\" >\n\t\t\t<img loading=\"lazy\" decoding=\"async\" width=\"301\" height=\"151\" src=\"https:\/\/novigrain.eu\/wp-content\/uploads\/2022\/08\/Linge-Agroconsultancy.png\" class=\"attachment-large size-large\" alt=\"\" \/>\t\t\t\t\t\t\n\t\t\t\t\t<\/div>\n\t\t\t\t\t\t<\/a>\t\t\n<style>\n#image_268117954 {\n  width: 100%;\n}\n<\/style>\n\t<\/div>\n\t\n\n<p style=\"text-align: center;\"><span style=\"font-weight: 400;\">\u00a0En charge de l'accompagnement des essais et de la validation du produit ULV-larvicide.<\/span><\/p>\n\n\t\t<\/div>\n\t\t\t\t\t<\/div>\n\n\t\n\n\t<div id=\"col-200447593\" class=\"col medium-4 small-12 large-4\"  >\n\t\t\t\t<div class=\"col-inner\"  >\n\t\t\t\n\t\t\t\n\n\t<div class=\"img has-hover x md-x lg-x y md-y lg-y\" id=\"image_1698101399\">\n\t\t<a class=\"\" href=\"\/fr\/ilvo-2\/\"  >\t\t\t\t\t\t<div class=\"img-inner dark\" >\n\t\t\t<img loading=\"lazy\" decoding=\"async\" width=\"300\" height=\"150\" src=\"https:\/\/novigrain.eu\/wp-content\/uploads\/2021\/03\/ilvo-.png\" class=\"attachment-large size-large\" alt=\"\" \/>\t\t\t\t\t\t\n\t\t\t\t\t<\/div>\n\t\t\t\t\t\t<\/a>\t\t\n<style>\n#image_1698101399 {\n  width: 100%;\n}\n<\/style>\n\t<\/div>\n\t\n\n<p style=\"text-align: center;\"><span style=\"font-weight: 400;\">En charge de l'analyse du cycle de vie (ACV) \u00e9cologique. <\/span><\/p>\n\n\t\t<\/div>\n\t\t\t\t\t<\/div>\n\n\t\n\n\t<div id=\"col-356548626\" class=\"col medium-4 small-12 large-4\"  >\n\t\t\t\t<div class=\"col-inner\"  >\n\t\t\t\n\t\t\t\n\n\t<div class=\"img has-hover x md-x lg-x y md-y lg-y\" id=\"image_833198497\">\n\t\t<a class=\"\" href=\"\/fr\/ubm-2\/\"  >\t\t\t\t\t\t<div class=\"img-inner dark\" >\n\t\t\t<img loading=\"lazy\" decoding=\"async\" width=\"300\" height=\"150\" src=\"https:\/\/novigrain.eu\/wp-content\/uploads\/2021\/03\/ubm-.png\" class=\"attachment-large size-large\" alt=\"\" \/>\t\t\t\t\t\t\n\t\t\t\t\t<\/div>\n\t\t\t\t\t\t<\/a>\t\t\n<style>\n#image_833198497 {\n  width: 100%;\n}\n<\/style>\n\t<\/div>\n\t\n\n<p style=\"text-align: center;\"><span style=\"font-weight: 400;\">En charge du soutien au d\u00e9veloppement du produit et de la technologie. <\/span><\/p>\n\n\t\t<\/div>\n\t\t\t\t\t<\/div>\n\n\t\n\n<\/div>\n\t<section class=\"section dark\" id=\"section_205621751\">\n\t\t<div class=\"bg section-bg fill bg-fill  bg-loaded\" >\n\n\t\t\t\n\t\t\t\n\t\t\t\n\n\t\t<\/div>\n\n\t\t\n\n\t\t<div class=\"section-content relative\">\n\t\t\t\n\n<h1 style=\"text-align: center;\"><span style=\"font-size: 130%;\">Experts Internationaux<\/span><\/h1>\n<div class=\"text-center\"><div class=\"is-divider divider clearfix\" style=\"max-width:145px;\"><\/div><\/div>\n\n\t<div id=\"gap-1145456998\" class=\"gap-element clearfix\" style=\"display:block; height:auto;\">\n\t\t\n<style>\n#gap-1145456998 {\n  padding-top: 30px;\n}\n<\/style>\n\t<\/div>\n\t\n\n<div class=\"row align-center\"  id=\"row-806209648\">\n\n\n\t<div id=\"col-372140113\" class=\"col medium-4 small-9 large-4\"  >\n\t\t\t\t<div class=\"col-inner\"  >\n\t\t\t\n\t\t\t\n\n    <div class=\"box has-hover has-hover box-text-bottom\" >\n\n         <a href=\"\/fr\/manoj-mayak\/\"  >         <div class=\"box-image\" style=\"width:50%;\">\n           <div class=\"box-image-inner image-cover\" style=\"border-radius:100%;padding-top:100%;\">\n              <img loading=\"lazy\" decoding=\"async\" width=\"1080\" height=\"1080\" src=\"https:\/\/novigrain.eu\/wp-content\/uploads\/2021\/03\/Photo-Manoj-Nayak-for-JSPR.jpg\" class=\"attachment- size-\" alt=\"\" srcset=\"https:\/\/novigrain.eu\/wp-content\/uploads\/2021\/03\/Photo-Manoj-Nayak-for-JSPR.jpg 1080w, https:\/\/novigrain.eu\/wp-content\/uploads\/2021\/03\/Photo-Manoj-Nayak-for-JSPR-300x300.jpg 300w, https:\/\/novigrain.eu\/wp-content\/uploads\/2021\/03\/Photo-Manoj-Nayak-for-JSPR-1024x1024.jpg 1024w, https:\/\/novigrain.eu\/wp-content\/uploads\/2021\/03\/Photo-Manoj-Nayak-for-JSPR-150x150.jpg 150w, https:\/\/novigrain.eu\/wp-content\/uploads\/2021\/03\/Photo-Manoj-Nayak-for-JSPR-768x768.jpg 768w, https:\/\/novigrain.eu\/wp-content\/uploads\/2021\/03\/Photo-Manoj-Nayak-for-JSPR-600x600.jpg 600w, https:\/\/novigrain.eu\/wp-content\/uploads\/2021\/03\/Photo-Manoj-Nayak-for-JSPR-100x100.jpg 100w\" sizes=\"auto, (max-width: 1080px) 100vw, 1080px\" \/>                         <\/div>\n          <\/div>\n         <\/a>\n          <div class=\"box-text text-center\" >\n                <div class=\"box-text-inner\">\n                  <h4 class=\"uppercase\">\n                    <span class=\"person-name\">Dr Manoj Nayak<\/span><br\/>\n                    <span class=\"person-title is-small thin-font op-7\">\n                                          <\/span>\n                  <\/h4>\n                                  \n\n<p>Le Dr Manoj Nayak est un principal entomologiste de recherche et le chef de l'\u00e9quipe de protection des c\u00e9r\u00e9ales apr\u00e8s r\u00e9colte du minist\u00e8re de l'Agriculture et de la P\u00eache, \u00e0 Brisbane, Queensland, Australie.<\/p>\n\n                <\/div>\n          <\/div>\n    <\/div>\n\n    \n    \n\n\t\t<\/div>\n\t\t\t\t\t<\/div>\n\n\t\n\n\t<div id=\"col-115661236\" class=\"col medium-4 small-9 large-4\"  >\n\t\t\t\t<div class=\"col-inner\"  >\n\t\t\t\n\t\t\t\n\n    <div class=\"box has-hover has-hover box-text-bottom\" >\n\n         <a href=\"\/fr\/christos-athanassiou\/\"  >         <div class=\"box-image\" style=\"width:50%;\">\n           <div class=\"box-image-inner image-cover\" style=\"border-radius:100%;padding-top:100%;\">\n              <img loading=\"lazy\" decoding=\"async\" width=\"537\" height=\"550\" src=\"https:\/\/novigrain.eu\/wp-content\/uploads\/2021\/03\/Christos.jpg\" class=\"attachment- size-\" alt=\"\" srcset=\"https:\/\/novigrain.eu\/wp-content\/uploads\/2021\/03\/Christos.jpg 537w, https:\/\/novigrain.eu\/wp-content\/uploads\/2021\/03\/Christos-293x300.jpg 293w\" sizes=\"auto, (max-width: 537px) 100vw, 537px\" \/>                         <\/div>\n          <\/div>\n         <\/a>\n          <div class=\"box-text text-center\" >\n                <div class=\"box-text-inner\">\n                  <h4 class=\"uppercase\">\n                    <span class=\"person-name\">Christos Athanassiou<\/span><br\/>\n                    <span class=\"person-title is-small thin-font op-7\">\n                                          <\/span>\n                  <\/h4>\n                                  \n\n<p>Christos Athanassiou est professeur d'entomologie \u00e0 l'Universit\u00e9 de Thessalie, en Gr\u00e8ce, depuis 2010.<\/p>\n\n                <\/div>\n          <\/div>\n    <\/div>\n\n    \n    \n\n\t\t<\/div>\n\t\t\t\t\t<\/div>\n\n\t\n\n\t<div id=\"col-1239461980\" class=\"col medium-4 small-9 large-4\"  >\n\t\t\t\t<div class=\"col-inner\"  >\n\t\t\t\n\t\t\t\n\n    <div class=\"box has-hover has-hover box-text-bottom\" >\n\n         <a href=\"\/fr\/emanuele-mazzoni\/\"  >         <div class=\"box-image\" style=\"width:50%;\">\n           <div class=\"box-image-inner image-cover\" style=\"border-radius:100%;padding-top:100%;\">\n              <img loading=\"lazy\" decoding=\"async\" width=\"501\" height=\"775\" src=\"https:\/\/novigrain.eu\/wp-content\/uploads\/2021\/03\/Phtoto-Emanuele_Mazzoni-foto-per-novIGRain-2021.jpg\" class=\"attachment- size-\" alt=\"\" srcset=\"https:\/\/novigrain.eu\/wp-content\/uploads\/2021\/03\/Phtoto-Emanuele_Mazzoni-foto-per-novIGRain-2021.jpg 501w, https:\/\/novigrain.eu\/wp-content\/uploads\/2021\/03\/Phtoto-Emanuele_Mazzoni-foto-per-novIGRain-2021-194x300.jpg 194w\" sizes=\"auto, (max-width: 501px) 100vw, 501px\" \/>                         <\/div>\n          <\/div>\n         <\/a>\n          <div class=\"box-text text-center\" >\n                <div class=\"box-text-inner\">\n                  <h4 class=\"uppercase\">\n                    <span class=\"person-name\">emanuele mazzoni<\/span><br\/>\n                    <span class=\"person-title is-small thin-font op-7\">\n                                          <\/span>\n                  <\/h4>\n                                  \n\n<p><span style=\"font-weight: 400;\">Emanuele Mazzoni est professeur associ\u00e9 en entomologie g\u00e9n\u00e9rale et appliqu\u00e9e (SSD AGR\/11) \u00e0 la Facult\u00e9 des sciences de l'agriculture, de l'alimentation et de l'environnement de l'Universit\u00e0 Cattolica del Sacro Cuore.<\/span><\/p>\n\n                <\/div>\n          <\/div>\n    <\/div>\n\n    \n    \n\n\t\t<\/div>\n\t\t\t\t\t<\/div>\n\n\t\n\n<\/div>\n\n\t\t<\/div>\n\n\t\t\n<style>\n#section_205621751 {\n  padding-top: 30px;\n  padding-bottom: 30px;\n  background-color: rgb(32, 103, 50);\n}\n#section_205621751 .ux-shape-divider--top svg {\n  height: 150px;\n  --divider-top-width: 100%;\n}\n#section_205621751 .ux-shape-divider--bottom svg {\n  height: 150px;\n  --divider-width: 100%;\n}\n<\/style>\n\t<\/section>","protected":false},"excerpt":{"rendered":"<p>&nbsp; D\u00e9couvrez nos membres<\/p>","protected":false},"author":1,"featured_media":0,"parent":0,"menu_order":0,"comment_status":"closed","ping_status":"closed","template":"","meta":{"footnotes":""},"class_list":["post-327","page","type-page","status-publish","hentry"],"yoast_head":"<!-- This site is optimized with the Yoast SEO plugin v27.4 - https:\/\/yoast.com\/product\/yoast-seo-wordpress\/ -->\n<title>United Experts : In charge of the the overall impact assessment<\/title>\n<meta name=\"description\" content=\"United Experts is part of the novIGRain team Sustainable storage of grains by implementing a novel protectant and a versatile application technology\" \/>\n<meta name=\"robots\" content=\"index, follow, max-snippet:-1, max-image-preview:large, max-video-preview:-1\" \/>\n<link rel=\"canonical\" href=\"https:\/\/novigrain.eu\/fr\/united-experts-belgium\/\" \/>\n<meta property=\"og:locale\" content=\"fr_FR\" \/>\n<meta property=\"og:type\" content=\"article\" \/>\n<meta property=\"og:title\" content=\"United Experts : In charge of the the overall impact assessment\" \/>\n<meta property=\"og:description\" content=\"United Experts is part of the novIGRain team Sustainable storage of grains by implementing a novel protectant and a versatile application technology\" \/>\n<meta property=\"og:url\" content=\"https:\/\/novigrain.eu\/fr\/united-experts-belgium\/\" \/>\n<meta property=\"og:site_name\" content=\"novIGRain\" \/>\n<meta property=\"article:modified_time\" content=\"2024-04-08T11:53:34+00:00\" \/>\n<meta name=\"twitter:card\" content=\"summary_large_image\" \/>\n<meta name=\"twitter:label1\" content=\"Dur\u00e9e de lecture estim\u00e9e\" \/>\n\t<meta name=\"twitter:data1\" content=\"1 minute\" \/>\n<script type=\"application\/ld+json\" class=\"yoast-schema-graph\">{\"@context\":\"https:\\\/\\\/schema.org\",\"@graph\":[{\"@type\":\"WebPage\",\"@id\":\"https:\\\/\\\/novigrain.eu\\\/united-experts-belgium\\\/\",\"url\":\"https:\\\/\\\/novigrain.eu\\\/united-experts-belgium\\\/\",\"name\":\"United Experts : In charge of the the overall impact assessment\",\"isPartOf\":{\"@id\":\"https:\\\/\\\/novigrain.eu\\\/#website\"},\"datePublished\":\"2021-02-01T22:05:02+00:00\",\"dateModified\":\"2024-04-08T11:53:34+00:00\",\"description\":\"United Experts is part of the novIGRain team Sustainable storage of grains by implementing a novel protectant and a versatile application technology\",\"breadcrumb\":{\"@id\":\"https:\\\/\\\/novigrain.eu\\\/united-experts-belgium\\\/#breadcrumb\"},\"inLanguage\":\"fr-FR\",\"potentialAction\":[{\"@type\":\"ReadAction\",\"target\":[\"https:\\\/\\\/novigrain.eu\\\/united-experts-belgium\\\/\"]}]},{\"@type\":\"BreadcrumbList\",\"@id\":\"https:\\\/\\\/novigrain.eu\\\/united-experts-belgium\\\/#breadcrumb\",\"itemListElement\":[{\"@type\":\"ListItem\",\"position\":1,\"name\":\"Accueil\",\"item\":\"https:\\\/\\\/novigrain.eu\\\/\"},{\"@type\":\"ListItem\",\"position\":2,\"name\":\"United Experts\"}]},{\"@type\":\"WebSite\",\"@id\":\"https:\\\/\\\/novigrain.eu\\\/#website\",\"url\":\"https:\\\/\\\/novigrain.eu\\\/\",\"name\":\"novIGRain\",\"description\":\"Sustainable storage of grains\",\"potentialAction\":[{\"@type\":\"SearchAction\",\"target\":{\"@type\":\"EntryPoint\",\"urlTemplate\":\"https:\\\/\\\/novigrain.eu\\\/?s={search_term_string}\"},\"query-input\":{\"@type\":\"PropertyValueSpecification\",\"valueRequired\":true,\"valueName\":\"search_term_string\"}}],\"inLanguage\":\"fr-FR\"}]}<\/script>\n<!-- \/ Yoast SEO plugin. -->","yoast_head_json":{"title":"United Experts : In charge of the the overall impact assessment","description":"United Experts is part of the novIGRain team Sustainable storage of grains by implementing a novel protectant and a versatile application technology","robots":{"index":"index","follow":"follow","max-snippet":"max-snippet:-1","max-image-preview":"max-image-preview:large","max-video-preview":"max-video-preview:-1"},"canonical":"https:\/\/novigrain.eu\/fr\/united-experts-belgium\/","og_locale":"fr_FR","og_type":"article","og_title":"United Experts : In charge of the the overall impact assessment","og_description":"United Experts is part of the novIGRain team Sustainable storage of grains by implementing a novel protectant and a versatile application technology","og_url":"https:\/\/novigrain.eu\/fr\/united-experts-belgium\/","og_site_name":"novIGRain","article_modified_time":"2024-04-08T11:53:34+00:00","twitter_card":"summary_large_image","twitter_misc":{"Dur\u00e9e de lecture estim\u00e9e":"1 minute"},"schema":{"@context":"https:\/\/schema.org","@graph":[{"@type":"WebPage","@id":"https:\/\/novigrain.eu\/united-experts-belgium\/","url":"https:\/\/novigrain.eu\/united-experts-belgium\/","name":"United Experts : In charge of the the overall impact assessment","isPartOf":{"@id":"https:\/\/novigrain.eu\/#website"},"datePublished":"2021-02-01T22:05:02+00:00","dateModified":"2024-04-08T11:53:34+00:00","description":"United Experts is part of the novIGRain team Sustainable storage of grains by implementing a novel protectant and a versatile application technology","breadcrumb":{"@id":"https:\/\/novigrain.eu\/united-experts-belgium\/#breadcrumb"},"inLanguage":"fr-FR","potentialAction":[{"@type":"ReadAction","target":["https:\/\/novigrain.eu\/united-experts-belgium\/"]}]},{"@type":"BreadcrumbList","@id":"https:\/\/novigrain.eu\/united-experts-belgium\/#breadcrumb","itemListElement":[{"@type":"ListItem","position":1,"name":"Accueil","item":"https:\/\/novigrain.eu\/"},{"@type":"ListItem","position":2,"name":"United Experts"}]},{"@type":"WebSite","@id":"https:\/\/novigrain.eu\/#website","url":"https:\/\/novigrain.eu\/","name":"novIGRain","description":"Sustainable storage of grains","potentialAction":[{"@type":"SearchAction","target":{"@type":"EntryPoint","urlTemplate":"https:\/\/novigrain.eu\/?s={search_term_string}"},"query-input":{"@type":"PropertyValueSpecification","valueRequired":true,"valueName":"search_term_string"}}],"inLanguage":"fr-FR"}]}},"_links":{"self":[{"href":"https:\/\/novigrain.eu\/fr\/wp-json\/wp\/v2\/pages\/327","targetHints":{"allow":["GET"]}}],"collection":[{"href":"https:\/\/novigrain.eu\/fr\/wp-json\/wp\/v2\/pages"}],"about":[{"href":"https:\/\/novigrain.eu\/fr\/wp-json\/wp\/v2\/types\/page"}],"author":[{"embeddable":true,"href":"https:\/\/novigrain.eu\/fr\/wp-json\/wp\/v2\/users\/1"}],"replies":[{"embeddable":true,"href":"https:\/\/novigrain.eu\/fr\/wp-json\/wp\/v2\/comments?post=327"}],"version-history":[{"count":15,"href":"https:\/\/novigrain.eu\/fr\/wp-json\/wp\/v2\/pages\/327\/revisions"}],"predecessor-version":[{"id":1376,"href":"https:\/\/novigrain.eu\/fr\/wp-json\/wp\/v2\/pages\/327\/revisions\/1376"}],"wp:attachment":[{"href":"https:\/\/novigrain.eu\/fr\/wp-json\/wp\/v2\/media?parent=327"}],"curies":[{"name":"wp","href":"https:\/\/api.w.org\/{rel}","templated":true}]}}