{"id":310,"date":"2021-02-01T22:43:14","date_gmt":"2021-02-01T21:43:14","guid":{"rendered":"http:\/\/photographik.fr\/?page_id=310"},"modified":"2021-04-15T16:37:47","modified_gmt":"2021-04-15T14:37:47","slug":"sojam-france","status":"publish","type":"page","link":"https:\/\/novigrain.eu\/fr\/sojam-france\/","title":{"rendered":"sojam"},"content":{"rendered":"<div class=\"banner has-hover\" id=\"banner-1051268232\">\n          <div class=\"banner-inner fill\">\n        <div class=\"banner-bg fill\" >\n            <div class=\"bg fill bg-fill\"><\/div>\n                        <div class=\"overlay\"><\/div>            \n                    <\/div>\n\t\t\n        <div class=\"banner-layers container\">\n            <div class=\"fill banner-link\"><\/div>            \n        <\/div>\n      <\/div>\n\n            \n<style>\n#banner-1051268232 {\n  padding-top: 350px;\n}\n#banner-1051268232 .bg.bg-loaded {\n  background-image: url(https:\/\/novigrain.eu\/wp-content\/uploads\/2021\/02\/garden-TE8VYUL-1024x768.jpg);\n}\n#banner-1051268232 .overlay {\n  background-color: rgba(0,0,0,.5);\n}\n#banner-1051268232 .bg {\n  background-position: 73% 37%;\n}\n#banner-1051268232 .ux-shape-divider--top svg {\n  height: 150px;\n  --divider-top-width: 100%;\n}\n#banner-1051268232 .ux-shape-divider--bottom svg {\n  height: 150px;\n  --divider-width: 100%;\n}\n<\/style>\n  <\/div>\n\n\n\t<section class=\"section\" id=\"section_1012484167\">\n\t\t<div class=\"bg section-bg fill bg-fill  bg-loaded\" >\n\n\t\t\t\n\t\t\t\n\t\t\t\n\n\t\t<\/div>\n\n\t\t\n\n\t\t<div class=\"section-content relative\">\n\t\t\t\n\t<div id=\"gap-1702008776\" class=\"gap-element clearfix\" style=\"display:block; height:auto;\">\n\t\t\n<style>\n#gap-1702008776 {\n  padding-top: 40px;\n}\n<\/style>\n\t<\/div>\n\t\n<div class=\"row align-center\"  id=\"row-830655324\">\n\n\t<div id=\"col-1326641113\" class=\"col medium-4 small-10 large-4\"  >\n\t\t\t\t<div class=\"col-inner\"  >\n\t\t\t\n\t\t\t\n<h1><b>SOJAM &#8211; France <\/b><\/h1>\n\t<div class=\"img has-hover x md-x lg-x y md-y lg-y\" id=\"image_1479625707\">\n\t\t\t\t\t\t\t\t<div class=\"img-inner dark\" >\n\t\t\t<img loading=\"lazy\" decoding=\"async\" width=\"300\" height=\"300\" src=\"https:\/\/novigrain.eu\/wp-content\/uploads\/2021\/02\/sojam.png\" class=\"attachment-large size-large\" alt=\"\" srcset=\"https:\/\/novigrain.eu\/wp-content\/uploads\/2021\/02\/sojam.png 300w, https:\/\/novigrain.eu\/wp-content\/uploads\/2021\/02\/sojam-150x150.png 150w, https:\/\/novigrain.eu\/wp-content\/uploads\/2021\/02\/sojam-100x100.png 100w\" sizes=\"auto, (max-width: 300px) 100vw, 300px\" \/>\t\t\t\t\t\t\n\t\t\t\t\t<\/div>\n\t\t\t\t\t\t\t\t\n<style>\n#image_1479625707 {\n  width: 100%;\n}\n<\/style>\n\t<\/div>\n\t\n<a rel=\"noopener noreferrer\" href=\"https:\/\/sojam.fr\/\" target=\"_blank\" class=\"button primary is-link\"  >\n    <span>Visiter le site<\/span>\n  <i class=\"icon-angle-right\" ><\/i><\/a>\n\n<a rel=\"noopener noreferrer\" href=\"mailto:contact@sojam.fr\" target=\"_blank\" class=\"button primary is-link\"  >\n    <span>Prendre contact<\/span>\n  <i class=\"icon-angle-right\" ><\/i><\/a>\n\n\t\t<\/div>\n\t\t\t\t\t<\/div>\n\n\t\n\n\t<div id=\"col-2107414009\" class=\"col medium-8 small-10 large-8\"  >\n\t\t\t\t<div class=\"col-inner\"  >\n\t\t\t\n\t\t\t\n<p class=\"translation-block\">SOJAM fournit des solutions insecticides et antiparasitaires aux professionnels depuis 70 ans et est sp\u00e9cialis\u00e9e dans la protection des grains stock\u00e9s depuis plus de 40 ans. SOJAM formule, con\u00e7oit, produit et commercialise des produits phytosanitaires et des \u00e9quipements d'application pour les organismes stockeurs de grains. Sa solide exp\u00e9rience technologique, logistique et commerciale s'appuie sur une innovation majeure : la n\u00e9bulisation \u00e0 froid. Une r\u00e9ponse adapt\u00e9e \u00e0 l'ensemble des besoins du secteur, avec une gamme d'\u00e9quipements sur mesure et des formulations efficaces. Cette technique permet la meilleure r\u00e9partition \u00e0 la plus faible dose d'insecticide sur les grains. En cons\u00e9quence, SOJAM a une tr\u00e8s forte connaissance du mat\u00e9riel d'application et des contraintes techniques de ses clients.<\/p>\n\t\t<\/div>\n\t\t\t\t\t<\/div>\n\n\t\n<\/div>\n\t\t<\/div>\n\n\t\t\n<style>\n#section_1012484167 {\n  padding-top: 30px;\n  padding-bottom: 30px;\n}\n#section_1012484167 .ux-shape-divider--top svg {\n  height: 150px;\n  --divider-top-width: 100%;\n}\n#section_1012484167 .ux-shape-divider--bottom svg {\n  height: 150px;\n  --divider-width: 100%;\n}\n<\/style>\n\t<\/section>\n\t\n<p>&nbsp;<\/p>\n<h2 style=\"text-align: right;\">D\u00e9couvrez nos membres<\/h2>\n<div class=\"row\"  id=\"row-1845577592\">\n\n\n\t<div id=\"col-1144055366\" class=\"col medium-4 small-12 large-4\"  >\n\t\t\t\t<div class=\"col-inner\"  >\n\t\t\t\n\t\t\t\n\n\t<div class=\"img has-hover x md-x lg-x y md-y lg-y\" id=\"image_1284778648\">\n\t\t<a class=\"\" href=\"\/fr\/maxiline-belgium\/\"  >\t\t\t\t\t\t<div class=\"img-inner dark\" >\n\t\t\t<img loading=\"lazy\" decoding=\"async\" width=\"300\" height=\"150\" src=\"https:\/\/novigrain.eu\/wp-content\/uploads\/2021\/03\/maxiline-.png\" class=\"attachment-large size-large\" alt=\"Maxiline is part of the novIGRain team : European Union\u2019s 2020 research and innovation programme\" \/>\t\t\t\t\t\t\n\t\t\t\t\t<\/div>\n\t\t\t\t\t\t<\/a>\t\t\n<style>\n#image_1284778648 {\n  width: 100%;\n}\n<\/style>\n\t<\/div>\n\t\n\n<p style=\"text-align: center;\"><span style=\"font-weight: 400;\">Coordinateur du projet.<\/span><\/p>\n\n\t\t<\/div>\n\t\t\t\t\t<\/div>\n\n\t\n\n\t<div id=\"col-1854690225\" class=\"col medium-4 small-12 large-4\"  >\n\t\t\t\t<div class=\"col-inner\"  >\n\t\t\t\n\t\t\t\n\n\t<div class=\"img has-hover x md-x lg-x y md-y lg-y\" id=\"image_1030970487\">\n\t\t<a class=\"\" href=\"\/fr\/babolnabio\/\"  >\t\t\t\t\t\t<div class=\"img-inner dark\" >\n\t\t\t<img loading=\"lazy\" decoding=\"async\" width=\"300\" height=\"150\" src=\"https:\/\/novigrain.eu\/wp-content\/uploads\/2021\/03\/babolna-.png\" class=\"attachment-large size-large\" alt=\"Babolna Bio novIGRAin : European Union\u2019s 2020 research and innovation programme\" \/>\t\t\t\t\t\t\n\t\t\t\t\t<\/div>\n\t\t\t\t\t\t<\/a>\t\t\n<style>\n#image_1030970487 {\n  width: 100%;\n}\n<\/style>\n\t<\/div>\n\t\n\n<p style=\"text-align: center;\"><span style=\"font-weight: 400;\">En charge du d\u00e9veloppement du nouveau produit ULV-larvicide.<\/span><\/p>\n\n\t\t<\/div>\n\t\t\t\t\t<\/div>\n\n\t\n\n\t<div id=\"col-1830432748\" class=\"col medium-4 small-12 large-4\"  >\n\t\t\t\t<div class=\"col-inner\"  >\n\t\t\t\n\t\t\t\n\n\t<div class=\"img has-hover x md-x lg-x y md-y lg-y\" id=\"image_334126206\">\n\t\t<a class=\"\" href=\"\/fr\/sojam-france\/\"  >\t\t\t\t\t\t<div class=\"img-inner dark\" >\n\t\t\t<img loading=\"lazy\" decoding=\"async\" width=\"300\" height=\"150\" src=\"https:\/\/novigrain.eu\/wp-content\/uploads\/2021\/03\/sojam-.png\" class=\"attachment-large size-large\" alt=\"Sojam novIGRAin : European Union\u2019s 2020 research and innovation programme\" \/>\t\t\t\t\t\t\n\t\t\t\t\t<\/div>\n\t\t\t\t\t\t<\/a>\t\t\n<style>\n#image_334126206 {\n  width: 100%;\n}\n<\/style>\n\t<\/div>\n\t\n\n<p style=\"text-align: center;\"><span style=\"font-weight: 400;\">En charge du d\u00e9veloppement de la nouvelle technologie d'application.<\/span><\/p>\n\n\t\t<\/div>\n\t\t\t\t\t<\/div>\n\n\t\n\n\t<div id=\"col-1859343990\" class=\"col medium-4 small-12 large-4\"  >\n\t\t\t\t<div class=\"col-inner\"  >\n\t\t\t\n\t\t\t\n\n\t<div class=\"img has-hover x md-x lg-x y md-y lg-y\" id=\"image_724449902\">\n\t\t<a class=\"\" href=\"\/fr\/cri-czech-republic\/\"  >\t\t<div data-parallax-fade=\"true\" data-parallax=\"3\">\t\t\t\t<div class=\"img-inner dark\" >\n\t\t\t<img loading=\"lazy\" decoding=\"async\" width=\"300\" height=\"150\" src=\"https:\/\/novigrain.eu\/wp-content\/uploads\/2021\/03\/vurv-.png\" class=\"attachment-large size-large\" alt=\"\" \/>\t\t\t\t\t\t\n\t\t\t\t\t<\/div>\n\t\t\t\t<\/div>\t\t<\/a>\t\t\n<style>\n#image_724449902 {\n  width: 100%;\n}\n<\/style>\n\t<\/div>\n\t\n\n<p style=\"text-align: center;\"><span style=\"font-weight: 400;\">En charge de l'\u00e9valuation de la r\u00e9sistance des insectes dans la gestion du stockage des c\u00e9r\u00e9ales. <\/span><\/p>\n\n\t\t<\/div>\n\t\t\t\t\t<\/div>\n\n\t\n\n\t<div id=\"col-659960901\" class=\"col medium-4 small-12 large-4\"  >\n\t\t\t\t<div class=\"col-inner\"  >\n\t\t\t\n\t\t\t\n\n\t<div class=\"img has-hover x md-x lg-x y md-y lg-y\" id=\"image_1046491191\">\n\t\t<a class=\"\" href=\"\/fr\/united-experts-belgium\/\"  >\t\t\t\t\t\t<div class=\"img-inner dark\" style=\"margin:0px 0px 50px 0px;\">\n\t\t\t<img loading=\"lazy\" decoding=\"async\" width=\"1020\" height=\"422\" src=\"https:\/\/novigrain.eu\/wp-content\/uploads\/2024\/04\/UEG-Logo-Full-RGB-Pos.png\" class=\"attachment-large size-large\" alt=\"\" \/>\t\t\t\t\t\t\n\t\t\t\t\t<\/div>\n\t\t\t\t\t\t<\/a>\t\t\n<style>\n#image_1046491191 {\n  width: 100%;\n}\n<\/style>\n\t<\/div>\n\t\n\n<p style=\"text-align: center;\"><span style=\"font-weight: 400;\">En charge de l'\u00e9valuation de l'impact global (l'impact \u00e9conomique et social).<\/span><\/p>\n\n\t\t<\/div>\n\t\t\t\t\t<\/div>\n\n\t\n\n\t<div id=\"col-521148813\" class=\"col medium-4 small-12 large-4\"  >\n\t\t\t\t<div class=\"col-inner\"  >\n\t\t\t\n\t\t\t\n\n\t<div class=\"img has-hover x md-x lg-x y md-y lg-y\" id=\"image_547508963\">\n\t\t<a class=\"\" href=\"\/fr\/toxi-coop-2\/\"  >\t\t\t\t\t\t<div class=\"img-inner dark\" >\n\t\t\t<img loading=\"lazy\" decoding=\"async\" width=\"300\" height=\"150\" src=\"https:\/\/novigrain.eu\/wp-content\/uploads\/2021\/03\/toxi-coop-.png\" class=\"attachment-large size-large\" alt=\"\" \/>\t\t\t\t\t\t\n\t\t\t\t\t<\/div>\n\t\t\t\t\t\t<\/a>\t\t\n<style>\n#image_547508963 {\n  width: 100%;\n}\n<\/style>\n\t<\/div>\n\t\n\n<p style=\"text-align: center;\"><span style=\"font-weight: 400;\">En charge de la validation des produits (toxicologie et \u00e9cotoxicologie). <\/span><\/p>\n\n\t\t<\/div>\n\t\t\t\t\t<\/div>\n\n\t\n\n\t<div id=\"col-364351954\" class=\"col medium-4 small-12 large-4\"  >\n\t\t\t\t<div class=\"col-inner\"  >\n\t\t\t\n\t\t\t\n\n\t<div class=\"img has-hover x md-x lg-x y md-y lg-y\" id=\"image_964945177\">\n\t\t<a class=\"\" href=\"\/fr\/linge-agroconsultancy-2\/\"  >\t\t\t\t\t\t<div class=\"img-inner dark\" >\n\t\t\t<img loading=\"lazy\" decoding=\"async\" width=\"301\" height=\"151\" src=\"https:\/\/novigrain.eu\/wp-content\/uploads\/2022\/08\/Linge-Agroconsultancy.png\" class=\"attachment-large size-large\" alt=\"\" \/>\t\t\t\t\t\t\n\t\t\t\t\t<\/div>\n\t\t\t\t\t\t<\/a>\t\t\n<style>\n#image_964945177 {\n  width: 100%;\n}\n<\/style>\n\t<\/div>\n\t\n\n<p style=\"text-align: center;\"><span style=\"font-weight: 400;\">\u00a0En charge de l'accompagnement des essais et de la validation du produit ULV-larvicide.<\/span><\/p>\n\n\t\t<\/div>\n\t\t\t\t\t<\/div>\n\n\t\n\n\t<div id=\"col-1805360607\" class=\"col medium-4 small-12 large-4\"  >\n\t\t\t\t<div class=\"col-inner\"  >\n\t\t\t\n\t\t\t\n\n\t<div class=\"img has-hover x md-x lg-x y md-y lg-y\" id=\"image_881978691\">\n\t\t<a class=\"\" href=\"\/fr\/ilvo-2\/\"  >\t\t\t\t\t\t<div class=\"img-inner dark\" >\n\t\t\t<img loading=\"lazy\" decoding=\"async\" width=\"300\" height=\"150\" src=\"https:\/\/novigrain.eu\/wp-content\/uploads\/2021\/03\/ilvo-.png\" class=\"attachment-large size-large\" alt=\"\" \/>\t\t\t\t\t\t\n\t\t\t\t\t<\/div>\n\t\t\t\t\t\t<\/a>\t\t\n<style>\n#image_881978691 {\n  width: 100%;\n}\n<\/style>\n\t<\/div>\n\t\n\n<p style=\"text-align: center;\"><span style=\"font-weight: 400;\">En charge de l'analyse du cycle de vie (ACV) \u00e9cologique. <\/span><\/p>\n\n\t\t<\/div>\n\t\t\t\t\t<\/div>\n\n\t\n\n\t<div id=\"col-1927027141\" class=\"col medium-4 small-12 large-4\"  >\n\t\t\t\t<div class=\"col-inner\"  >\n\t\t\t\n\t\t\t\n\n\t<div class=\"img has-hover x md-x lg-x y md-y lg-y\" id=\"image_14411735\">\n\t\t<a class=\"\" href=\"\/fr\/ubm-2\/\"  >\t\t\t\t\t\t<div class=\"img-inner dark\" >\n\t\t\t<img loading=\"lazy\" decoding=\"async\" width=\"300\" height=\"150\" src=\"https:\/\/novigrain.eu\/wp-content\/uploads\/2021\/03\/ubm-.png\" class=\"attachment-large size-large\" alt=\"\" \/>\t\t\t\t\t\t\n\t\t\t\t\t<\/div>\n\t\t\t\t\t\t<\/a>\t\t\n<style>\n#image_14411735 {\n  width: 100%;\n}\n<\/style>\n\t<\/div>\n\t\n\n<p style=\"text-align: center;\"><span style=\"font-weight: 400;\">En charge du soutien au d\u00e9veloppement du produit et de la technologie. <\/span><\/p>\n\n\t\t<\/div>\n\t\t\t\t\t<\/div>\n\n\t\n\n<\/div>\n\t<section class=\"section dark\" id=\"section_1389343770\">\n\t\t<div class=\"bg section-bg fill bg-fill  bg-loaded\" >\n\n\t\t\t\n\t\t\t\n\t\t\t\n\n\t\t<\/div>\n\n\t\t\n\n\t\t<div class=\"section-content relative\">\n\t\t\t\n\n<h1 style=\"text-align: center;\"><span style=\"font-size: 130%;\">Experts Internationaux<\/span><\/h1>\n<div class=\"text-center\"><div class=\"is-divider divider clearfix\" style=\"max-width:145px;\"><\/div><\/div>\n\n\t<div id=\"gap-2098662744\" class=\"gap-element clearfix\" style=\"display:block; height:auto;\">\n\t\t\n<style>\n#gap-2098662744 {\n  padding-top: 30px;\n}\n<\/style>\n\t<\/div>\n\t\n\n<div class=\"row align-center\"  id=\"row-833593829\">\n\n\n\t<div id=\"col-349251839\" class=\"col medium-4 small-9 large-4\"  >\n\t\t\t\t<div class=\"col-inner\"  >\n\t\t\t\n\t\t\t\n\n    <div class=\"box has-hover has-hover box-text-bottom\" >\n\n         <a href=\"\/fr\/manoj-mayak\/\"  >         <div class=\"box-image\" style=\"width:50%;\">\n           <div class=\"box-image-inner image-cover\" style=\"border-radius:100%;padding-top:100%;\">\n              <img loading=\"lazy\" decoding=\"async\" width=\"1080\" height=\"1080\" src=\"https:\/\/novigrain.eu\/wp-content\/uploads\/2021\/03\/Photo-Manoj-Nayak-for-JSPR.jpg\" class=\"attachment- size-\" alt=\"\" srcset=\"https:\/\/novigrain.eu\/wp-content\/uploads\/2021\/03\/Photo-Manoj-Nayak-for-JSPR.jpg 1080w, https:\/\/novigrain.eu\/wp-content\/uploads\/2021\/03\/Photo-Manoj-Nayak-for-JSPR-300x300.jpg 300w, https:\/\/novigrain.eu\/wp-content\/uploads\/2021\/03\/Photo-Manoj-Nayak-for-JSPR-1024x1024.jpg 1024w, https:\/\/novigrain.eu\/wp-content\/uploads\/2021\/03\/Photo-Manoj-Nayak-for-JSPR-150x150.jpg 150w, https:\/\/novigrain.eu\/wp-content\/uploads\/2021\/03\/Photo-Manoj-Nayak-for-JSPR-768x768.jpg 768w, https:\/\/novigrain.eu\/wp-content\/uploads\/2021\/03\/Photo-Manoj-Nayak-for-JSPR-600x600.jpg 600w, https:\/\/novigrain.eu\/wp-content\/uploads\/2021\/03\/Photo-Manoj-Nayak-for-JSPR-100x100.jpg 100w\" sizes=\"auto, (max-width: 1080px) 100vw, 1080px\" \/>                         <\/div>\n          <\/div>\n         <\/a>\n          <div class=\"box-text text-center\" >\n                <div class=\"box-text-inner\">\n                  <h4 class=\"uppercase\">\n                    <span class=\"person-name\">Dr Manoj Nayak<\/span><br\/>\n                    <span class=\"person-title is-small thin-font op-7\">\n                                          <\/span>\n                  <\/h4>\n                                  \n\n<p>Le Dr Manoj Nayak est un principal entomologiste de recherche et le chef de l'\u00e9quipe de protection des c\u00e9r\u00e9ales apr\u00e8s r\u00e9colte du minist\u00e8re de l'Agriculture et de la P\u00eache, \u00e0 Brisbane, Queensland, Australie.<\/p>\n\n                <\/div>\n          <\/div>\n    <\/div>\n\n    \n    \n\n\t\t<\/div>\n\t\t\t\t\t<\/div>\n\n\t\n\n\t<div id=\"col-360375929\" class=\"col medium-4 small-9 large-4\"  >\n\t\t\t\t<div class=\"col-inner\"  >\n\t\t\t\n\t\t\t\n\n    <div class=\"box has-hover has-hover box-text-bottom\" >\n\n         <a href=\"\/fr\/christos-athanassiou\/\"  >         <div class=\"box-image\" style=\"width:50%;\">\n           <div class=\"box-image-inner image-cover\" style=\"border-radius:100%;padding-top:100%;\">\n              <img loading=\"lazy\" decoding=\"async\" width=\"537\" height=\"550\" src=\"https:\/\/novigrain.eu\/wp-content\/uploads\/2021\/03\/Christos.jpg\" class=\"attachment- size-\" alt=\"\" srcset=\"https:\/\/novigrain.eu\/wp-content\/uploads\/2021\/03\/Christos.jpg 537w, https:\/\/novigrain.eu\/wp-content\/uploads\/2021\/03\/Christos-293x300.jpg 293w\" sizes=\"auto, (max-width: 537px) 100vw, 537px\" \/>                         <\/div>\n          <\/div>\n         <\/a>\n          <div class=\"box-text text-center\" >\n                <div class=\"box-text-inner\">\n                  <h4 class=\"uppercase\">\n                    <span class=\"person-name\">Christos Athanassiou<\/span><br\/>\n                    <span class=\"person-title is-small thin-font op-7\">\n                                          <\/span>\n                  <\/h4>\n                                  \n\n<p>Christos Athanassiou est professeur d'entomologie \u00e0 l'Universit\u00e9 de Thessalie, en Gr\u00e8ce, depuis 2010.<\/p>\n\n                <\/div>\n          <\/div>\n    <\/div>\n\n    \n    \n\n\t\t<\/div>\n\t\t\t\t\t<\/div>\n\n\t\n\n\t<div id=\"col-1574297997\" class=\"col medium-4 small-9 large-4\"  >\n\t\t\t\t<div class=\"col-inner\"  >\n\t\t\t\n\t\t\t\n\n    <div class=\"box has-hover has-hover box-text-bottom\" >\n\n         <a href=\"\/fr\/emanuele-mazzoni\/\"  >         <div class=\"box-image\" style=\"width:50%;\">\n           <div class=\"box-image-inner image-cover\" style=\"border-radius:100%;padding-top:100%;\">\n              <img loading=\"lazy\" decoding=\"async\" width=\"501\" height=\"775\" src=\"https:\/\/novigrain.eu\/wp-content\/uploads\/2021\/03\/Phtoto-Emanuele_Mazzoni-foto-per-novIGRain-2021.jpg\" class=\"attachment- size-\" alt=\"\" srcset=\"https:\/\/novigrain.eu\/wp-content\/uploads\/2021\/03\/Phtoto-Emanuele_Mazzoni-foto-per-novIGRain-2021.jpg 501w, https:\/\/novigrain.eu\/wp-content\/uploads\/2021\/03\/Phtoto-Emanuele_Mazzoni-foto-per-novIGRain-2021-194x300.jpg 194w\" sizes=\"auto, (max-width: 501px) 100vw, 501px\" \/>                         <\/div>\n          <\/div>\n         <\/a>\n          <div class=\"box-text text-center\" >\n                <div class=\"box-text-inner\">\n                  <h4 class=\"uppercase\">\n                    <span class=\"person-name\">emanuele mazzoni<\/span><br\/>\n                    <span class=\"person-title is-small thin-font op-7\">\n                                          <\/span>\n                  <\/h4>\n                                  \n\n<p><span style=\"font-weight: 400;\">Emanuele Mazzoni est professeur associ\u00e9 en entomologie g\u00e9n\u00e9rale et appliqu\u00e9e (SSD AGR\/11) \u00e0 la Facult\u00e9 des sciences de l'agriculture, de l'alimentation et de l'environnement de l'Universit\u00e0 Cattolica del Sacro Cuore.<\/span><\/p>\n\n                <\/div>\n          <\/div>\n    <\/div>\n\n    \n    \n\n\t\t<\/div>\n\t\t\t\t\t<\/div>\n\n\t\n\n<\/div>\n\n\t\t<\/div>\n\n\t\t\n<style>\n#section_1389343770 {\n  padding-top: 30px;\n  padding-bottom: 30px;\n  background-color: rgb(32, 103, 50);\n}\n#section_1389343770 .ux-shape-divider--top svg {\n  height: 150px;\n  --divider-top-width: 100%;\n}\n#section_1389343770 .ux-shape-divider--bottom svg {\n  height: 150px;\n  --divider-width: 100%;\n}\n<\/style>\n\t<\/section>","protected":false},"excerpt":{"rendered":"<p>&nbsp; D\u00e9couvrez nos membres<\/p>","protected":false},"author":1,"featured_media":900,"parent":0,"menu_order":0,"comment_status":"closed","ping_status":"closed","template":"","meta":{"footnotes":""},"class_list":["post-310","page","type-page","status-publish","has-post-thumbnail","hentry"],"yoast_head":"<!-- This site is optimized with the Yoast SEO plugin v27.4 - https:\/\/yoast.com\/product\/yoast-seo-wordpress\/ -->\n<title>Sojam : In charge of the development of the new application machine<\/title>\n<meta name=\"description\" content=\"Sojam is part of the novIGRain team Sustainable storage of grains by implementing a novel protectant and a versatile application technology\" \/>\n<meta name=\"robots\" content=\"index, follow, max-snippet:-1, max-image-preview:large, max-video-preview:-1\" \/>\n<link rel=\"canonical\" href=\"https:\/\/novigrain.eu\/fr\/sojam-france\/\" \/>\n<meta property=\"og:locale\" content=\"fr_FR\" \/>\n<meta property=\"og:type\" content=\"article\" \/>\n<meta property=\"og:title\" content=\"Sojam : In charge of the development of the new application machine\" \/>\n<meta property=\"og:description\" content=\"Sojam is part of the novIGRain team Sustainable storage of grains by implementing a novel protectant and a versatile application technology\" \/>\n<meta property=\"og:url\" content=\"https:\/\/novigrain.eu\/fr\/sojam-france\/\" \/>\n<meta property=\"og:site_name\" content=\"novIGRain\" \/>\n<meta property=\"article:modified_time\" content=\"2021-04-15T14:37:47+00:00\" \/>\n<meta property=\"og:image\" content=\"http:\/\/novigrain.eu\/wp-content\/uploads\/2021\/03\/sojam-.png\" \/>\n\t<meta property=\"og:image:width\" content=\"300\" \/>\n\t<meta property=\"og:image:height\" content=\"150\" \/>\n\t<meta property=\"og:image:type\" content=\"image\/png\" \/>\n<meta name=\"twitter:card\" content=\"summary_large_image\" \/>\n<meta name=\"twitter:label1\" content=\"Dur\u00e9e de lecture estim\u00e9e\" \/>\n\t<meta name=\"twitter:data1\" content=\"1 minute\" \/>\n<script type=\"application\/ld+json\" class=\"yoast-schema-graph\">{\"@context\":\"https:\\\/\\\/schema.org\",\"@graph\":[{\"@type\":\"WebPage\",\"@id\":\"https:\\\/\\\/novigrain.eu\\\/sojam-france\\\/\",\"url\":\"https:\\\/\\\/novigrain.eu\\\/sojam-france\\\/\",\"name\":\"Sojam : In charge of the development of the new application machine\",\"isPartOf\":{\"@id\":\"https:\\\/\\\/novigrain.eu\\\/#website\"},\"primaryImageOfPage\":{\"@id\":\"https:\\\/\\\/novigrain.eu\\\/sojam-france\\\/#primaryimage\"},\"image\":{\"@id\":\"https:\\\/\\\/novigrain.eu\\\/sojam-france\\\/#primaryimage\"},\"thumbnailUrl\":\"https:\\\/\\\/novigrain.eu\\\/wp-content\\\/uploads\\\/2021\\\/03\\\/sojam-.png\",\"datePublished\":\"2021-02-01T21:43:14+00:00\",\"dateModified\":\"2021-04-15T14:37:47+00:00\",\"description\":\"Sojam is part of the novIGRain team Sustainable storage of grains by implementing a novel protectant and a versatile application technology\",\"breadcrumb\":{\"@id\":\"https:\\\/\\\/novigrain.eu\\\/sojam-france\\\/#breadcrumb\"},\"inLanguage\":\"fr-FR\",\"potentialAction\":[{\"@type\":\"ReadAction\",\"target\":[\"https:\\\/\\\/novigrain.eu\\\/sojam-france\\\/\"]}]},{\"@type\":\"ImageObject\",\"inLanguage\":\"fr-FR\",\"@id\":\"https:\\\/\\\/novigrain.eu\\\/sojam-france\\\/#primaryimage\",\"url\":\"https:\\\/\\\/novigrain.eu\\\/wp-content\\\/uploads\\\/2021\\\/03\\\/sojam-.png\",\"contentUrl\":\"https:\\\/\\\/novigrain.eu\\\/wp-content\\\/uploads\\\/2021\\\/03\\\/sojam-.png\",\"width\":300,\"height\":150,\"caption\":\"Sojam novIGRAin : European Union\u2019s 2020 research and innovation programme\"},{\"@type\":\"BreadcrumbList\",\"@id\":\"https:\\\/\\\/novigrain.eu\\\/sojam-france\\\/#breadcrumb\",\"itemListElement\":[{\"@type\":\"ListItem\",\"position\":1,\"name\":\"Accueil\",\"item\":\"https:\\\/\\\/novigrain.eu\\\/\"},{\"@type\":\"ListItem\",\"position\":2,\"name\":\"sojam\"}]},{\"@type\":\"WebSite\",\"@id\":\"https:\\\/\\\/novigrain.eu\\\/#website\",\"url\":\"https:\\\/\\\/novigrain.eu\\\/\",\"name\":\"novIGRain\",\"description\":\"Sustainable storage of grains\",\"potentialAction\":[{\"@type\":\"SearchAction\",\"target\":{\"@type\":\"EntryPoint\",\"urlTemplate\":\"https:\\\/\\\/novigrain.eu\\\/?s={search_term_string}\"},\"query-input\":{\"@type\":\"PropertyValueSpecification\",\"valueRequired\":true,\"valueName\":\"search_term_string\"}}],\"inLanguage\":\"fr-FR\"}]}<\/script>\n<!-- \/ Yoast SEO plugin. -->","yoast_head_json":{"title":"Sojam : In charge of the development of the new application machine","description":"Sojam is part of the novIGRain team Sustainable storage of grains by implementing a novel protectant and a versatile application technology","robots":{"index":"index","follow":"follow","max-snippet":"max-snippet:-1","max-image-preview":"max-image-preview:large","max-video-preview":"max-video-preview:-1"},"canonical":"https:\/\/novigrain.eu\/fr\/sojam-france\/","og_locale":"fr_FR","og_type":"article","og_title":"Sojam : In charge of the development of the new application machine","og_description":"Sojam is part of the novIGRain team Sustainable storage of grains by implementing a novel protectant and a versatile application technology","og_url":"https:\/\/novigrain.eu\/fr\/sojam-france\/","og_site_name":"novIGRain","article_modified_time":"2021-04-15T14:37:47+00:00","og_image":[{"width":300,"height":150,"url":"http:\/\/novigrain.eu\/wp-content\/uploads\/2021\/03\/sojam-.png","type":"image\/png"}],"twitter_card":"summary_large_image","twitter_misc":{"Dur\u00e9e de lecture estim\u00e9e":"1 minute"},"schema":{"@context":"https:\/\/schema.org","@graph":[{"@type":"WebPage","@id":"https:\/\/novigrain.eu\/sojam-france\/","url":"https:\/\/novigrain.eu\/sojam-france\/","name":"Sojam : In charge of the development of the new application machine","isPartOf":{"@id":"https:\/\/novigrain.eu\/#website"},"primaryImageOfPage":{"@id":"https:\/\/novigrain.eu\/sojam-france\/#primaryimage"},"image":{"@id":"https:\/\/novigrain.eu\/sojam-france\/#primaryimage"},"thumbnailUrl":"https:\/\/novigrain.eu\/wp-content\/uploads\/2021\/03\/sojam-.png","datePublished":"2021-02-01T21:43:14+00:00","dateModified":"2021-04-15T14:37:47+00:00","description":"Sojam is part of the novIGRain team Sustainable storage of grains by implementing a novel protectant and a versatile application technology","breadcrumb":{"@id":"https:\/\/novigrain.eu\/sojam-france\/#breadcrumb"},"inLanguage":"fr-FR","potentialAction":[{"@type":"ReadAction","target":["https:\/\/novigrain.eu\/sojam-france\/"]}]},{"@type":"ImageObject","inLanguage":"fr-FR","@id":"https:\/\/novigrain.eu\/sojam-france\/#primaryimage","url":"https:\/\/novigrain.eu\/wp-content\/uploads\/2021\/03\/sojam-.png","contentUrl":"https:\/\/novigrain.eu\/wp-content\/uploads\/2021\/03\/sojam-.png","width":300,"height":150,"caption":"Sojam novIGRAin : European Union\u2019s 2020 research and innovation programme"},{"@type":"BreadcrumbList","@id":"https:\/\/novigrain.eu\/sojam-france\/#breadcrumb","itemListElement":[{"@type":"ListItem","position":1,"name":"Accueil","item":"https:\/\/novigrain.eu\/"},{"@type":"ListItem","position":2,"name":"sojam"}]},{"@type":"WebSite","@id":"https:\/\/novigrain.eu\/#website","url":"https:\/\/novigrain.eu\/","name":"novIGRain","description":"Sustainable storage of grains","potentialAction":[{"@type":"SearchAction","target":{"@type":"EntryPoint","urlTemplate":"https:\/\/novigrain.eu\/?s={search_term_string}"},"query-input":{"@type":"PropertyValueSpecification","valueRequired":true,"valueName":"search_term_string"}}],"inLanguage":"fr-FR"}]}},"_links":{"self":[{"href":"https:\/\/novigrain.eu\/fr\/wp-json\/wp\/v2\/pages\/310","targetHints":{"allow":["GET"]}}],"collection":[{"href":"https:\/\/novigrain.eu\/fr\/wp-json\/wp\/v2\/pages"}],"about":[{"href":"https:\/\/novigrain.eu\/fr\/wp-json\/wp\/v2\/types\/page"}],"author":[{"embeddable":true,"href":"https:\/\/novigrain.eu\/fr\/wp-json\/wp\/v2\/users\/1"}],"replies":[{"embeddable":true,"href":"https:\/\/novigrain.eu\/fr\/wp-json\/wp\/v2\/comments?post=310"}],"version-history":[{"count":12,"href":"https:\/\/novigrain.eu\/fr\/wp-json\/wp\/v2\/pages\/310\/revisions"}],"predecessor-version":[{"id":1005,"href":"https:\/\/novigrain.eu\/fr\/wp-json\/wp\/v2\/pages\/310\/revisions\/1005"}],"wp:featuredmedia":[{"embeddable":true,"href":"https:\/\/novigrain.eu\/fr\/wp-json\/wp\/v2\/media\/900"}],"wp:attachment":[{"href":"https:\/\/novigrain.eu\/fr\/wp-json\/wp\/v2\/media?parent=310"}],"curies":[{"name":"wp","href":"https:\/\/api.w.org\/{rel}","templated":true}]}}