{"id":188,"date":"2021-01-26T00:04:59","date_gmt":"2021-01-25T23:04:59","guid":{"rendered":"http:\/\/photographik.fr\/?page_id=188"},"modified":"2021-04-27T14:23:29","modified_gmt":"2021-04-27T12:23:29","slug":"resistance-research","status":"publish","type":"page","link":"https:\/\/novigrain.eu\/fr\/resistance-research\/","title":{"rendered":"Recherche sur la r\u00e9sistance"},"content":{"rendered":"<div class=\"row row-full-width\"  id=\"row-1899424821\">\n\n\t<div id=\"col-1306896560\" class=\"col small-12 large-12\"  >\n\t\t\t\t<div class=\"col-inner\"  >\n\t\t\t\n\t\t\t\n\t<section class=\"section\" id=\"section_950662345\">\n\t\t<div class=\"bg section-bg fill bg-fill\" >\n\n\t\t\t\n\t\t\t\n\t\t\t\n\n\t\t<\/div>\n\n\t\t\n\n\t\t<div class=\"section-content relative\">\n\t\t\t\n\t\t<\/div>\n\n\t\t\n<style>\n#section_950662345 {\n  padding-top: 30px;\n  padding-bottom: 30px;\n  min-height: 350px;\n}\n#section_950662345 .section-bg.bg-loaded {\n  background-image: url(https:\/\/novigrain.eu\/wp-content\/uploads\/2021\/01\/meadow-of-wheat-LTNHFVU-scaled-1.jpg);\n}\n#section_950662345 .section-bg {\n  background-position: 36% 69%;\n}\n#section_950662345 .ux-shape-divider--top svg {\n  height: 150px;\n  --divider-top-width: 100%;\n}\n#section_950662345 .ux-shape-divider--bottom svg {\n  height: 150px;\n  --divider-width: 100%;\n}\n@media (min-width:550px) {\n  #section_950662345 {\n    min-height: 350px;\n  }\n}\n<\/style>\n\t<\/section>\n\t\n\t\t<\/div>\n\t\t\t\t\n<style>\n#col-1306896560 > .col-inner {\n  padding: 15px 0px 0px 0px;\n}\n@media (min-width:550px) {\n  #col-1306896560 > .col-inner {\n    padding: 0% 0% 0px 3%;\n  }\n}\n<\/style>\n\t<\/div>\n\n\t\n<\/div>\n<div class=\"row align-center\"  id=\"row-1013998407\">\n\n\t<div id=\"col-1826763408\" class=\"col medium-9 small-12 large-9\"  >\n\t\t\t\t<div class=\"col-inner text-center dark\" style=\"background-color:rgb(59, 117, 40);\" >\n\t\t\t\n\t\t\t\n\t<div id=\"text-3912529769\" class=\"text\">\n\t\t\n<h1 class=\"uppercase\" style=\"text-align: center;\">Recherche sur la r\u00e9sistance<\/h1>\n\t\t\n<style>\n#text-3912529769 {\n  font-size: 1.5rem;\n}\n@media (min-width:550px) {\n  #text-3912529769 {\n    font-size: 1.3rem;\n  }\n}\n@media (min-width:850px) {\n  #text-3912529769 {\n    font-size: 1.75rem;\n  }\n}\n<\/style>\n\t<\/div>\n\t\n\t\t<\/div>\n\t\t\t\t\n<style>\n#col-1826763408 > .col-inner {\n  padding: 20px 20px 30px 20px;\n  margin: -50px 0px 0px 0px;\n}\n@media (min-width:550px) {\n  #col-1826763408 > .col-inner {\n    padding: 50px 0px 32px 0px;\n    margin: -120px 0px 0px 0px;\n  }\n}\n<\/style>\n\t<\/div>\n\n\t\n<\/div>\n\t<section class=\"section\" id=\"section_640947050\">\n\t\t<div class=\"bg section-bg fill bg-fill  bg-loaded\" >\n\n\t\t\t\n\t\t\t\n\t\t\t\n\n\t\t<\/div>\n\n\t\t\n\n\t\t<div class=\"section-content relative\">\n\t\t\t\n<div class=\"row\" style=\"max-width:1336px\" id=\"row-93555915\">\n\n\t<div id=\"col-317500009\" class=\"col small-12 large-12\"  >\n\t\t\t\t<div class=\"col-inner text-center\"  >\n\t\t\t\n\t\t\t\n<p><span style=\"font-weight: 400; font-size: 100%;\">Afin de parvenir \u00e0 une gestion plus durable du stockage des grains dans toute l'Europe, il est n\u00e9cessaire de commencer par \u00e9valuer les informations d\u00e9j\u00e0 disponibles \u00e0 partir de recherches ant\u00e9rieures et d'exp\u00e9riences sur le terrain et de les convertir dans un format plus convivial. Aujourd'hui, il n'existe pas de donn\u00e9es, d'outils ou d'informations claires pour l'\u00e9valuation du risque de r\u00e9sistance des insectes aux PPP de stockage des grains liquides. Ce manque d'informations a pour cons\u00e9quence qu'en fin de compte, l'exploitant du silo applique une approche de type \"bo\u00eete noire\" lorsqu'il s'agit de la gestion de son stockage de grains : l'exploitant applique les techniques et les produits qu'il juge adapt\u00e9s \u00e0 son objectif et qui s'av\u00e8rent \u00eatre la solution la moins ch\u00e8re, sans \u00eatre capable de \"pr\u00e9voir\" le r\u00e9sultat. Si une r\u00e9sistance devait appara\u00eetre, elle n'est constat\u00e9e que lorsque le mal est fait.\u00a0<\/span><\/p>\n<p><span style=\"font-weight: 400;\">C'est pourquoi la premi\u00e8re \u00e9tape du projet consiste \u00e0 collecter et \u00e0 combiner toutes les informations disponibles dans un outil d'aide \u00e0 la d\u00e9cision incluant les contributions des parties prenantes et des experts. L'\u00e9valuation sera faite de la situation actuelle de l'occurrence de la r\u00e9sistance des ravageurs de stockage aux pesticides utilis\u00e9s dans les r\u00e9gions de l'UE et dans diff\u00e9rents types d'installations agroalimentaires. Dans une deuxi\u00e8me phase, l'\u00e9valuation de l'efficacit\u00e9 de nouveaux produits juv\u00e9no\u00efdes pour les ravageurs r\u00e9sistants aux insecticides pyr\u00e9thro\u00efdes et organophosphor\u00e9s et aux fumigants \u00e0 base de phosphine sera \u00e9galement r\u00e9alis\u00e9e.\u00a0<\/span><\/p>\n\t\t<\/div>\n\t\t\t\t\n<style>\n#col-317500009 > .col-inner {\n  padding: 0px 0 0px 0px;\n}\n@media (min-width:550px) {\n  #col-317500009 > .col-inner {\n    padding: 0px 0px 0px 0px;\n  }\n}\n<\/style>\n\t<\/div>\n\n\t\n<\/div>\n\t\t<\/div>\n\n\t\t\n<style>\n#section_640947050 {\n  padding-top: 30px;\n  padding-bottom: 30px;\n}\n#section_640947050 .ux-shape-divider--top svg {\n  height: 150px;\n  --divider-top-width: 100%;\n}\n#section_640947050 .ux-shape-divider--bottom svg {\n  height: 150px;\n  --divider-width: 100%;\n}\n<\/style>\n\t<\/section>\n\t\n\t<section class=\"section\" id=\"section_1004416161\">\n\t\t<div class=\"bg section-bg fill bg-fill\" >\n\n\t\t\t\n\t\t\t<div class=\"section-bg-overlay absolute fill\"><\/div>\n\t\t\t\n\n\t\t<\/div>\n\n\t\t\n\n\t\t<div class=\"section-content relative\">\n\t\t\t\n<div class=\"row\" style=\"max-width:1287px\" id=\"row-89737314\">\n\n\t<div id=\"col-618439980\" class=\"col small-12 large-12\"  >\n\t\t\t\t<div class=\"col-inner text-center\"  >\n\t\t\t\n\t\t\t\n<p><span style=\"font-weight: 400; color: #008000;\">En r\u00e9sum\u00e9, notre travail consiste \u00e0 rechercher et \u00e0 compiler les informations disponibles sur la r\u00e9sistance des PPP dans un outil ou un mod\u00e8le convivial. La combinaison avec d'autres techniques de gestion du stockage courantes et\/ou \u00e0 venir sera \u00e9galement \u00e9valu\u00e9e. Cet outil fournira pour chaque technique de gestion du stockage des informations sur les risques de r\u00e9sistance aux PPP. L'outil ne \"mod\u00e9lisera\" pas de chiffres ou de donn\u00e9es concr\u00e8tes, mais se concentrera davantage sur un outil \"facile d'acc\u00e8s\" pour la fourniture d'informations. En fournissant toutes les informations, il sera plus facile pour les parties prenantes impliqu\u00e9es de prendre des d\u00e9cisions bien \u00e9tay\u00e9es sur les techniques de gestion.<\/span><\/p>\n\t\t<\/div>\n\t\t\t\t\n<style>\n#col-618439980 > .col-inner {\n  padding: 0px 0 0px 0px;\n}\n@media (min-width:550px) {\n  #col-618439980 > .col-inner {\n    padding: 0px 0px 0px 0px;\n  }\n}\n<\/style>\n\t<\/div>\n\n\t\n<\/div>\n\t\t<\/div>\n\n\t\t\n<style>\n#section_1004416161 {\n  padding-top: 22px;\n  padding-bottom: 22px;\n}\n#section_1004416161 .section-bg-overlay {\n  background-color: rgba(245, 241, 241, 0.872);\n}\n#section_1004416161 .section-bg.bg-loaded {\n  background-image: url(https:\/\/novigrain.eu\/wp-content\/uploads\/2021\/02\/justin-hu-dfVz5ute9Tk-unsplash.jpg);\n}\n#section_1004416161 .ux-shape-divider--top svg {\n  height: 150px;\n  --divider-top-width: 100%;\n}\n#section_1004416161 .ux-shape-divider--bottom svg {\n  height: 150px;\n  --divider-width: 100%;\n}\n<\/style>\n\t<\/section>\n\t\n\t<section class=\"section\" id=\"section_1719433561\">\n\t\t<div class=\"bg section-bg fill bg-fill  bg-loaded\" >\n\n\t\t\t\n\t\t\t\n\t\t\t\n\n\t\t<\/div>\n\n\t\t\n\n\t\t<div class=\"section-content relative\">\n\t\t\t\n<div class=\"row\" style=\"max-width:1336px\" id=\"row-1575856101\">\n\n\t<div id=\"col-1613080642\" class=\"col small-12 large-12\"  >\n\t\t\t\t<div class=\"col-inner text-center\"  >\n\t\t\t\n\t\t\t\n<p><span style=\"font-weight: 400; font-size: 100%;\">L'objectif est d'\u00e9valuer la situation actuelle de l'occurrence de la r\u00e9sistance des ravageurs de stockage aux pesticides utilis\u00e9s dans les r\u00e9gions de l'UE et dans diff\u00e9rents types d'installations agroalimentaires, ainsi que l'efficacit\u00e9 des nouveaux produits juv\u00e9no\u00efdes pour les ravageurs r\u00e9sistants aux insecticides pyr\u00e9thro\u00efdes et organophosphor\u00e9s et aux fumigants \u00e0 base de phosphine. L'objectif est \u00e9galement d'\u00e9tablir des proc\u00e9dures de prise de d\u00e9cision en mati\u00e8re de lutte contre les parasites et des strat\u00e9gies anti-r\u00e9sistance qui permettront aux utilisateurs finaux de s\u00e9lectionner une pr\u00e9paration efficace en termes de r\u00e9sistance actuelle aux insecticides dans l'UE. Un autre objectif est de contribuer \u00e0 l'att\u00e9nuation des risques li\u00e9s aux insecticides neurotoxiques et aux fumigants toxiques en les rempla\u00e7ant partiellement par un produit larvicide au profil toxicologique favorable pour les mammif\u00e8res, contenant des supports \u00e0 base d'huile v\u00e9g\u00e9tale d'origine renouvelable.\u00a0<\/span><\/p>\n\t\t<\/div>\n\t\t\t\t\n<style>\n#col-1613080642 > .col-inner {\n  padding: 0px 0 0px 0px;\n}\n@media (min-width:550px) {\n  #col-1613080642 > .col-inner {\n    padding: 0px 0px 0px 0px;\n  }\n}\n<\/style>\n\t<\/div>\n\n\t\n<\/div>\n\t\t<\/div>\n\n\t\t\n<style>\n#section_1719433561 {\n  padding-top: 30px;\n  padding-bottom: 30px;\n}\n#section_1719433561 .ux-shape-divider--top svg {\n  height: 150px;\n  --divider-top-width: 100%;\n}\n#section_1719433561 .ux-shape-divider--bottom svg {\n  height: 150px;\n  --divider-width: 100%;\n}\n<\/style>\n\t<\/section>","protected":false},"excerpt":{"rendered":"","protected":false},"author":1,"featured_media":0,"parent":0,"menu_order":0,"comment_status":"closed","ping_status":"closed","template":"page-blank.php","meta":{"footnotes":""},"class_list":["post-188","page","type-page","status-publish","hentry"],"yoast_head":"<!-- This site is optimized with the Yoast SEO plugin v27.3 - https:\/\/yoast.com\/product\/yoast-seo-wordpress\/ -->\n<title>Resistance Research novIGRain European Union\u2019s 2020 project<\/title>\n<meta name=\"description\" content=\"Objectives of Sustainable storage of grains by implementing a novel protectant and a versatile application technology agreement 101000663.\" \/>\n<meta name=\"robots\" content=\"index, follow, max-snippet:-1, max-image-preview:large, max-video-preview:-1\" \/>\n<link rel=\"canonical\" href=\"https:\/\/novigrain.eu\/fr\/resistance-research\/\" \/>\n<meta property=\"og:locale\" content=\"fr_FR\" \/>\n<meta property=\"og:type\" content=\"article\" \/>\n<meta property=\"og:title\" content=\"Resistance Research novIGRain European Union\u2019s 2020 project\" \/>\n<meta property=\"og:description\" content=\"Objectives of Sustainable storage of grains by implementing a novel protectant and a versatile application technology agreement 101000663.\" \/>\n<meta property=\"og:url\" content=\"https:\/\/novigrain.eu\/fr\/resistance-research\/\" \/>\n<meta property=\"og:site_name\" content=\"novIGRain\" \/>\n<meta property=\"article:modified_time\" content=\"2021-04-27T12:23:29+00:00\" \/>\n<meta name=\"twitter:card\" content=\"summary_large_image\" \/>\n<meta name=\"twitter:label1\" content=\"Dur\u00e9e de lecture estim\u00e9e\" \/>\n\t<meta name=\"twitter:data1\" content=\"3 minutes\" \/>\n<script type=\"application\/ld+json\" class=\"yoast-schema-graph\">{\"@context\":\"https:\\\/\\\/schema.org\",\"@graph\":[{\"@type\":\"WebPage\",\"@id\":\"https:\\\/\\\/novigrain.eu\\\/resistance-research\\\/\",\"url\":\"https:\\\/\\\/novigrain.eu\\\/resistance-research\\\/\",\"name\":\"Resistance Research novIGRain European Union\u2019s 2020 project\",\"isPartOf\":{\"@id\":\"https:\\\/\\\/novigrain.eu\\\/#website\"},\"datePublished\":\"2021-01-25T23:04:59+00:00\",\"dateModified\":\"2021-04-27T12:23:29+00:00\",\"description\":\"Objectives of Sustainable storage of grains by implementing a novel protectant and a versatile application technology agreement 101000663.\",\"breadcrumb\":{\"@id\":\"https:\\\/\\\/novigrain.eu\\\/resistance-research\\\/#breadcrumb\"},\"inLanguage\":\"fr-FR\",\"potentialAction\":[{\"@type\":\"ReadAction\",\"target\":[\"https:\\\/\\\/novigrain.eu\\\/resistance-research\\\/\"]}]},{\"@type\":\"BreadcrumbList\",\"@id\":\"https:\\\/\\\/novigrain.eu\\\/resistance-research\\\/#breadcrumb\",\"itemListElement\":[{\"@type\":\"ListItem\",\"position\":1,\"name\":\"Accueil\",\"item\":\"https:\\\/\\\/novigrain.eu\\\/\"},{\"@type\":\"ListItem\",\"position\":2,\"name\":\"Resistance Research\"}]},{\"@type\":\"WebSite\",\"@id\":\"https:\\\/\\\/novigrain.eu\\\/#website\",\"url\":\"https:\\\/\\\/novigrain.eu\\\/\",\"name\":\"novIGRain\",\"description\":\"Sustainable storage of grains\",\"potentialAction\":[{\"@type\":\"SearchAction\",\"target\":{\"@type\":\"EntryPoint\",\"urlTemplate\":\"https:\\\/\\\/novigrain.eu\\\/?s={search_term_string}\"},\"query-input\":{\"@type\":\"PropertyValueSpecification\",\"valueRequired\":true,\"valueName\":\"search_term_string\"}}],\"inLanguage\":\"fr-FR\"}]}<\/script>\n<!-- \/ Yoast SEO plugin. -->","yoast_head_json":{"title":"Resistance Research novIGRain European Union\u2019s 2020 project","description":"Objectives of Sustainable storage of grains by implementing a novel protectant and a versatile application technology agreement 101000663.","robots":{"index":"index","follow":"follow","max-snippet":"max-snippet:-1","max-image-preview":"max-image-preview:large","max-video-preview":"max-video-preview:-1"},"canonical":"https:\/\/novigrain.eu\/fr\/resistance-research\/","og_locale":"fr_FR","og_type":"article","og_title":"Resistance Research novIGRain European Union\u2019s 2020 project","og_description":"Objectives of Sustainable storage of grains by implementing a novel protectant and a versatile application technology agreement 101000663.","og_url":"https:\/\/novigrain.eu\/fr\/resistance-research\/","og_site_name":"novIGRain","article_modified_time":"2021-04-27T12:23:29+00:00","twitter_card":"summary_large_image","twitter_misc":{"Dur\u00e9e de lecture estim\u00e9e":"3 minutes"},"schema":{"@context":"https:\/\/schema.org","@graph":[{"@type":"WebPage","@id":"https:\/\/novigrain.eu\/resistance-research\/","url":"https:\/\/novigrain.eu\/resistance-research\/","name":"Resistance Research novIGRain European Union\u2019s 2020 project","isPartOf":{"@id":"https:\/\/novigrain.eu\/#website"},"datePublished":"2021-01-25T23:04:59+00:00","dateModified":"2021-04-27T12:23:29+00:00","description":"Objectives of Sustainable storage of grains by implementing a novel protectant and a versatile application technology agreement 101000663.","breadcrumb":{"@id":"https:\/\/novigrain.eu\/resistance-research\/#breadcrumb"},"inLanguage":"fr-FR","potentialAction":[{"@type":"ReadAction","target":["https:\/\/novigrain.eu\/resistance-research\/"]}]},{"@type":"BreadcrumbList","@id":"https:\/\/novigrain.eu\/resistance-research\/#breadcrumb","itemListElement":[{"@type":"ListItem","position":1,"name":"Accueil","item":"https:\/\/novigrain.eu\/"},{"@type":"ListItem","position":2,"name":"Resistance Research"}]},{"@type":"WebSite","@id":"https:\/\/novigrain.eu\/#website","url":"https:\/\/novigrain.eu\/","name":"novIGRain","description":"Sustainable storage of grains","potentialAction":[{"@type":"SearchAction","target":{"@type":"EntryPoint","urlTemplate":"https:\/\/novigrain.eu\/?s={search_term_string}"},"query-input":{"@type":"PropertyValueSpecification","valueRequired":true,"valueName":"search_term_string"}}],"inLanguage":"fr-FR"}]}},"_links":{"self":[{"href":"https:\/\/novigrain.eu\/fr\/wp-json\/wp\/v2\/pages\/188","targetHints":{"allow":["GET"]}}],"collection":[{"href":"https:\/\/novigrain.eu\/fr\/wp-json\/wp\/v2\/pages"}],"about":[{"href":"https:\/\/novigrain.eu\/fr\/wp-json\/wp\/v2\/types\/page"}],"author":[{"embeddable":true,"href":"https:\/\/novigrain.eu\/fr\/wp-json\/wp\/v2\/users\/1"}],"replies":[{"embeddable":true,"href":"https:\/\/novigrain.eu\/fr\/wp-json\/wp\/v2\/comments?post=188"}],"version-history":[{"count":23,"href":"https:\/\/novigrain.eu\/fr\/wp-json\/wp\/v2\/pages\/188\/revisions"}],"predecessor-version":[{"id":1048,"href":"https:\/\/novigrain.eu\/fr\/wp-json\/wp\/v2\/pages\/188\/revisions\/1048"}],"wp:attachment":[{"href":"https:\/\/novigrain.eu\/fr\/wp-json\/wp\/v2\/media?parent=188"}],"curies":[{"name":"wp","href":"https:\/\/api.w.org\/{rel}","templated":true}]}}